{"id":1787,"date":"2018-09-22T12:50:12","date_gmt":"2018-09-22T15:50:12","guid":{"rendered":"http:\/\/www.sistemafaeal.org.br\/senar\/?page_id=1787"},"modified":"2024-05-10T16:46:34","modified_gmt":"2024-05-10T19:46:34","slug":"eventos","status":"publish","type":"page","link":"https:\/\/www.sistemafaeal.org.br\/senar\/eventos\/","title":{"rendered":"Eventos"},"content":{"rendered":"\t\t<div data-elementor-type=\"wp-page\" data-elementor-id=\"1787\" class=\"elementor elementor-1787\">\n\t\t\t\t\t\t<section class=\"elementor-section elementor-top-section elementor-element elementor-element-2f98fd5 elementor-section-boxed elementor-section-height-default elementor-section-height-default\" data-id=\"2f98fd5\" data-element_type=\"section\" data-e-type=\"section\">\n\t\t\t\t\t\t<div class=\"elementor-container elementor-column-gap-default\">\n\t\t\t\t\t<div class=\"elementor-column elementor-col-100 elementor-top-column elementor-element elementor-element-07da10d\" data-id=\"07da10d\" data-element_type=\"column\" data-e-type=\"column\">\n\t\t\t<div class=\"elementor-widget-wrap elementor-element-populated\">\n\t\t\t\t\t\t<div class=\"elementor-element elementor-element-6db4c56 elementor-widget elementor-widget-raven-posts\" data-id=\"6db4c56\" data-element_type=\"widget\" data-e-type=\"widget\" data-settings=\"{&quot;_skin&quot;:&quot;classic&quot;,&quot;classic_layout&quot;:&quot;grid&quot;,&quot;classic_columns&quot;:&quot;3&quot;,&quot;classic_columns_tablet&quot;:&quot;2&quot;,&quot;classic_columns_mobile&quot;:&quot;1&quot;,&quot;query_posts_per_page&quot;:6,&quot;query_offset&quot;:0}\" data-widget_type=\"raven-posts.classic\">\n\t\t\t\t<div class=\"elementor-widget-container\">\n\t\t\t\t\t\t\t<div class=\"raven-posts raven-grid raven-grid-3 raven-grid-mobile-1 raven-grid-tablet-2\" data-post-id=\"1787\" data-archive-query=\"\" data-lang=\"\">\n\t\t\t\t<div class=\"raven-grid-item raven-post-item post-8669 post type-post status-publish format-standard has-post-thumbnail hentry category-cursos category-eventos category-noticias\">\n\t\t\t<div class=\"raven-post\">\n\t\t\t\t\t\t<div class=\"raven-post-image-wrap\">\n\t\t\t<a class=\"raven-post-image raven-image-fit\" href=\"https:\/\/www.sistemafaeal.org.br\/senar\/sistema-faeal-senar-fortalece-qualificacao-profissional-com-educacao-corporativa\/\"><img fetchpriority=\"high\" decoding=\"async\" width=\"1024\" height=\"768\" src=\"https:\/\/www.sistemafaeal.org.br\/senar\/wp-content\/uploads\/2026\/03\/edcorp02-1024x768.jpeg\" class=\"attachment-large size-large wp-image-8670\" alt=\"\" srcset=\"https:\/\/www.sistemafaeal.org.br\/senar\/wp-content\/uploads\/2026\/03\/edcorp02-1024x768.jpeg 1024w, https:\/\/www.sistemafaeal.org.br\/senar\/wp-content\/uploads\/2026\/03\/edcorp02-300x225.jpeg 300w, https:\/\/www.sistemafaeal.org.br\/senar\/wp-content\/uploads\/2026\/03\/edcorp02-768x576.jpeg 768w, https:\/\/www.sistemafaeal.org.br\/senar\/wp-content\/uploads\/2026\/03\/edcorp02-600x450.jpeg 600w, https:\/\/www.sistemafaeal.org.br\/senar\/wp-content\/uploads\/2026\/03\/edcorp02.jpeg 1280w\" sizes=\"(max-width: 1024px) 100vw, 1024px\" \/> <span class=\"raven-post-image-overlay\"><\/span><\/a>\t\t<\/div>\n\t\t\t\t\t\t<div class=\"raven-post-content\">\n\t\t\t\t\t<h3 class=\"raven-post-title\"><a class=\"raven-post-title-link\" href=\"https:\/\/www.sistemafaeal.org.br\/senar\/sistema-faeal-senar-fortalece-qualificacao-profissional-com-educacao-corporativa\/\">Sistema Faeal\/Senar fortalece qualifica\u00e7\u00e3o\u00a0profissional com plataforma de Educa\u00e7\u00e3o Corporativa<\/a><\/h3>\t\t\t\t<\/div>\n\t\t\t<\/div>\n\t\t<\/div>\n\t\t\t\t<div class=\"raven-grid-item raven-post-item post-8659 post type-post status-publish format-standard has-post-thumbnail hentry category-ateg category-eventos category-noticias\">\n\t\t\t<div class=\"raven-post\">\n\t\t\t\t\t\t<div class=\"raven-post-image-wrap\">\n\t\t\t<a class=\"raven-post-image raven-image-fit\" href=\"https:\/\/www.sistemafaeal.org.br\/senar\/senar-alagoas-leva-orientacao-tecnica-sobre-prevencao-e-controle-da-mastite-a-produtores-rurais-de-maravilha\/\"><img decoding=\"async\" width=\"1024\" height=\"843\" src=\"https:\/\/www.sistemafaeal.org.br\/senar\/wp-content\/uploads\/2026\/03\/maravilha03-1024x843.jpeg\" class=\"attachment-large size-large wp-image-8660\" alt=\"\" srcset=\"https:\/\/www.sistemafaeal.org.br\/senar\/wp-content\/uploads\/2026\/03\/maravilha03-1024x843.jpeg 1024w, https:\/\/www.sistemafaeal.org.br\/senar\/wp-content\/uploads\/2026\/03\/maravilha03-300x247.jpeg 300w, https:\/\/www.sistemafaeal.org.br\/senar\/wp-content\/uploads\/2026\/03\/maravilha03-768x633.jpeg 768w, https:\/\/www.sistemafaeal.org.br\/senar\/wp-content\/uploads\/2026\/03\/maravilha03-600x494.jpeg 600w, https:\/\/www.sistemafaeal.org.br\/senar\/wp-content\/uploads\/2026\/03\/maravilha03.jpeg 1191w\" sizes=\"(max-width: 1024px) 100vw, 1024px\" \/> <span class=\"raven-post-image-overlay\"><\/span><\/a>\t\t<\/div>\n\t\t\t\t\t\t<div class=\"raven-post-content\">\n\t\t\t\t\t<h3 class=\"raven-post-title\"><a class=\"raven-post-title-link\" href=\"https:\/\/www.sistemafaeal.org.br\/senar\/senar-alagoas-leva-orientacao-tecnica-sobre-prevencao-e-controle-da-mastite-a-produtores-rurais-de-maravilha\/\">Senar Alagoas leva orienta\u00e7\u00e3o t\u00e9cnica sobre preven\u00e7\u00e3o e controle da mastite a produtores rurais de Maravilha<\/a><\/h3>\t\t\t\t<\/div>\n\t\t\t<\/div>\n\t\t<\/div>\n\t\t\t\t<div class=\"raven-grid-item raven-post-item post-8654 post type-post status-publish format-standard has-post-thumbnail hentry category-ateg category-cursos category-eventos\">\n\t\t\t<div class=\"raven-post\">\n\t\t\t\t\t\t<div class=\"raven-post-image-wrap\">\n\t\t\t<a class=\"raven-post-image raven-image-fit\" href=\"https:\/\/www.sistemafaeal.org.br\/senar\/vaqueiro-do-futuro-do-senar-comeca-com-foco-na-qualificacao-e-valorizacao-da-mao-de-obra-da-pecuaria-alagoana\/\"><img decoding=\"async\" width=\"1024\" height=\"666\" src=\"https:\/\/www.sistemafaeal.org.br\/senar\/wp-content\/uploads\/2026\/03\/vaqueiro1-1024x666.jpeg\" class=\"attachment-large size-large wp-image-8655\" alt=\"\" srcset=\"https:\/\/www.sistemafaeal.org.br\/senar\/wp-content\/uploads\/2026\/03\/vaqueiro1-1024x666.jpeg 1024w, https:\/\/www.sistemafaeal.org.br\/senar\/wp-content\/uploads\/2026\/03\/vaqueiro1-300x195.jpeg 300w, https:\/\/www.sistemafaeal.org.br\/senar\/wp-content\/uploads\/2026\/03\/vaqueiro1-768x500.jpeg 768w, https:\/\/www.sistemafaeal.org.br\/senar\/wp-content\/uploads\/2026\/03\/vaqueiro1-600x390.jpeg 600w, https:\/\/www.sistemafaeal.org.br\/senar\/wp-content\/uploads\/2026\/03\/vaqueiro1.jpeg 1280w\" sizes=\"(max-width: 1024px) 100vw, 1024px\" \/> <span class=\"raven-post-image-overlay\"><\/span><\/a>\t\t<\/div>\n\t\t\t\t\t\t<div class=\"raven-post-content\">\n\t\t\t\t\t<h3 class=\"raven-post-title\"><a class=\"raven-post-title-link\" href=\"https:\/\/www.sistemafaeal.org.br\/senar\/vaqueiro-do-futuro-do-senar-comeca-com-foco-na-qualificacao-e-valorizacao-da-mao-de-obra-da-pecuaria-alagoana\/\">\u201cVaqueiro do Futuro\u201d do Senar come\u00e7a com foco na qualifica\u00e7\u00e3o e valoriza\u00e7\u00e3o da m\u00e3o de obra da pecu\u00e1ria alagoana<\/a><\/h3>\t\t\t\t<\/div>\n\t\t\t<\/div>\n\t\t<\/div>\n\t\t\t\t<div class=\"raven-grid-item raven-post-item post-8614 post type-post status-publish format-standard has-post-thumbnail hentry category-ateg category-coluna-do-produtor-rural category-eventos category-noticias\">\n\t\t\t<div class=\"raven-post\">\n\t\t\t\t\t\t<div class=\"raven-post-image-wrap\">\n\t\t\t<a class=\"raven-post-image raven-image-fit\" href=\"https:\/\/www.sistemafaeal.org.br\/senar\/selecionados-da-primeira-turma-de-residencia-agropecuaria-participam-de-reuniao-de-alinhamento-no-sistema-faeal-senar\/\"><img loading=\"lazy\" decoding=\"async\" width=\"1024\" height=\"768\" src=\"https:\/\/www.sistemafaeal.org.br\/senar\/wp-content\/uploads\/2026\/01\/resid1-1024x768.jpeg\" class=\"attachment-large size-large wp-image-8615\" alt=\"\" srcset=\"https:\/\/www.sistemafaeal.org.br\/senar\/wp-content\/uploads\/2026\/01\/resid1-1024x768.jpeg 1024w, https:\/\/www.sistemafaeal.org.br\/senar\/wp-content\/uploads\/2026\/01\/resid1-300x225.jpeg 300w, https:\/\/www.sistemafaeal.org.br\/senar\/wp-content\/uploads\/2026\/01\/resid1-768x576.jpeg 768w, https:\/\/www.sistemafaeal.org.br\/senar\/wp-content\/uploads\/2026\/01\/resid1-600x450.jpeg 600w, https:\/\/www.sistemafaeal.org.br\/senar\/wp-content\/uploads\/2026\/01\/resid1.jpeg 1280w\" sizes=\"(max-width: 1024px) 100vw, 1024px\" \/> <span class=\"raven-post-image-overlay\"><\/span><\/a>\t\t<\/div>\n\t\t\t\t\t\t<div class=\"raven-post-content\">\n\t\t\t\t\t<h3 class=\"raven-post-title\"><a class=\"raven-post-title-link\" href=\"https:\/\/www.sistemafaeal.org.br\/senar\/selecionados-da-primeira-turma-de-residencia-agropecuaria-participam-de-reuniao-de-alinhamento-no-sistema-faeal-senar\/\">Selecionados da primeira turma de Resid\u00eancia Agropecu\u00e1ria participam de reuni\u00e3o de alinhamento no Sistema Faeal\/Senar<\/a><\/h3>\t\t\t\t<\/div>\n\t\t\t<\/div>\n\t\t<\/div>\n\t\t\t\t<div class=\"raven-grid-item raven-post-item post-8609 post type-post status-publish format-standard has-post-thumbnail hentry category-coluna-do-produtor-rural category-eventos category-noticias\">\n\t\t\t<div class=\"raven-post\">\n\t\t\t\t\t\t<div class=\"raven-post-image-wrap\">\n\t\t\t<a class=\"raven-post-image raven-image-fit\" href=\"https:\/\/www.sistemafaeal.org.br\/senar\/senar-e-prefeitura-de-sao-miguel-dos-campos-oficializam-registro-do-terreno-onde-sera-erguido-novo-centro-de-treinamento\/\"><img loading=\"lazy\" decoding=\"async\" width=\"1024\" height=\"768\" src=\"https:\/\/www.sistemafaeal.org.br\/senar\/wp-content\/uploads\/2025\/12\/smiguel-1024x768.jpeg\" class=\"attachment-large size-large wp-image-8610\" alt=\"\" srcset=\"https:\/\/www.sistemafaeal.org.br\/senar\/wp-content\/uploads\/2025\/12\/smiguel-1024x768.jpeg 1024w, https:\/\/www.sistemafaeal.org.br\/senar\/wp-content\/uploads\/2025\/12\/smiguel-300x225.jpeg 300w, https:\/\/www.sistemafaeal.org.br\/senar\/wp-content\/uploads\/2025\/12\/smiguel-768x576.jpeg 768w, https:\/\/www.sistemafaeal.org.br\/senar\/wp-content\/uploads\/2025\/12\/smiguel-1536x1152.jpeg 1536w, https:\/\/www.sistemafaeal.org.br\/senar\/wp-content\/uploads\/2025\/12\/smiguel-600x450.jpeg 600w, https:\/\/www.sistemafaeal.org.br\/senar\/wp-content\/uploads\/2025\/12\/smiguel.jpeg 1600w\" sizes=\"(max-width: 1024px) 100vw, 1024px\" \/> <span class=\"raven-post-image-overlay\"><\/span><\/a>\t\t<\/div>\n\t\t\t\t\t\t<div class=\"raven-post-content\">\n\t\t\t\t\t<h3 class=\"raven-post-title\"><a class=\"raven-post-title-link\" href=\"https:\/\/www.sistemafaeal.org.br\/senar\/senar-e-prefeitura-de-sao-miguel-dos-campos-oficializam-registro-do-terreno-onde-sera-erguido-novo-centro-de-treinamento\/\">Senar e Prefeitura de S\u00e3o Miguel dos Campos oficializam registro do terreno onde ser\u00e1 constru\u00eddo novo centro de treinamento<\/a><\/h3>\t\t\t\t<\/div>\n\t\t\t<\/div>\n\t\t<\/div>\n\t\t\t\t<div class=\"raven-grid-item raven-post-item post-8581 post type-post status-publish format-standard has-post-thumbnail hentry category-cursos category-eventos category-mais-pasto category-noticias\">\n\t\t\t<div class=\"raven-post\">\n\t\t\t\t\t\t<div class=\"raven-post-image-wrap\">\n\t\t\t<a class=\"raven-post-image raven-image-fit\" href=\"https:\/\/www.sistemafaeal.org.br\/senar\/sistema-faeal-senar-abre-inscricoes-para-capacitacao-vaqueiro-do-futuro-em-alagoas\/\"><img loading=\"lazy\" decoding=\"async\" width=\"1024\" height=\"768\" src=\"https:\/\/www.sistemafaeal.org.br\/senar\/wp-content\/uploads\/2025\/11\/vaqueiro-1024x768.jpeg\" class=\"attachment-large size-large wp-image-8582\" alt=\"\" srcset=\"https:\/\/www.sistemafaeal.org.br\/senar\/wp-content\/uploads\/2025\/11\/vaqueiro-1024x768.jpeg 1024w, https:\/\/www.sistemafaeal.org.br\/senar\/wp-content\/uploads\/2025\/11\/vaqueiro-300x225.jpeg 300w, https:\/\/www.sistemafaeal.org.br\/senar\/wp-content\/uploads\/2025\/11\/vaqueiro-768x576.jpeg 768w, https:\/\/www.sistemafaeal.org.br\/senar\/wp-content\/uploads\/2025\/11\/vaqueiro-600x450.jpeg 600w, https:\/\/www.sistemafaeal.org.br\/senar\/wp-content\/uploads\/2025\/11\/vaqueiro.jpeg 1280w\" sizes=\"(max-width: 1024px) 100vw, 1024px\" \/> <span class=\"raven-post-image-overlay\"><\/span><\/a>\t\t<\/div>\n\t\t\t\t\t\t<div class=\"raven-post-content\">\n\t\t\t\t\t<h3 class=\"raven-post-title\"><a class=\"raven-post-title-link\" href=\"https:\/\/www.sistemafaeal.org.br\/senar\/sistema-faeal-senar-abre-inscricoes-para-capacitacao-vaqueiro-do-futuro-em-alagoas\/\">Sistema Faeal\/Senar abre inscri\u00e7\u00f5es para capacita\u00e7\u00e3o \u201cVaqueiro do Futuro\u201d em Alagoas<\/a><\/h3>\t\t\t\t<\/div>\n\t\t\t<\/div>\n\t\t<\/div>\n\t\t\t\t<\/div>\n\t\t\t\t\t\t<\/div>\n\t\t\t\t<\/div>\n\t\t\t\t\t<\/div>\n\t\t<\/div>\n\t\t\t\t\t<\/div>\n\t\t<\/section>\n\t\t\t\t<\/div>\n\t\t","protected":false},"excerpt":{"rendered":"<p>Encontro re\u00fane mais de 600 mulheres para discutir agroneg\u00f3cio na Expoagro Senar Alagoas realiza nova etapa do Programa CNA Jovem Dia do Agricultor \u00e9 marcado por comemora\u00e7\u00f5es em Girau do Ponciano Senar Alagoas conclui treinamento de 50 novos t\u00e9cnicos de campo para refor\u00e7ar a ATeG Senar Alagoas realiza 1\u00b0 Encontro Estadual do CNA Jovem Circuito [&hellip;]<\/p>\n","protected":false},"author":1,"featured_media":0,"parent":0,"menu_order":0,"comment_status":"closed","ping_status":"closed","template":"","meta":{"footnotes":""},"class_list":["post-1787","page","type-page","status-publish","hentry"],"_links":{"self":[{"href":"https:\/\/www.sistemafaeal.org.br\/senar\/wp-json\/wp\/v2\/pages\/1787","targetHints":{"allow":["GET"]}}],"collection":[{"href":"https:\/\/www.sistemafaeal.org.br\/senar\/wp-json\/wp\/v2\/pages"}],"about":[{"href":"https:\/\/www.sistemafaeal.org.br\/senar\/wp-json\/wp\/v2\/types\/page"}],"author":[{"embeddable":true,"href":"https:\/\/www.sistemafaeal.org.br\/senar\/wp-json\/wp\/v2\/users\/1"}],"replies":[{"embeddable":true,"href":"https:\/\/www.sistemafaeal.org.br\/senar\/wp-json\/wp\/v2\/comments?post=1787"}],"version-history":[{"count":3,"href":"https:\/\/www.sistemafaeal.org.br\/senar\/wp-json\/wp\/v2\/pages\/1787\/revisions"}],"predecessor-version":[{"id":7984,"href":"https:\/\/www.sistemafaeal.org.br\/senar\/wp-json\/wp\/v2\/pages\/1787\/revisions\/7984"}],"wp:attachment":[{"href":"https:\/\/www.sistemafaeal.org.br\/senar\/wp-json\/wp\/v2\/media?parent=1787"}],"curies":[{"name":"wp","href":"https:\/\/api.w.org\/{rel}","templated":true}]}}