{"id":186,"date":"2016-11-16T16:58:37","date_gmt":"2016-11-16T18:58:37","guid":{"rendered":"http:\/\/senar.agropecuaria.ws\/?page_id=186"},"modified":"2017-01-16T21:03:12","modified_gmt":"2017-01-16T23:03:12","slug":"historico","status":"publish","type":"page","link":"https:\/\/www.sistemafaeal.org.br\/senar\/o-senar\/historico\/","title":{"rendered":"Hist\u00f3rico"},"content":{"rendered":"<p>Criado pela Lei n\u00ba 8.315, de 23\/12\/91, o Servi\u00e7o Nacional de Aprendizagem, Rural \u00e9 uma entidade de direito privado, paraestatal, mantida pela classe patronal rural, vinculada \u00e0 Confedera\u00e7\u00e3o da Agricultura e Pecu\u00e1ria do Brasil \u2013 CNA e administrada por um Conselho Deliberativo tripartite. Integrante do chamado Sistema S, tem como fun\u00e7\u00e3o cumprir a miss\u00e3o estabelecida pelo seu Conselho Deliberativo, composto por representantes do governo federal e das classes trabalhadora e patronal rural.<\/p>\n<p>O Servi\u00e7o Nacional de Aprendizagem Rural &#8211; Administra\u00e7\u00e3o Regional de Alagoas \u2013 SENAR &#8211; AR\/AL \u00e9 reconhecida como um Servi\u00e7o Social Aut\u00f4nomo destinado \u00e0 execu\u00e7\u00e3o das A\u00e7\u00f5es de Forma\u00e7\u00e3o Profissional Rural \u2013 FPR e de Promo\u00e7\u00e3o Social \u2013 PS, criado pela Portaria N\u00ba. 002\/94 de 4 de abril de 1994 por ato do presidente do Conselho Deliberativo do SENAR &#8211; Administra\u00e7\u00e3o Central, com base nas disposi\u00e7\u00f5es constitucionais emanadas pela Lei federal N.\u00ba 8.315 de 23\/1291.<\/p>\n","protected":false},"excerpt":{"rendered":"<p>Criado pela Lei n\u00ba 8.315, de 23\/12\/91, o Servi\u00e7o Nacional de Aprendizagem, Rural \u00e9 uma entidade de direito privado, paraestatal, mantida pela classe patronal rural, vinculada \u00e0 Confedera\u00e7\u00e3o da Agricultura e Pecu\u00e1ria do Brasil \u2013 CNA e administrada por um Conselho Deliberativo tripartite. Integrante do chamado Sistema S, tem como fun\u00e7\u00e3o cumprir a miss\u00e3o estabelecida [&hellip;]<\/p>\n","protected":false},"author":1,"featured_media":0,"parent":184,"menu_order":0,"comment_status":"closed","ping_status":"closed","template":"page-pagebuilder-title.php","meta":{"footnotes":""},"class_list":["post-186","page","type-page","status-publish","hentry"],"_links":{"self":[{"href":"https:\/\/www.sistemafaeal.org.br\/senar\/wp-json\/wp\/v2\/pages\/186","targetHints":{"allow":["GET"]}}],"collection":[{"href":"https:\/\/www.sistemafaeal.org.br\/senar\/wp-json\/wp\/v2\/pages"}],"about":[{"href":"https:\/\/www.sistemafaeal.org.br\/senar\/wp-json\/wp\/v2\/types\/page"}],"author":[{"embeddable":true,"href":"https:\/\/www.sistemafaeal.org.br\/senar\/wp-json\/wp\/v2\/users\/1"}],"replies":[{"embeddable":true,"href":"https:\/\/www.sistemafaeal.org.br\/senar\/wp-json\/wp\/v2\/comments?post=186"}],"version-history":[{"count":0,"href":"https:\/\/www.sistemafaeal.org.br\/senar\/wp-json\/wp\/v2\/pages\/186\/revisions"}],"up":[{"embeddable":true,"href":"https:\/\/www.sistemafaeal.org.br\/senar\/wp-json\/wp\/v2\/pages\/184"}],"wp:attachment":[{"href":"https:\/\/www.sistemafaeal.org.br\/senar\/wp-json\/wp\/v2\/media?parent=186"}],"curies":[{"name":"wp","href":"https:\/\/api.w.org\/{rel}","templated":true}]}}