{"id":188,"date":"2016-11-16T16:59:07","date_gmt":"2016-11-16T18:59:07","guid":{"rendered":"http:\/\/senar.agropecuaria.ws\/?page_id=188"},"modified":"2017-01-16T21:03:09","modified_gmt":"2017-01-16T23:03:09","slug":"missao","status":"publish","type":"page","link":"https:\/\/www.sistemafaeal.org.br\/senar\/o-senar\/missao\/","title":{"rendered":"Miss\u00e3o"},"content":{"rendered":"<p>Realizar Educa\u00e7\u00e3o Profissional e Promo\u00e7\u00e3o Social (PS) das pessoas do meio rural, contribuindo para a melhoria da qualidade de vida e para o desenvolvimento sustent\u00e1vel do pa\u00eds.<\/p>\n<h2>PRINC\u00cdPIOS<\/h2>\n<ul>\n<li>Organizar, administrar, executar e supervisionar, em todo o territ\u00f3rio nacional, o ensino da Forma\u00e7\u00e3o Profissional Rural e da Promo\u00e7\u00e3o Social das pessoas do meio rural.<\/li>\n<li>Com base nos princ\u00edpios da livre iniciativa, da economia de mercado e das urg\u00eancias sociais, aprimorar as estrat\u00e9gias educativas e difundir metodologias para ofertar a\u00e7\u00f5es adequadas de Forma\u00e7\u00e3o Profissional Rural e Promo\u00e7\u00e3o Social ao seu p\u00fablico.<\/li>\n<li>Assessorar os governos federal e estadual em assuntos relacionados com a forma\u00e7\u00e3o de profissionais rurais e atividades assemelhadas.<\/li>\n<li>Expandir parcerias e consolidar alian\u00e7as p\u00fablicas e privadas com o objetivo de cumprir a miss\u00e3o institucional.<\/li>\n<li>Estimular a pesquisa e garantir o acesso \u00e0 inova\u00e7\u00e3o rural.<\/li>\n<li>Fortalecer e modernizar o sistema sindical rural.<\/li>\n<li>Aperfei\u00e7oar os mecanismos de planejamento, monitoramento e avalia\u00e7\u00e3o de desempenho institucional.<\/li>\n<li>Promover a cidadania, a qualidade de vida e a inclus\u00e3o social das pessoas do meio rural.<\/li>\n<\/ul>\n","protected":false},"excerpt":{"rendered":"<p>Realizar Educa\u00e7\u00e3o Profissional e Promo\u00e7\u00e3o Social (PS) das pessoas do meio rural, contribuindo para a melhoria da qualidade de vida e para o desenvolvimento sustent\u00e1vel do pa\u00eds. PRINC\u00cdPIOS Organizar, administrar, executar e supervisionar, em todo o territ\u00f3rio nacional, o ensino da Forma\u00e7\u00e3o Profissional Rural e da Promo\u00e7\u00e3o Social das pessoas do meio rural. Com base [&hellip;]<\/p>\n","protected":false},"author":1,"featured_media":0,"parent":184,"menu_order":0,"comment_status":"closed","ping_status":"closed","template":"page-pagebuilder-title.php","meta":{"footnotes":""},"class_list":["post-188","page","type-page","status-publish","hentry"],"_links":{"self":[{"href":"https:\/\/www.sistemafaeal.org.br\/senar\/wp-json\/wp\/v2\/pages\/188","targetHints":{"allow":["GET"]}}],"collection":[{"href":"https:\/\/www.sistemafaeal.org.br\/senar\/wp-json\/wp\/v2\/pages"}],"about":[{"href":"https:\/\/www.sistemafaeal.org.br\/senar\/wp-json\/wp\/v2\/types\/page"}],"author":[{"embeddable":true,"href":"https:\/\/www.sistemafaeal.org.br\/senar\/wp-json\/wp\/v2\/users\/1"}],"replies":[{"embeddable":true,"href":"https:\/\/www.sistemafaeal.org.br\/senar\/wp-json\/wp\/v2\/comments?post=188"}],"version-history":[{"count":0,"href":"https:\/\/www.sistemafaeal.org.br\/senar\/wp-json\/wp\/v2\/pages\/188\/revisions"}],"up":[{"embeddable":true,"href":"https:\/\/www.sistemafaeal.org.br\/senar\/wp-json\/wp\/v2\/pages\/184"}],"wp:attachment":[{"href":"https:\/\/www.sistemafaeal.org.br\/senar\/wp-json\/wp\/v2\/media?parent=188"}],"curies":[{"name":"wp","href":"https:\/\/api.w.org\/{rel}","templated":true}]}}