{"id":192,"date":"2016-11-16T17:01:08","date_gmt":"2016-11-16T19:01:08","guid":{"rendered":"http:\/\/senar.agropecuaria.ws\/?page_id=192"},"modified":"2016-12-06T17:41:51","modified_gmt":"2016-12-06T19:41:51","slug":"parceiros","status":"publish","type":"page","link":"https:\/\/www.sistemafaeal.org.br\/senar\/o-senar\/parceiros\/","title":{"rendered":"Parceiros"},"content":{"rendered":"<p style=\"text-align: justify;\">Em Alagoas, o Senar atua em parceria com a FAEAL (Federa\u00e7\u00e3o da Agricultura e Pecu\u00e1ria do estado de AL) e seus sindicatos filiados, SEBRAE, prefeituras municipais, associa\u00e7\u00f5es, etc.<br \/>\n<img fetchpriority=\"high\" decoding=\"async\" class=\"wp-image-669 aligncenter\" src=\"http:\/\/senar.agropecuaria.ws\/wp-content\/uploads\/2016\/11\/Mapa-de-Alagoas_sindicatos.jpg\" alt=\"mapa-de-alagoas_sindicatos\" width=\"686\" height=\"487\" \/><\/p>\n<p>TELEFONES DOS SINDICATOS RURAIS DE ALAGOAS<\/p>\n<p>SINDICATO RURAL DE ARAPIRACA &#8230;&#8230;&#8230;&#8230;&#8230;&#8230;&#8230;&#8230;&#8230;&#8230;&#8230;&#8230;.. (82) 3521 \u2013 1889<\/p>\n<p>SINDICATO RURAL DE ATALAIA &#8230;&#8230;&#8230;&#8230;&#8230;&#8230;&#8230;&#8230;&#8230;&#8230;&#8230;&#8230;&#8230;&#8230;..(82) 3264 \u2013 1442<\/p>\n<p>SINDICATO RURAL DE CAPELA &#8230;&#8230;&#8230;&#8230;&#8230;&#8230;&#8230;&#8230;&#8230;&#8230;&#8230;&#8230;&#8230;&#8230;&#8230; (82) 3287 \u2013 1402<\/p>\n<p>SINDICATO RURAL DE CORURIPE &#8230;&#8230;&#8230;&#8230;&#8230;&#8230;&#8230;&#8230;&#8230;&#8230;&#8230;&#8230;&#8230;.. (82) 3243 \u2013 1083<\/p>\n<p>SINDICATO RURAL DE JUNQUEIRO &#8230;&#8230;&#8230;&#8230;&#8230;&#8230;&#8230;&#8230;&#8230;&#8230;&#8230;&#8230;&#8230; (82) 3541 \u2013 1687<\/p>\n<p>SINDICATO RURAL DE MACEI\u00d3 &#8230;&#8230;&#8230;&#8230;&#8230;&#8230;&#8230;&#8230;&#8230;&#8230;&#8230;&#8230;&#8230;&#8230;. (82) 99642 \u2013 0402<\/p>\n<p>SINDICATO RURAL DE MATA GRANDE &#8230;&#8230;&#8230;&#8230;&#8230;&#8230;&#8230;&#8230;&#8230;&#8230;&#8230;&#8230;(82) 3642 \u2013 1636<\/p>\n<p>SINDICATO RURAL DE MAR VERMELHO &#8230;&#8230;&#8230;&#8230;&#8230;&#8230;&#8230;&#8230;&#8230;&#8230;&#8230;.(82) 9335 \u2013 8230<\/p>\n<p>SINDICATO RURAL DE PALMEIRA DOS \u00cdNDIOS &#8230;&#8230;&#8230;&#8230;&#8230;&#8230;&#8230;&#8230;(82) 3421 \u2013 2594<\/p>\n<p>SINDICATO RURAL DE P\u00c3O DE A\u00c7\u00daCAR &#8230;&#8230;&#8230;&#8230;&#8230;&#8230;&#8230;&#8230;&#8230;&#8230;&#8230;.(82) 3642 \u2013 1053<\/p>\n<p>SINDICATO RURAL DE PENEDO &#8230;&#8230;&#8230;&#8230;&#8230;&#8230;&#8230;&#8230;&#8230;&#8230;&#8230;&#8230;&#8230;&#8230;&#8230;.(82) 3551 \u2013 2239<\/p>\n<p>SINDICATO RURAL DE PORTO CALVO &#8230;&#8230;&#8230;&#8230;&#8230;&#8230;&#8230;&#8230;&#8230;&#8230;&#8230;&#8230;..(82) 9961 \u2013 9422<\/p>\n<p>SINDICATO RURAL DE SANTANA DO IPANEMA &#8230;&#8230;&#8230;&#8230;&#8230;&#8230;&#8230;&#8230;..(82) 3621 \u2013 1310<\/p>\n<p>SINDICATO RURAL DE S\u00c3O LUIZ DO QUITUNDE &#8230;&#8230;&#8230;&#8230;&#8230;&#8230;&#8230;&#8230;(82) 3254 \u2013 1211<\/p>\n<p>SINDICATO RURAL DE S\u00c3O MIGUEL DOS CAMPOS &#8230;&#8230;&#8230;&#8230;&#8230;&#8230;&#8230;(82) 3271 \u2013 1203<\/p>\n<p>SINDICATO RURAL DE VI\u00c7OSA &#8230;&#8230;&#8230;&#8230;&#8230;&#8230;&#8230;&#8230;&#8230;&#8230;&#8230;&#8230;&#8230;&#8230;&#8230;&#8230;(82) 3283 \u2013 1428<\/p>\n","protected":false},"excerpt":{"rendered":"<p>Em Alagoas, o Senar atua em parceria com a FAEAL (Federa\u00e7\u00e3o da Agricultura e Pecu\u00e1ria do estado de AL) e seus sindicatos filiados, SEBRAE, prefeituras municipais, associa\u00e7\u00f5es, etc. TELEFONES DOS SINDICATOS RURAIS DE ALAGOAS SINDICATO RURAL DE ARAPIRACA &#8230;&#8230;&#8230;&#8230;&#8230;&#8230;&#8230;&#8230;&#8230;&#8230;&#8230;&#8230;.. (82) 3521 \u2013 1889 SINDICATO RURAL DE ATALAIA &#8230;&#8230;&#8230;&#8230;&#8230;&#8230;&#8230;&#8230;&#8230;&#8230;&#8230;&#8230;&#8230;&#8230;..(82) 3264 \u2013 1442 SINDICATO RURAL DE CAPELA [&hellip;]<\/p>\n","protected":false},"author":1,"featured_media":0,"parent":184,"menu_order":0,"comment_status":"closed","ping_status":"closed","template":"page-pagebuilder-title.php","meta":{"footnotes":""},"class_list":["post-192","page","type-page","status-publish","hentry"],"_links":{"self":[{"href":"https:\/\/www.sistemafaeal.org.br\/senar\/wp-json\/wp\/v2\/pages\/192","targetHints":{"allow":["GET"]}}],"collection":[{"href":"https:\/\/www.sistemafaeal.org.br\/senar\/wp-json\/wp\/v2\/pages"}],"about":[{"href":"https:\/\/www.sistemafaeal.org.br\/senar\/wp-json\/wp\/v2\/types\/page"}],"author":[{"embeddable":true,"href":"https:\/\/www.sistemafaeal.org.br\/senar\/wp-json\/wp\/v2\/users\/1"}],"replies":[{"embeddable":true,"href":"https:\/\/www.sistemafaeal.org.br\/senar\/wp-json\/wp\/v2\/comments?post=192"}],"version-history":[{"count":0,"href":"https:\/\/www.sistemafaeal.org.br\/senar\/wp-json\/wp\/v2\/pages\/192\/revisions"}],"up":[{"embeddable":true,"href":"https:\/\/www.sistemafaeal.org.br\/senar\/wp-json\/wp\/v2\/pages\/184"}],"wp:attachment":[{"href":"https:\/\/www.sistemafaeal.org.br\/senar\/wp-json\/wp\/v2\/media?parent=192"}],"curies":[{"name":"wp","href":"https:\/\/api.w.org\/{rel}","templated":true}]}}