{"id":214,"date":"2016-11-16T17:25:00","date_gmt":"2016-11-16T19:25:00","guid":{"rendered":"http:\/\/senar.agropecuaria.ws\/?page_id=214"},"modified":"2016-11-18T15:40:51","modified_gmt":"2016-11-18T17:40:51","slug":"o-que-e","status":"publish","type":"page","link":"https:\/\/www.sistemafaeal.org.br\/senar\/atuacao\/formacao-profissional-rural\/o-que-e\/","title":{"rendered":"O que \u00e9"},"content":{"rendered":"<p>A Forma\u00e7\u00e3o Profissional Rural \u2013 FPR \u00e9 um processo educativo, n\u00e3o formal, participativo e sistematizado, que capacita profissionais para o mercado de trabalho rural. As a\u00e7\u00f5es de FPR possibilitam ao produtor e ao trabalhador rural adquirir conhecimentos, habilidades, atitudes e condi\u00e7\u00f5es t\u00e9cnicas para o pleno exerc\u00edcio de uma ocupa\u00e7\u00e3o.<\/p>\n<p>Est\u00e1 embasada nos setores:<\/p>\n<ul>\n<li>Prim\u00e1rio ou de produ\u00e7\u00e3o<\/li>\n<li>Secund\u00e1rio ou de transforma\u00e7\u00e3o<\/li>\n<li>Terci\u00e1rio (com\u00e9rcio e presta\u00e7\u00e3o de servi\u00e7os)<\/li>\n<\/ul>\n<p>O SENAR ALAGOAS oferece cursos profissionalizantes, treinamentos e semin\u00e1rios em v\u00e1rias \u00e1reas de atividades agropecu\u00e1rias, que s\u00e3o desenvolvidas sob a forma de:<\/p>\n<p><strong>Aperfei\u00e7oamento:<\/strong> programa\u00e7\u00e3o destinada ao profissional que j\u00e1 exerce uma profiss\u00e3o, mas que necessita melhorar seu desempenho em determinados segmentos da mesma.<\/p>\n<p><strong>Atualiza\u00e7\u00e3o:<\/strong> destinada ao profissional que necessita adquirir novos conhecimentos e\/ou desenvolver habilidades para o exerc\u00edcio de sua profiss\u00e3o, em decorr\u00eancia de mudan\u00e7as tecnol\u00f3gicas no processo produtivo.<\/p>\n","protected":false},"excerpt":{"rendered":"<p>A Forma\u00e7\u00e3o Profissional Rural \u2013 FPR \u00e9 um processo educativo, n\u00e3o formal, participativo e sistematizado, que capacita profissionais para o mercado de trabalho rural. As a\u00e7\u00f5es de FPR possibilitam ao produtor e ao trabalhador rural adquirir conhecimentos, habilidades, atitudes e condi\u00e7\u00f5es t\u00e9cnicas para o pleno exerc\u00edcio de uma ocupa\u00e7\u00e3o. Est\u00e1 embasada nos setores: Prim\u00e1rio ou [&hellip;]<\/p>\n","protected":false},"author":1,"featured_media":0,"parent":212,"menu_order":0,"comment_status":"closed","ping_status":"closed","template":"page-pagebuilder-title.php","meta":{"footnotes":""},"class_list":["post-214","page","type-page","status-publish","hentry"],"_links":{"self":[{"href":"https:\/\/www.sistemafaeal.org.br\/senar\/wp-json\/wp\/v2\/pages\/214","targetHints":{"allow":["GET"]}}],"collection":[{"href":"https:\/\/www.sistemafaeal.org.br\/senar\/wp-json\/wp\/v2\/pages"}],"about":[{"href":"https:\/\/www.sistemafaeal.org.br\/senar\/wp-json\/wp\/v2\/types\/page"}],"author":[{"embeddable":true,"href":"https:\/\/www.sistemafaeal.org.br\/senar\/wp-json\/wp\/v2\/users\/1"}],"replies":[{"embeddable":true,"href":"https:\/\/www.sistemafaeal.org.br\/senar\/wp-json\/wp\/v2\/comments?post=214"}],"version-history":[{"count":0,"href":"https:\/\/www.sistemafaeal.org.br\/senar\/wp-json\/wp\/v2\/pages\/214\/revisions"}],"up":[{"embeddable":true,"href":"https:\/\/www.sistemafaeal.org.br\/senar\/wp-json\/wp\/v2\/pages\/212"}],"wp:attachment":[{"href":"https:\/\/www.sistemafaeal.org.br\/senar\/wp-json\/wp\/v2\/media?parent=214"}],"curies":[{"name":"wp","href":"https:\/\/api.w.org\/{rel}","templated":true}]}}