{"id":218,"date":"2016-11-16T17:26:22","date_gmt":"2016-11-16T19:26:22","guid":{"rendered":"http:\/\/senar.agropecuaria.ws\/?page_id=218"},"modified":"2017-09-29T10:30:07","modified_gmt":"2017-09-29T13:30:07","slug":"linha-da-acao","status":"publish","type":"page","link":"https:\/\/www.sistemafaeal.org.br\/senar\/atuacao\/formacao-profissional-rural\/linha-da-acao\/","title":{"rendered":"Linha de A\u00e7\u00e3o"},"content":{"rendered":"<p>[vc_row][vc_column][vc_tta_accordion style=&#8221;modern&#8221; color=&#8221;green&#8221; active_section=&#8221;&#8221; collapsible_all=&#8221;true&#8221;][vc_tta_section i_icon_fontawesome=&#8221;fa fa-wrench&#8221; add_icon=&#8221;true&#8221; title=&#8221;Administra\u00e7\u00e3o Rural&#8221; tab_id=&#8221;1506689374639-4c7e8326-c467&#8243;][vc_wp_text]Capacitar o produtor rural para administrar sua empresa rural ou propriedade em regime de economia familiar, visando \u00e0 maximiza\u00e7\u00e3o dos fatores de produ\u00e7\u00e3o de forma a obter maiores ganhos, com uma vis\u00e3o empresarial.<\/p>\n<p><strong>CURSOS<\/strong><br \/>\n<a href=\"http:\/\/www.sistemafaeal.org.br\/senar\/atuacao\/formacao-profissional-rural\/cursos\/administracao-rural\/\">Administra\u00e7\u00e3o Rural<\/a>[\/vc_wp_text][\/vc_tta_section][vc_tta_section i_icon_fontawesome=&#8221;fa fa-envira&#8221; add_icon=&#8221;true&#8221; title=&#8221;Agricultura&#8221; tab_id=&#8221;1506689865492-08b95ad3-cf23&#8243;][vc_wp_text]Capacitar fam\u00edlias rurais no cultivo de plantas medicinais e processamento de rem\u00e9dios de origem natural para uso terap\u00eautico.<\/p>\n<p><strong>CURSOS<\/strong><br \/>\n<a href=\"http:\/\/www.sistemafaeal.org.br\/senar\/atuacao\/promocao-social\/linha-de-acao\/#\">Plantas Medicinais<\/a>[\/vc_wp_text][\/vc_tta_section][vc_tta_section i_icon_fontawesome=&#8221;fa fa-industry&#8221; add_icon=&#8221;true&#8221; title=&#8221;Agroind\u00fastria&#8221; tab_id=&#8221;1506690272449-81d44de6-dc36&#8243;][vc_wp_text]Capacitar fam\u00edlias rurais na Fabrica\u00e7\u00e3o de P\u00e3es, visando proporcionar a gera\u00e7\u00e3o de emprego e renda e melhoria da qualidade de vida.<\/p>\n<p><strong>CURSOS<\/strong><br \/>\n<a href=\"http:\/\/www.sistemafaeal.org.br\/senar\/atuacao\/formacao-profissional-rural\/cursos\/fabricacao-de-paes-caseiros\/\">Fabrica\u00e7\u00e3o de P\u00e3es Caseiros<\/a><br \/>\n<a href=\"http:\/\/www.sistemafaeal.org.br\/senar\/atuacao\/formacao-profissional-rural\/cursos\/industrializacao-de-doces\/\">Industrializa\u00e7\u00e3o de Doces<\/a><br \/>\n<a href=\"http:\/\/www.sistemafaeal.org.br\/senar\/atuacao\/formacao-profissional-rural\/cursos\/laticinios\/\">Latic\u00ednios<\/a><br \/>\n<a href=\"http:\/\/www.sistemafaeal.org.br\/senar\/atuacao\/formacao-profissional-rural\/cursos\/processamento-da-mandioca\/\">Processamento da Mandioca<\/a><br \/>\n<a href=\"http:\/\/www.sistemafaeal.org.br\/senar\/atuacao\/formacao-profissional-rural\/cursos\/processamento-de-polpas-de-frutas\/\">Processamento de Polpa de Frutas<\/a><\/p>\n<p>[\/vc_wp_text][\/vc_tta_section][vc_tta_section i_icon_fontawesome=&#8221;fa fa-shopping-basket&#8221; add_icon=&#8221;true&#8221; title=&#8221;Presta\u00e7\u00e3o de Servi\u00e7os&#8221; tab_id=&#8221;1506690271496-82e3e238-e67e&#8221;][vc_wp_text]Capacitar produtores e trabalhadores rurais na a\u00e7\u00e3o de Eletricista Rural proporcionando-lhes conhecimentos b\u00e1sicos, a fim de que possam utiliz\u00e1-los como fonte geradora de renda.<\/p>\n<p><strong>CURSOS<\/strong><br \/>\n<a href=\"http:\/\/www.sistemafaeal.org.br\/senar\/atuacao\/formacao-profissional-rural\/cursos\/eletricista-rural\/\">Eletricista Rural<\/a>[\/vc_wp_text][\/vc_tta_section][vc_tta_section i_icon_fontawesome=&#8221;fa fa-female&#8221; add_icon=&#8221;true&#8221; title=&#8221;Vestimenta&#8221; tab_id=&#8221;1506690269866-650e34d2-7949&#8243;][vc_wp_text]Capacitar fam\u00edlias rurais no cultivo de plantas medicinais e processamento de rem\u00e9dios de origem natural para uso terap\u00eautico.<\/p>\n<p><strong>CURSOS<\/strong><br \/>\n<a href=\"http:\/\/www.sistemafaeal.org.br\/senar\/atuacao\/formacao-profissional-rural\/cursos\/vestimenta-basico\/\">B\u00e1sico<\/a><br \/>\n<a href=\"http:\/\/www.sistemafaeal.org.br\/senar\/atuacao\/formacao-profissional-rural\/cursos\/vestimenta-moda-intima\/\">Moda \u00cdntima<\/a><br \/>\n<a href=\"http:\/\/www.sistemafaeal.org.br\/senar\/atuacao\/formacao-profissional-rural\/cursos\/vestimenta-moda-praia\/\">Moda Praia<\/a><br \/>\n[\/vc_wp_text][\/vc_tta_section][vc_tta_section i_icon_fontawesome=&#8221;fa fa-desktop&#8221; add_icon=&#8221;true&#8221; title=&#8221;Inform\u00e1tica B\u00e1sica&#8221; tab_id=&#8221;1506690896734-a74ae0ac-c904&#8243;][vc_wp_text]Proporcionar aos participantes conhecimentos b\u00e1sicos para o uso de computadores em ambiente de Sistema Operacional, Editor de Texto, Planilha Eletr\u00f4nica, Apresenta\u00e7\u00e3o e Utiliza\u00e7\u00e3o dos servi\u00e7os oferecidos pela internet.<\/p>\n<p><strong>CURSOS<\/strong><br \/>\n<a href=\"http:\/\/www.sistemafaeal.org.br\/senar\/atuacao\/formacao-profissional-rural\/cursos\/informatica-basica\/\">Inform\u00e1tica B\u00e1sica<\/a>[\/vc_wp_text][\/vc_tta_section][\/vc_tta_accordion][\/vc_column][\/vc_row]<\/p>\n","protected":false},"excerpt":{"rendered":"<p>[vc_row][vc_column][vc_tta_accordion style=&#8221;modern&#8221; color=&#8221;green&#8221; active_section=&#8221;&#8221; collapsible_all=&#8221;true&#8221;][vc_tta_section i_icon_fontawesome=&#8221;fa fa-wrench&#8221; add_icon=&#8221;true&#8221; title=&#8221;Administra\u00e7\u00e3o Rural&#8221; tab_id=&#8221;1506689374639-4c7e8326-c467&#8243;][vc_wp_text]Capacitar o produtor rural para administrar sua empresa rural ou propriedade em regime de economia familiar, visando \u00e0 maximiza\u00e7\u00e3o dos fatores de produ\u00e7\u00e3o de forma a obter maiores ganhos, com uma vis\u00e3o empresarial. CURSOS Administra\u00e7\u00e3o Rural[\/vc_wp_text][\/vc_tta_section][vc_tta_section i_icon_fontawesome=&#8221;fa fa-envira&#8221; add_icon=&#8221;true&#8221; title=&#8221;Agricultura&#8221; tab_id=&#8221;1506689865492-08b95ad3-cf23&#8243;][vc_wp_text]Capacitar fam\u00edlias rurais no cultivo [&hellip;]<\/p>\n","protected":false},"author":1,"featured_media":0,"parent":212,"menu_order":0,"comment_status":"closed","ping_status":"closed","template":"page-pagebuilder-title.php","meta":{"footnotes":""},"class_list":["post-218","page","type-page","status-publish","hentry"],"_links":{"self":[{"href":"https:\/\/www.sistemafaeal.org.br\/senar\/wp-json\/wp\/v2\/pages\/218","targetHints":{"allow":["GET"]}}],"collection":[{"href":"https:\/\/www.sistemafaeal.org.br\/senar\/wp-json\/wp\/v2\/pages"}],"about":[{"href":"https:\/\/www.sistemafaeal.org.br\/senar\/wp-json\/wp\/v2\/types\/page"}],"author":[{"embeddable":true,"href":"https:\/\/www.sistemafaeal.org.br\/senar\/wp-json\/wp\/v2\/users\/1"}],"replies":[{"embeddable":true,"href":"https:\/\/www.sistemafaeal.org.br\/senar\/wp-json\/wp\/v2\/comments?post=218"}],"version-history":[{"count":0,"href":"https:\/\/www.sistemafaeal.org.br\/senar\/wp-json\/wp\/v2\/pages\/218\/revisions"}],"up":[{"embeddable":true,"href":"https:\/\/www.sistemafaeal.org.br\/senar\/wp-json\/wp\/v2\/pages\/212"}],"wp:attachment":[{"href":"https:\/\/www.sistemafaeal.org.br\/senar\/wp-json\/wp\/v2\/media?parent=218"}],"curies":[{"name":"wp","href":"https:\/\/api.w.org\/{rel}","templated":true}]}}