{"id":220,"date":"2016-11-16T17:26:54","date_gmt":"2016-11-16T19:26:54","guid":{"rendered":"http:\/\/senar.agropecuaria.ws\/?page_id=220"},"modified":"2016-12-06T17:48:22","modified_gmt":"2016-12-06T19:48:22","slug":"cursos","status":"publish","type":"page","link":"https:\/\/www.sistemafaeal.org.br\/senar\/atuacao\/formacao-profissional-rural\/cursos\/","title":{"rendered":"Cursos"},"content":{"rendered":"<p><strong>1 &#8211; <u>Agricultura<\/u><\/strong><\/p>\n<p>1.1 &#8211; Cultura da cana-de-a\u00e7\u00facar<\/p>\n<p>1.3 &#8211; Cultura do inhame<\/p>\n<p>1.4 &#8211; Cultura da mandioca<\/p>\n<p>1.5 &#8211; Cultura do milho<\/p>\n<p>1.6 &#8211; Cultura do feij\u00e3o<\/p>\n<p>1.7 &#8211; Fruticultura<\/p>\n<p>1.8 \u2013 Horticultura b\u00e1sica<\/p>\n<p>1.9 &#8211;\u00a0 Horticultura org\u00e2nica<\/p>\n<p>1.11- Agricultura org\u00e2nica<\/p>\n<p>&nbsp;<\/p>\n<p><strong>2 &#8211; <u>Pecu\u00e1ria<\/u> <\/strong><\/p>\n<p>&nbsp;<\/p>\n<p>2.1 &#8211; Bovinocultura de leite<\/p>\n<p>2.2 &#8211; Ovinocultura<\/p>\n<p>2.3 &#8211; Suinocultura<\/p>\n<p>2.4 &#8211; Avicultura b\u00e1sica<\/p>\n<p>2.5 &#8211; Apicultura<\/p>\n<p>2.6 &#8211; Insemina\u00e7\u00e3o artificial<\/p>\n<p>2.7 &#8211; Caprinocultura<\/p>\n<p><strong>3 &#8211; <u>Aq\u00fcicultura <\/u><\/strong><\/p>\n<p>3.1 &#8211; Piscicultura<\/p>\n<p><strong>4 &#8211; <u>Agroind\u00fastria<\/u><\/strong><\/p>\n<p>4.2 &#8211; Fabrica\u00e7\u00e3o de p\u00e3es caseiros<\/p>\n<p>4.3 &#8211; Industrializa\u00e7\u00e3o de doces<\/p>\n<p>4.4 &#8211; Latic\u00ednios<\/p>\n<p>4.6 &#8211; Processamento de hortali\u00e7as<\/p>\n<p>4.8 &#8211; Processamento de plantas medicinais<\/p>\n<p>4.9 &#8211; Processamento de polpas de frutas<\/p>\n<p>4.10-Processamento da mandioca<\/p>\n<p>&nbsp;<\/p>\n<p><strong>5 &#8211; <u>Atividades de Apoio Agro-Silvo-Pastoril<\/u><\/strong><\/p>\n<p>5.1 &#8211; Administra\u00e7\u00e3o rural<\/p>\n<p>5.2 &#8211; Irriga\u00e7\u00e3o agr\u00edcola<\/p>\n<p>5.3 &#8211; Mecaniza\u00e7\u00e3o agr\u00edcola<\/p>\n<p>5.4 &#8211; Defensivos Agr\u00edcolas.<\/p>\n<p><strong>6 &#8211; <u>Atividades Relativas \u00e0 Presta\u00e7\u00e3o de Servi\u00e7os <\/u><\/strong><\/p>\n<p>6.1 &#8211; Eletricista Rural<\/p>\n","protected":false},"excerpt":{"rendered":"<p>1 &#8211; Agricultura 1.1 &#8211; Cultura da cana-de-a\u00e7\u00facar 1.3 &#8211; Cultura do inhame 1.4 &#8211; Cultura da mandioca 1.5 &#8211; Cultura do milho 1.6 &#8211; Cultura do feij\u00e3o 1.7 &#8211; Fruticultura 1.8 \u2013 Horticultura b\u00e1sica 1.9 &#8211;\u00a0 Horticultura org\u00e2nica 1.11- Agricultura org\u00e2nica &nbsp; 2 &#8211; Pecu\u00e1ria &nbsp; 2.1 &#8211; Bovinocultura de leite 2.2 &#8211; Ovinocultura [&hellip;]<\/p>\n","protected":false},"author":1,"featured_media":0,"parent":212,"menu_order":0,"comment_status":"closed","ping_status":"closed","template":"page-pagebuilder-title.php","meta":{"footnotes":""},"class_list":["post-220","page","type-page","status-publish","hentry"],"_links":{"self":[{"href":"https:\/\/www.sistemafaeal.org.br\/senar\/wp-json\/wp\/v2\/pages\/220","targetHints":{"allow":["GET"]}}],"collection":[{"href":"https:\/\/www.sistemafaeal.org.br\/senar\/wp-json\/wp\/v2\/pages"}],"about":[{"href":"https:\/\/www.sistemafaeal.org.br\/senar\/wp-json\/wp\/v2\/types\/page"}],"author":[{"embeddable":true,"href":"https:\/\/www.sistemafaeal.org.br\/senar\/wp-json\/wp\/v2\/users\/1"}],"replies":[{"embeddable":true,"href":"https:\/\/www.sistemafaeal.org.br\/senar\/wp-json\/wp\/v2\/comments?post=220"}],"version-history":[{"count":0,"href":"https:\/\/www.sistemafaeal.org.br\/senar\/wp-json\/wp\/v2\/pages\/220\/revisions"}],"up":[{"embeddable":true,"href":"https:\/\/www.sistemafaeal.org.br\/senar\/wp-json\/wp\/v2\/pages\/212"}],"wp:attachment":[{"href":"https:\/\/www.sistemafaeal.org.br\/senar\/wp-json\/wp\/v2\/media?parent=220"}],"curies":[{"name":"wp","href":"https:\/\/api.w.org\/{rel}","templated":true}]}}