{"id":222,"date":"2016-11-16T17:27:22","date_gmt":"2016-11-16T19:27:22","guid":{"rendered":"http:\/\/senar.agropecuaria.ws\/?page_id=222"},"modified":"2016-11-18T15:42:05","modified_gmt":"2016-11-18T17:42:05","slug":"certificacao","status":"publish","type":"page","link":"https:\/\/www.sistemafaeal.org.br\/senar\/atuacao\/formacao-profissional-rural\/certificacao\/","title":{"rendered":"Certifica\u00e7\u00e3o"},"content":{"rendered":"<p>O participante dos cursos de Forma\u00e7\u00e3o Profissional Rural que tenha obtido freq\u00fc\u00eancia m\u00ednima de 80%, aprovado pelo instrutor e apto para o exerc\u00edcio da ocupa\u00e7\u00e3o receber\u00e1 o certificado de aproveitamento do SENAR-AR\/AL que tem reconhecimento e validade em todo Brasil.<\/p>\n","protected":false},"excerpt":{"rendered":"<p>O participante dos cursos de Forma\u00e7\u00e3o Profissional Rural que tenha obtido freq\u00fc\u00eancia m\u00ednima de 80%, aprovado pelo instrutor e apto para o exerc\u00edcio da ocupa\u00e7\u00e3o receber\u00e1 o certificado de aproveitamento do SENAR-AR\/AL que tem reconhecimento e validade em todo Brasil.<\/p>\n","protected":false},"author":1,"featured_media":0,"parent":212,"menu_order":0,"comment_status":"closed","ping_status":"closed","template":"page-pagebuilder-title.php","meta":{"footnotes":""},"class_list":["post-222","page","type-page","status-publish","hentry"],"_links":{"self":[{"href":"https:\/\/www.sistemafaeal.org.br\/senar\/wp-json\/wp\/v2\/pages\/222","targetHints":{"allow":["GET"]}}],"collection":[{"href":"https:\/\/www.sistemafaeal.org.br\/senar\/wp-json\/wp\/v2\/pages"}],"about":[{"href":"https:\/\/www.sistemafaeal.org.br\/senar\/wp-json\/wp\/v2\/types\/page"}],"author":[{"embeddable":true,"href":"https:\/\/www.sistemafaeal.org.br\/senar\/wp-json\/wp\/v2\/users\/1"}],"replies":[{"embeddable":true,"href":"https:\/\/www.sistemafaeal.org.br\/senar\/wp-json\/wp\/v2\/comments?post=222"}],"version-history":[{"count":0,"href":"https:\/\/www.sistemafaeal.org.br\/senar\/wp-json\/wp\/v2\/pages\/222\/revisions"}],"up":[{"embeddable":true,"href":"https:\/\/www.sistemafaeal.org.br\/senar\/wp-json\/wp\/v2\/pages\/212"}],"wp:attachment":[{"href":"https:\/\/www.sistemafaeal.org.br\/senar\/wp-json\/wp\/v2\/media?parent=222"}],"curies":[{"name":"wp","href":"https:\/\/api.w.org\/{rel}","templated":true}]}}