{"id":224,"date":"2016-11-16T17:27:54","date_gmt":"2016-11-16T19:27:54","guid":{"rendered":"http:\/\/senar.agropecuaria.ws\/?page_id=224"},"modified":"2016-11-18T17:28:08","modified_gmt":"2016-11-18T19:28:08","slug":"promocao-social","status":"publish","type":"page","link":"https:\/\/www.sistemafaeal.org.br\/senar\/atuacao\/promocao-social\/","title":{"rendered":"Promo\u00e7\u00e3o Social"},"content":{"rendered":"<ul>\n<li><a href=\"http:\/\/senar.agropecuaria.ws\/atuacao\/promocao-social\/o-que-e\/\">O que \u00e9?<\/a><\/li>\n<li><a href=\"http:\/\/senar.agropecuaria.ws\/atuacao\/promocao-social\/linha-de-acao\/\">Linha de A\u00e7\u00e3o<\/a><\/li>\n<li><a href=\"http:\/\/senar.agropecuaria.ws\/atuacao\/promocao-social\/programas\/\">Programas<\/a><\/li>\n<li><a href=\"http:\/\/senar.agropecuaria.ws\/atuacao\/promocao-social\/certificacao\/\">Certifica\u00e7\u00e3o<\/a><\/li>\n<\/ul>\n","protected":false},"excerpt":{"rendered":"<p>O que \u00e9? Linha de A\u00e7\u00e3o Programas Certifica\u00e7\u00e3o<\/p>\n","protected":false},"author":1,"featured_media":0,"parent":205,"menu_order":0,"comment_status":"closed","ping_status":"closed","template":"page-pagebuilder-title.php","meta":{"footnotes":""},"class_list":["post-224","page","type-page","status-publish","hentry"],"_links":{"self":[{"href":"https:\/\/www.sistemafaeal.org.br\/senar\/wp-json\/wp\/v2\/pages\/224","targetHints":{"allow":["GET"]}}],"collection":[{"href":"https:\/\/www.sistemafaeal.org.br\/senar\/wp-json\/wp\/v2\/pages"}],"about":[{"href":"https:\/\/www.sistemafaeal.org.br\/senar\/wp-json\/wp\/v2\/types\/page"}],"author":[{"embeddable":true,"href":"https:\/\/www.sistemafaeal.org.br\/senar\/wp-json\/wp\/v2\/users\/1"}],"replies":[{"embeddable":true,"href":"https:\/\/www.sistemafaeal.org.br\/senar\/wp-json\/wp\/v2\/comments?post=224"}],"version-history":[{"count":0,"href":"https:\/\/www.sistemafaeal.org.br\/senar\/wp-json\/wp\/v2\/pages\/224\/revisions"}],"up":[{"embeddable":true,"href":"https:\/\/www.sistemafaeal.org.br\/senar\/wp-json\/wp\/v2\/pages\/205"}],"wp:attachment":[{"href":"https:\/\/www.sistemafaeal.org.br\/senar\/wp-json\/wp\/v2\/media?parent=224"}],"curies":[{"name":"wp","href":"https:\/\/api.w.org\/{rel}","templated":true}]}}