{"id":226,"date":"2016-11-16T17:29:05","date_gmt":"2016-11-16T19:29:05","guid":{"rendered":"http:\/\/senar.agropecuaria.ws\/?page_id=226"},"modified":"2016-11-18T16:08:50","modified_gmt":"2016-11-18T18:08:50","slug":"o-que-e","status":"publish","type":"page","link":"https:\/\/www.sistemafaeal.org.br\/senar\/atuacao\/promocao-social\/o-que-e\/","title":{"rendered":"O que \u00e9"},"content":{"rendered":"<p>A Promo\u00e7\u00e3o Social \u00e9 um processo educativo, n\u00e3o-formal, participativo e sistematizado, que visa ao desenvolvimento das aptid\u00f5es pessoais e sociais do trabalhador, produtor rural e sua fam\u00edlia, numa perspectiva de melhor qualidade de vida, participa\u00e7\u00e3o na vida da comunidade e exerc\u00edcio da cidadania.<\/p>\n<p>As atividades de Promo\u00e7\u00e3o Social &#8211; s\u00e3o voltadas para as fam\u00edlias dos trabalhadores e produtores rurais. Elas t\u00eam enfoque educativo,\u00a0 car\u00e1ter preventivo, guardam complementaridade com as a\u00e7\u00f5es de Forma\u00e7\u00e3o Profissional Rural e, sempre que poss\u00edvel, contribuem com ganhos econ\u00f4micos para a fam\u00edlia.<\/p>\n","protected":false},"excerpt":{"rendered":"<p>A Promo\u00e7\u00e3o Social \u00e9 um processo educativo, n\u00e3o-formal, participativo e sistematizado, que visa ao desenvolvimento das aptid\u00f5es pessoais e sociais do trabalhador, produtor rural e sua fam\u00edlia, numa perspectiva de melhor qualidade de vida, participa\u00e7\u00e3o na vida da comunidade e exerc\u00edcio da cidadania. As atividades de Promo\u00e7\u00e3o Social &#8211; s\u00e3o voltadas para as fam\u00edlias dos [&hellip;]<\/p>\n","protected":false},"author":1,"featured_media":0,"parent":224,"menu_order":0,"comment_status":"closed","ping_status":"closed","template":"page-pagebuilder-title.php","meta":{"footnotes":""},"class_list":["post-226","page","type-page","status-publish","hentry"],"_links":{"self":[{"href":"https:\/\/www.sistemafaeal.org.br\/senar\/wp-json\/wp\/v2\/pages\/226","targetHints":{"allow":["GET"]}}],"collection":[{"href":"https:\/\/www.sistemafaeal.org.br\/senar\/wp-json\/wp\/v2\/pages"}],"about":[{"href":"https:\/\/www.sistemafaeal.org.br\/senar\/wp-json\/wp\/v2\/types\/page"}],"author":[{"embeddable":true,"href":"https:\/\/www.sistemafaeal.org.br\/senar\/wp-json\/wp\/v2\/users\/1"}],"replies":[{"embeddable":true,"href":"https:\/\/www.sistemafaeal.org.br\/senar\/wp-json\/wp\/v2\/comments?post=226"}],"version-history":[{"count":0,"href":"https:\/\/www.sistemafaeal.org.br\/senar\/wp-json\/wp\/v2\/pages\/226\/revisions"}],"up":[{"embeddable":true,"href":"https:\/\/www.sistemafaeal.org.br\/senar\/wp-json\/wp\/v2\/pages\/224"}],"wp:attachment":[{"href":"https:\/\/www.sistemafaeal.org.br\/senar\/wp-json\/wp\/v2\/media?parent=226"}],"curies":[{"name":"wp","href":"https:\/\/api.w.org\/{rel}","templated":true}]}}