{"id":230,"date":"2016-11-16T17:30:04","date_gmt":"2016-11-16T19:30:04","guid":{"rendered":"http:\/\/senar.agropecuaria.ws\/?page_id=230"},"modified":"2017-09-29T10:33:10","modified_gmt":"2017-09-29T13:33:10","slug":"linha-de-acao","status":"publish","type":"page","link":"https:\/\/www.sistemafaeal.org.br\/senar\/atuacao\/promocao-social\/linha-de-acao\/","title":{"rendered":"Linha de A\u00e7\u00e3o"},"content":{"rendered":"<p>[vc_row][vc_column][vc_wp_text]As atividades de Promo\u00e7\u00e3o Social pass\u00edvel de serem conduzidas pelo SENAR foram agrupadas em grandes linhas de a\u00e7\u00e3o.<\/p>\n<p>[\/vc_wp_text][vc_tta_accordion style=&#8221;modern&#8221; color=&#8221;green&#8221; active_section=&#8221;&#8221; collapsible_all=&#8221;true&#8221;][vc_tta_section i_icon_fontawesome=&#8221;fa fa-paint-brush&#8221; add_icon=&#8221;true&#8221; title=&#8221;Artesanato&#8221; tab_id=&#8221;1493407262338-d69801f8-4979&#8243;][vc_wp_text]As atividades relacionadas a esta \u00e1rea visam estimular e aprimorar a qualidade do artesanato, conservando as caracter\u00edsticas e as<br \/>\nexpress\u00f5es culturais, preservando e propagando a cultura e as tradi\u00e7\u00f5es regionais.<\/p>\n<p><span style=\"font-family: 'arial black', sans-serif; font-size: 14pt; font-color: green;\">Cursos<\/span><\/p>\n<p><a href=\"http:\/\/www.sistemafaeal.org.br\/senar\/atuacao\/promocao-social\/programas\/artesanato-arranjo-de-flores\/\">Arranjo de Flores<\/a><br \/>\n<a href=\"http:\/\/www.sistemafaeal.org.br\/senar\/atuacao\/promocao-social\/programas\/artesanato-bijuteria\/\">Bijuteria<\/a><br \/>\n<a href=\"http:\/\/www.sistemafaeal.org.br\/senar\/atuacao\/promocao-social\/programas\/artesanato-bolsa-de-pano\/\">Bolsa de Pano<\/a><br \/>\n<a href=\"http:\/\/www.sistemafaeal.org.br\/senar\/atuacao\/promocao-social\/programas\/artesanato-bordado-com-fitas\/\">Bordado com Fitas<\/a><br \/>\n<a href=\"http:\/\/www.sistemafaeal.org.br\/senar\/atuacao\/promocao-social\/programas\/artesanato-bordado-ponto-cruz\/\">Artesanato Bordado Ponto Cruz<\/a><br \/>\n<a href=\"http:\/\/www.sistemafaeal.org.br\/senar\/atuacao\/promocao-social\/programas\/artesanato-bordado-redender\/\">Bordado Redender<\/a><br \/>\n<a href=\"http:\/\/www.sistemafaeal.org.br\/senar\/atuacao\/promocao-social\/programas\/artesanato-bordado-singeleza\/\">Bordado Singeleza<\/a><br \/>\n<a href=\"http:\/\/www.sistemafaeal.org.br\/senar\/atuacao\/promocao-social\/programas\/artesanato-bordado-vagonite\/\">Bordado Vagonite<\/a><br \/>\n<a href=\"http:\/\/www.sistemafaeal.org.br\/senar\/atuacao\/promocao-social\/programas\/artesanato-cestaria-de-jornal\/\">Cestaria de Jornal<\/a><br \/>\n<a href=\"http:\/\/www.sistemafaeal.org.br\/senar\/atuacao\/promocao-social\/programas\/artesanato-escamas-de-peixe\/\">Escamas de Peixe<\/a><br \/>\n<a href=\"http:\/\/www.sistemafaeal.org.br\/senar\/atuacao\/promocao-social\/programas\/artesanato-fibra-de-bananeira\/\">Fibra de Bananeira<\/a><br \/>\n<a href=\"http:\/\/www.sistemafaeal.org.br\/senar\/atuacao\/promocao-social\/programas\/artesanato-file\/\">Fil\u00e9<\/a><br \/>\n<a href=\"http:\/\/www.sistemafaeal.org.br\/senar\/atuacao\/promocao-social\/programas\/artesanato-material-reciclavel\/\">Material Recicl\u00e1vel<\/a><br \/>\n<a href=\"http:\/\/www.sistemafaeal.org.br\/senar\/atuacao\/promocao-social\/programas\/artesanato-pintura-em-tecido\/\">Pintura em Tecido<\/a><br \/>\n<a href=\"http:\/\/www.sistemafaeal.org.br\/senar\/atuacao\/promocao-social\/programas\/artesanato-sandalias-artesanais\/\">Sand\u00e1lias Artesanais<\/a>[\/vc_wp_text][\/vc_tta_section][vc_tta_section i_icon_fontawesome=&#8221;fa fa-cutlery&#8221; add_icon=&#8221;true&#8221; title=&#8221;Alimenta\u00e7\u00e3o e Nutri\u00e7\u00e3o&#8221; tab_id=&#8221;1493407262414-41d10af0-bbf9&#8243;][vc_wp_text]As atividades relacionadas a esta \u00e1rea devem ter car\u00e1ter educativo fornecendo informa\u00e7\u00f5es b\u00e1sicas e serem voltadas para o consumo familiar,possibilitando ganhos econ\u00f4micos diretos e indiretos para a fam\u00edlia rural.<\/p>\n<p><span style=\"font-family: 'arial black', sans-serif; font-size: 14pt; font-color: green;\">Cursos<\/span><br \/>\n<a href=\"http:\/\/www.sistemafaeal.org.br\/senar\/atuacao\/promocao-social\/programas\/alimentacao-alternativa\/\">Alimenta\u00e7\u00e3o Alternativa<\/a><br \/>\n<a href=\"http:\/\/www.sistemafaeal.org.br\/senar\/atuacao\/promocao-social\/programas\/arte-culinaria-bolos-e-tortas\/\">Bolos e Tortas<\/a><br \/>\n<a href=\"http:\/\/www.sistemafaeal.org.br\/senar\/atuacao\/promocao-social\/programas\/arte-culinaria-doces-e-salgados\/\">Doces e Salgados<\/a><br \/>\n<a href=\"http:\/\/www.sistemafaeal.org.br\/senar\/atuacao\/promocao-social\/programas\/arte-culinaria-regional\/\">Culin\u00e1ria Regional<\/a><br \/>\n<a href=\"http:\/\/www.sistemafaeal.org.br\/senar\/atuacao\/promocao-social\/programas\/fabricacao-de-biscoitos\/\">Fabrica\u00e7\u00e3o de Biscoitos<\/a>[\/vc_wp_text][\/vc_tta_section][vc_tta_section i_icon_fontawesome=&#8221;fa fa-users&#8221; add_icon=&#8221;true&#8221; title=&#8221;Organiza\u00e7\u00e3o Comunit\u00e1ria&#8221; tab_id=&#8221;1493410665522-815908ee-a539&#8243;][vc_wp_text]As atividades relacionadas a esta \u00e1rea visam contribuir com a melhoria da qualidade de vida, estimulando e orientando o desenvolvimento comunit\u00e1rio.<\/p>\n<p><span style=\"font-family: 'arial black', sans-serif; font-size: 14pt;\">Cursos<\/span><br \/>\n<a href=\"http:\/\/www.sistemafaeal.org.br\/senar\/atuacao\/promocao-social\/programas\/associativismo\/\">Associativismo<\/a><br \/>\n<a href=\"http:\/\/www.sistemafaeal.org.br\/senar\/atuacao\/promocao-social\/programas\/cooperativismo\/\">Cooperativismo<\/a><br \/>\n<a href=\"http:\/\/www.sistemafaeal.org.br\/senar\/atuacao\/promocao-social\/programas\/relacoes-interpessoais\/\"> Rela\u00e7\u00f5es Interpessoais<\/a>[\/vc_wp_text][\/vc_tta_section][vc_tta_section i_icon_fontawesome=&#8221;fa fa-heart&#8221; add_icon=&#8221;true&#8221; title=&#8221;Sa\u00fade&#8221; tab_id=&#8221;1493410663185-5b89b35c-5d98&#8243;][vc_wp_text]As atividades relacionadas a esta \u00e1rea devem ter enfoque educativo e preventivo nos diversos aspectos da sa\u00fade f\u00edsica, mental e social da<br \/>\npopula\u00e7\u00e3o rural.<\/p>\n<p><span style=\"font-family: 'arial black', sans-serif; font-size: 14pt;\">Cursos<\/span><br \/>\n<a href=\"http:\/\/www.sistemafaeal.org.br\/senar\/atuacao\/formacao-profissional-rural\/cursos\/nocoes-de-combate-a-incendio\/\">No\u00e7\u00f5es de Combate a Inc\u00eandio<\/a><br \/>\n<a href=\"http:\/\/www.sistemafaeal.org.br\/senar\/atuacao\/promocao-social\/programas\/prevencao-de-acidentes\/\">Preven\u00e7\u00e3o de Acidentes<\/a><br \/>\n<a href=\"http:\/\/www.sistemafaeal.org.br\/senar\/atuacao\/promocao-social\/programas\/primeiros-socorros\/\">Primeiros Socorros<\/a><br \/>\n<a href=\"http:\/\/www.sistemafaeal.org.br\/senar\/atuacao\/promocao-social\/programas\/saude-do-trabalhador\/\">Sa\u00fade do trabalhador<\/a><br \/>\n<a href=\"http:\/\/www.sistemafaeal.org.br\/senar\/atuacao\/promocao-social\/programas\/seguranca-e-higiene-no-trabalho\/\">Seguran\u00e7a e Higiene no trabalho<\/a>[\/vc_wp_text][\/vc_tta_section][vc_tta_section i_icon_fontawesome=&#8221;fa fa-book&#8221; add_icon=&#8221;true&#8221; title=&#8221;Educa\u00e7\u00e3o&#8221; tab_id=&#8221;1493410958360-af78ecab-8c08&#8243;][vc_wp_text]A atividade relacionada a esta \u00e1rea possibilita a leitura, a escrita, \u00e0 compreens\u00e3o do texto e do contexto, al\u00e9m da realiza\u00e7\u00e3o de opera\u00e7\u00f5es<br \/>\nmatem\u00e1ticas b\u00e1sicas.<\/p>\n<p><span style=\"font-family: 'arial black', sans-serif; font-size: 14pt;\">Cursos<\/span><br \/>\n<a href=\"http:\/\/www.sistemafaeal.org.br\/senar\/atuacao\/formacao-profissional-rural\/cursos\/educacao-ambiental\/\">Educa\u00e7\u00e3o Ambiental<\/a>[\/vc_wp_text][\/vc_tta_section][\/vc_tta_accordion][\/vc_column][\/vc_row]<\/p>\n","protected":false},"excerpt":{"rendered":"<p>[vc_row][vc_column][vc_wp_text]As atividades de Promo\u00e7\u00e3o Social pass\u00edvel de serem conduzidas pelo SENAR foram agrupadas em grandes linhas de a\u00e7\u00e3o. [\/vc_wp_text][vc_tta_accordion style=&#8221;modern&#8221; color=&#8221;green&#8221; active_section=&#8221;&#8221; collapsible_all=&#8221;true&#8221;][vc_tta_section i_icon_fontawesome=&#8221;fa fa-paint-brush&#8221; add_icon=&#8221;true&#8221; title=&#8221;Artesanato&#8221; tab_id=&#8221;1493407262338-d69801f8-4979&#8243;][vc_wp_text]As atividades relacionadas a esta \u00e1rea visam estimular e aprimorar a qualidade do artesanato, conservando as caracter\u00edsticas e as express\u00f5es culturais, preservando e propagando a cultura e as [&hellip;]<\/p>\n","protected":false},"author":1,"featured_media":0,"parent":224,"menu_order":0,"comment_status":"closed","ping_status":"closed","template":"page-pagebuilder-title.php","meta":{"footnotes":""},"class_list":["post-230","page","type-page","status-publish","hentry"],"_links":{"self":[{"href":"https:\/\/www.sistemafaeal.org.br\/senar\/wp-json\/wp\/v2\/pages\/230","targetHints":{"allow":["GET"]}}],"collection":[{"href":"https:\/\/www.sistemafaeal.org.br\/senar\/wp-json\/wp\/v2\/pages"}],"about":[{"href":"https:\/\/www.sistemafaeal.org.br\/senar\/wp-json\/wp\/v2\/types\/page"}],"author":[{"embeddable":true,"href":"https:\/\/www.sistemafaeal.org.br\/senar\/wp-json\/wp\/v2\/users\/1"}],"replies":[{"embeddable":true,"href":"https:\/\/www.sistemafaeal.org.br\/senar\/wp-json\/wp\/v2\/comments?post=230"}],"version-history":[{"count":0,"href":"https:\/\/www.sistemafaeal.org.br\/senar\/wp-json\/wp\/v2\/pages\/230\/revisions"}],"up":[{"embeddable":true,"href":"https:\/\/www.sistemafaeal.org.br\/senar\/wp-json\/wp\/v2\/pages\/224"}],"wp:attachment":[{"href":"https:\/\/www.sistemafaeal.org.br\/senar\/wp-json\/wp\/v2\/media?parent=230"}],"curies":[{"name":"wp","href":"https:\/\/api.w.org\/{rel}","templated":true}]}}