{"id":234,"date":"2016-11-16T17:30:51","date_gmt":"2016-11-16T19:30:51","guid":{"rendered":"http:\/\/senar.agropecuaria.ws\/?page_id=234"},"modified":"2016-11-18T16:10:14","modified_gmt":"2016-11-18T18:10:14","slug":"certificacao","status":"publish","type":"page","link":"https:\/\/www.sistemafaeal.org.br\/senar\/atuacao\/promocao-social\/certificacao\/","title":{"rendered":"Certifica\u00e7\u00e3o"},"content":{"rendered":"<p>Nas a\u00e7\u00f5es de Promo\u00e7\u00e3o Social \u00e9 fornecido CERTIFICADO DE PARTICIPA\u00c7\u00c3O que atesta a participa\u00e7\u00e3o de uma pessoa que tenha obtido frequ\u00eancia m\u00ednima de 80%.<\/p>\n<p>&nbsp;<\/p>\n","protected":false},"excerpt":{"rendered":"<p>Nas a\u00e7\u00f5es de Promo\u00e7\u00e3o Social \u00e9 fornecido CERTIFICADO DE PARTICIPA\u00c7\u00c3O que atesta a participa\u00e7\u00e3o de uma pessoa que tenha obtido frequ\u00eancia m\u00ednima de 80%. &nbsp;<\/p>\n","protected":false},"author":1,"featured_media":0,"parent":224,"menu_order":0,"comment_status":"closed","ping_status":"closed","template":"page-pagebuilder-title.php","meta":{"footnotes":""},"class_list":["post-234","page","type-page","status-publish","hentry"],"_links":{"self":[{"href":"https:\/\/www.sistemafaeal.org.br\/senar\/wp-json\/wp\/v2\/pages\/234","targetHints":{"allow":["GET"]}}],"collection":[{"href":"https:\/\/www.sistemafaeal.org.br\/senar\/wp-json\/wp\/v2\/pages"}],"about":[{"href":"https:\/\/www.sistemafaeal.org.br\/senar\/wp-json\/wp\/v2\/types\/page"}],"author":[{"embeddable":true,"href":"https:\/\/www.sistemafaeal.org.br\/senar\/wp-json\/wp\/v2\/users\/1"}],"replies":[{"embeddable":true,"href":"https:\/\/www.sistemafaeal.org.br\/senar\/wp-json\/wp\/v2\/comments?post=234"}],"version-history":[{"count":0,"href":"https:\/\/www.sistemafaeal.org.br\/senar\/wp-json\/wp\/v2\/pages\/234\/revisions"}],"up":[{"embeddable":true,"href":"https:\/\/www.sistemafaeal.org.br\/senar\/wp-json\/wp\/v2\/pages\/224"}],"wp:attachment":[{"href":"https:\/\/www.sistemafaeal.org.br\/senar\/wp-json\/wp\/v2\/media?parent=234"}],"curies":[{"name":"wp","href":"https:\/\/api.w.org\/{rel}","templated":true}]}}