{"id":240,"date":"2016-11-16T17:32:22","date_gmt":"2016-11-16T19:32:22","guid":{"rendered":"http:\/\/senar.agropecuaria.ws\/?page_id=240"},"modified":"2016-11-18T16:22:36","modified_gmt":"2016-11-18T18:22:36","slug":"o-que-e","status":"publish","type":"page","link":"https:\/\/www.sistemafaeal.org.br\/senar\/atuacao\/e-tec\/o-que-e\/","title":{"rendered":"O que \u00e9?"},"content":{"rendered":"<p>Curso t\u00e9cnico com dura\u00e7\u00e3o de 4 semestres (2 anos), na modalidade a dist\u00e2ncia, carga hor\u00e1ria de 1.230 (mil duzentos e trinta) horas sendo 20% destinada a encontros presenciais. Curso totalmente gratuito, ideal para jovens e adultos que vivem e trabalham no campo. Curso com conte\u00fados pr\u00e1ticos<\/p>\n","protected":false},"excerpt":{"rendered":"<p>Curso t\u00e9cnico com dura\u00e7\u00e3o de 4 semestres (2 anos), na modalidade a dist\u00e2ncia, carga hor\u00e1ria de 1.230 (mil duzentos e trinta) horas sendo 20% destinada a encontros presenciais. Curso totalmente gratuito, ideal para jovens e adultos que vivem e trabalham no campo. Curso com conte\u00fados pr\u00e1ticos<\/p>\n","protected":false},"author":1,"featured_media":0,"parent":238,"menu_order":0,"comment_status":"closed","ping_status":"closed","template":"page-pagebuilder-title.php","meta":{"footnotes":""},"class_list":["post-240","page","type-page","status-publish","hentry"],"_links":{"self":[{"href":"https:\/\/www.sistemafaeal.org.br\/senar\/wp-json\/wp\/v2\/pages\/240","targetHints":{"allow":["GET"]}}],"collection":[{"href":"https:\/\/www.sistemafaeal.org.br\/senar\/wp-json\/wp\/v2\/pages"}],"about":[{"href":"https:\/\/www.sistemafaeal.org.br\/senar\/wp-json\/wp\/v2\/types\/page"}],"author":[{"embeddable":true,"href":"https:\/\/www.sistemafaeal.org.br\/senar\/wp-json\/wp\/v2\/users\/1"}],"replies":[{"embeddable":true,"href":"https:\/\/www.sistemafaeal.org.br\/senar\/wp-json\/wp\/v2\/comments?post=240"}],"version-history":[{"count":0,"href":"https:\/\/www.sistemafaeal.org.br\/senar\/wp-json\/wp\/v2\/pages\/240\/revisions"}],"up":[{"embeddable":true,"href":"https:\/\/www.sistemafaeal.org.br\/senar\/wp-json\/wp\/v2\/pages\/238"}],"wp:attachment":[{"href":"https:\/\/www.sistemafaeal.org.br\/senar\/wp-json\/wp\/v2\/media?parent=240"}],"curies":[{"name":"wp","href":"https:\/\/api.w.org\/{rel}","templated":true}]}}