{"id":244,"date":"2016-11-16T17:33:06","date_gmt":"2016-11-16T19:33:06","guid":{"rendered":"http:\/\/senar.agropecuaria.ws\/?page_id=244"},"modified":"2016-11-18T16:23:58","modified_gmt":"2016-11-18T18:23:58","slug":"objetivos","status":"publish","type":"page","link":"https:\/\/www.sistemafaeal.org.br\/senar\/atuacao\/e-tec\/objetivos\/","title":{"rendered":"Objetivos"},"content":{"rendered":"<h4>OBJETIVO GERAL<\/h4>\n<p>Formar profissionais habilitados na aplica\u00e7\u00e3o dos procedimentos de gest\u00e3o e de comercializa\u00e7\u00e3o do agroneg\u00f3cio, visando os diferentes segmentos e cadeias produtivas da agropecu\u00e1ria brasileira.<\/p>\n<h4>OBJETIVOS ESPEC\u00cdFICOS<\/h4>\n<ul>\n<li>Reconhecer a realidade do meio rural e as peculiaridades das atividades produtivas do agroneg\u00f3cio brasileiro.<\/li>\n<li>Identificar as principais potencialidades, limita\u00e7\u00f5es e desafios futuros do agroneg\u00f3cio e das principais cadeias produtivas da agropecu\u00e1ria brasileira.<\/li>\n<li>Analisar problemas em sistemas e processos de gest\u00e3o e de produ\u00e7\u00e3o agropecu\u00e1ria.<\/li>\n<li>Reconhecer os processos e sistemas agroindustriais e de melhoria da qualidade de produtos e servi\u00e7os agropecu\u00e1rios.<\/li>\n<li>Aplicar t\u00e9cnicas de empreendedorismo com capacidade cr\u00edtica, criativa e inovadora.<\/li>\n<li>Empregar t\u00e9cnicas de organiza\u00e7\u00e3o e distribui\u00e7\u00e3o eficiente do trabalho e dos recursos produtivos, visando \u00e0 racionaliza\u00e7\u00e3o de processos, economia de custos e a maximiza\u00e7\u00e3o dos resultados.<\/li>\n<li>Planejar a gest\u00e3o eficaz dos custos de produ\u00e7\u00e3o.<\/li>\n<li>Identificar alternativas de investimento em projetos para orientar tomadas de decis\u00f5es.<\/li>\n<li>Monitorar e avaliar pontos de controle de resultados.<\/li>\n<li>Identificar oportunidades e acompanhar planos e estrat\u00e9gias de marketing, visando \u00e0 amplia\u00e7\u00e3o de mercados e\/ou desenvolvimento de novos produtos e servi\u00e7os.<\/li>\n<li>Identificar defici\u00eancias de conhecimento da equipe para solicitar capacita\u00e7\u00f5es e treinamentos.<\/li>\n<li>Aplicar t\u00e9cnicas de comercializa\u00e7\u00e3o para melhorias de processos.<\/li>\n<li>Respeitar as normativas legais ambientais, sa\u00fade e de trabalho, bem como valores est\u00e9ticos e \u00e9ticos.<\/li>\n<li>Aplicar t\u00e9cnicas de gest\u00e3o e de desenvolvimento de neg\u00f3cios rurais respons\u00e1veis e sustent\u00e1veis.<\/li>\n<li>Identificar as necessidades de melhorias no servi\u00e7o de assist\u00eancia t\u00e9cnica e extens\u00e3o rural para neg\u00f3cios e estabelecimentos rurais.<\/li>\n<li>Reconhecer e aplicar os princ\u00edpios que norteiam o associativismo, o cooperativismo e o sistema sindical, preconizados pelos Sistemas Nacionais de Aprendizagem.<\/li>\n<li>Operar sistemas de informa\u00e7\u00f5es gerenciais de recursos humanos, f\u00edsicos e materiais, utilizando ferramentas da inform\u00e1tica b\u00e1sica, como suporte \u00e0 opera\u00e7\u00f5es organizacionais.<\/li>\n<\/ul>\n<p>&nbsp;<\/p>\n<h3>PERFIL DO PROFISSIONAL<\/h3>\n<p>O T\u00e9cnico em Agroneg\u00f3cio formado pelo SENAR \u00e9 um profissional especializado na execu\u00e7\u00e3o de procedimentos de gest\u00e3o do agroneg\u00f3cio, que planeja e auxilia na organiza\u00e7\u00e3o e controle das atividades de gest\u00e3o do agroneg\u00f3cio.<\/p>\n<p>Sua atua\u00e7\u00e3o n\u00e3o se limita aos processos internos de uma propriedade, podendo trabalhar em empresas comerciais, estabelecimentos agroindustriais, servi\u00e7os de assist\u00eancia t\u00e9cnica, extens\u00e3o rural e pesquisa. Al\u00e9m disso, \u00e9 um profissional consciente de seu valor e import\u00e2ncia para a sociedade brasileira.<\/p>\n<p>O T\u00e9cnico em Agroneg\u00f3cio do SENAR cumprir\u00e1 seu importante papel de agente de transforma\u00e7\u00e3o, na medida em que atuar\u00e1 como parceiro do produtor rural, por meio de t\u00e9cnicas inovadoras e sustent\u00e1veis, na conquista da produtividade e lucratividade, com vis\u00e3o empreendedora para a melhoria da qualidade de vida do meio rural.<\/p>\n","protected":false},"excerpt":{"rendered":"<p>OBJETIVO GERAL Formar profissionais habilitados na aplica\u00e7\u00e3o dos procedimentos de gest\u00e3o e de comercializa\u00e7\u00e3o do agroneg\u00f3cio, visando os diferentes segmentos e cadeias produtivas da agropecu\u00e1ria brasileira. OBJETIVOS ESPEC\u00cdFICOS Reconhecer a realidade do meio rural e as peculiaridades das atividades produtivas do agroneg\u00f3cio brasileiro. Identificar as principais potencialidades, limita\u00e7\u00f5es e desafios futuros do agroneg\u00f3cio e das [&hellip;]<\/p>\n","protected":false},"author":1,"featured_media":0,"parent":238,"menu_order":0,"comment_status":"closed","ping_status":"closed","template":"page-pagebuilder-title.php","meta":{"footnotes":""},"class_list":["post-244","page","type-page","status-publish","hentry"],"_links":{"self":[{"href":"https:\/\/www.sistemafaeal.org.br\/senar\/wp-json\/wp\/v2\/pages\/244","targetHints":{"allow":["GET"]}}],"collection":[{"href":"https:\/\/www.sistemafaeal.org.br\/senar\/wp-json\/wp\/v2\/pages"}],"about":[{"href":"https:\/\/www.sistemafaeal.org.br\/senar\/wp-json\/wp\/v2\/types\/page"}],"author":[{"embeddable":true,"href":"https:\/\/www.sistemafaeal.org.br\/senar\/wp-json\/wp\/v2\/users\/1"}],"replies":[{"embeddable":true,"href":"https:\/\/www.sistemafaeal.org.br\/senar\/wp-json\/wp\/v2\/comments?post=244"}],"version-history":[{"count":0,"href":"https:\/\/www.sistemafaeal.org.br\/senar\/wp-json\/wp\/v2\/pages\/244\/revisions"}],"up":[{"embeddable":true,"href":"https:\/\/www.sistemafaeal.org.br\/senar\/wp-json\/wp\/v2\/pages\/238"}],"wp:attachment":[{"href":"https:\/\/www.sistemafaeal.org.br\/senar\/wp-json\/wp\/v2\/media?parent=244"}],"curies":[{"name":"wp","href":"https:\/\/api.w.org\/{rel}","templated":true}]}}