{"id":246,"date":"2016-11-16T17:33:28","date_gmt":"2016-11-16T19:33:28","guid":{"rendered":"http:\/\/senar.agropecuaria.ws\/?page_id=246"},"modified":"2016-11-18T16:23:39","modified_gmt":"2016-11-18T18:23:39","slug":"certificacao","status":"publish","type":"page","link":"https:\/\/www.sistemafaeal.org.br\/senar\/atuacao\/e-tec\/certificacao\/","title":{"rendered":"Certifica\u00e7\u00e3o"},"content":{"rendered":"<p>Ao concluir com aprova\u00e7\u00e3o todos os m\u00f3dulos e disciplinas que comp\u00f5em a matriz curricular desta Habilita\u00e7\u00e3o T\u00e9cnica de N\u00edvel M\u00e9dio, integralizando a carga hor\u00e1ria total de 1.230 (mil duzentos e trinta) horas, o SENAR conferir\u00e1 o diploma de T\u00e9cnico em Agroneg\u00f3cio com validade nacional.<\/p>\n","protected":false},"excerpt":{"rendered":"<p>Ao concluir com aprova\u00e7\u00e3o todos os m\u00f3dulos e disciplinas que comp\u00f5em a matriz curricular desta Habilita\u00e7\u00e3o T\u00e9cnica de N\u00edvel M\u00e9dio, integralizando a carga hor\u00e1ria total de 1.230 (mil duzentos e trinta) horas, o SENAR conferir\u00e1 o diploma de T\u00e9cnico em Agroneg\u00f3cio com validade nacional.<\/p>\n","protected":false},"author":1,"featured_media":0,"parent":238,"menu_order":0,"comment_status":"closed","ping_status":"closed","template":"page-pagebuilder-title.php","meta":{"footnotes":""},"class_list":["post-246","page","type-page","status-publish","hentry"],"_links":{"self":[{"href":"https:\/\/www.sistemafaeal.org.br\/senar\/wp-json\/wp\/v2\/pages\/246","targetHints":{"allow":["GET"]}}],"collection":[{"href":"https:\/\/www.sistemafaeal.org.br\/senar\/wp-json\/wp\/v2\/pages"}],"about":[{"href":"https:\/\/www.sistemafaeal.org.br\/senar\/wp-json\/wp\/v2\/types\/page"}],"author":[{"embeddable":true,"href":"https:\/\/www.sistemafaeal.org.br\/senar\/wp-json\/wp\/v2\/users\/1"}],"replies":[{"embeddable":true,"href":"https:\/\/www.sistemafaeal.org.br\/senar\/wp-json\/wp\/v2\/comments?post=246"}],"version-history":[{"count":0,"href":"https:\/\/www.sistemafaeal.org.br\/senar\/wp-json\/wp\/v2\/pages\/246\/revisions"}],"up":[{"embeddable":true,"href":"https:\/\/www.sistemafaeal.org.br\/senar\/wp-json\/wp\/v2\/pages\/238"}],"wp:attachment":[{"href":"https:\/\/www.sistemafaeal.org.br\/senar\/wp-json\/wp\/v2\/media?parent=246"}],"curies":[{"name":"wp","href":"https:\/\/api.w.org\/{rel}","templated":true}]}}