{"id":335,"date":"2016-11-18T17:42:45","date_gmt":"2016-11-18T19:42:45","guid":{"rendered":"http:\/\/senar.agropecuaria.ws\/?page_id=335"},"modified":"2016-11-18T17:42:45","modified_gmt":"2016-11-18T19:42:45","slug":"inclusao-digital-rural","status":"publish","type":"page","link":"https:\/\/www.sistemafaeal.org.br\/senar\/atuacao\/programas-especiais\/inclusao-digital-rural\/","title":{"rendered":"Inclus\u00e3o Digital Rural"},"content":{"rendered":"<p>O programa Inclus\u00e3o Digital Rural abre oportunidades de crescimento a homens e mulheres do campo, com capacita\u00e7\u00f5es sobre o uso adequado e eficiente das novas tecnologias, do computador e da internet. Com dura\u00e7\u00e3o de 16 horas, os cursos de inclus\u00e3o digital ensinam no\u00e7\u00f5es b\u00e1sicas de inform\u00e1tica, como criar um e-mail e como navegar no site do Sistema CNA\/SENAR, o Canal do Produtor, que traz, todos os dias, informa\u00e7\u00f5es importantes para quem trabalha na \u00e1rea rural.<\/p>\n","protected":false},"excerpt":{"rendered":"<p>O programa Inclus\u00e3o Digital Rural abre oportunidades de crescimento a homens e mulheres do campo, com capacita\u00e7\u00f5es sobre o uso adequado e eficiente das novas tecnologias, do computador e da internet. Com dura\u00e7\u00e3o de 16 horas, os cursos de inclus\u00e3o digital ensinam no\u00e7\u00f5es b\u00e1sicas de inform\u00e1tica, como criar um e-mail e como navegar no site [&hellip;]<\/p>\n","protected":false},"author":1,"featured_media":0,"parent":333,"menu_order":0,"comment_status":"closed","ping_status":"closed","template":"page-pagebuilder-title.php","meta":{"footnotes":""},"class_list":["post-335","page","type-page","status-publish","hentry"],"_links":{"self":[{"href":"https:\/\/www.sistemafaeal.org.br\/senar\/wp-json\/wp\/v2\/pages\/335","targetHints":{"allow":["GET"]}}],"collection":[{"href":"https:\/\/www.sistemafaeal.org.br\/senar\/wp-json\/wp\/v2\/pages"}],"about":[{"href":"https:\/\/www.sistemafaeal.org.br\/senar\/wp-json\/wp\/v2\/types\/page"}],"author":[{"embeddable":true,"href":"https:\/\/www.sistemafaeal.org.br\/senar\/wp-json\/wp\/v2\/users\/1"}],"replies":[{"embeddable":true,"href":"https:\/\/www.sistemafaeal.org.br\/senar\/wp-json\/wp\/v2\/comments?post=335"}],"version-history":[{"count":0,"href":"https:\/\/www.sistemafaeal.org.br\/senar\/wp-json\/wp\/v2\/pages\/335\/revisions"}],"up":[{"embeddable":true,"href":"https:\/\/www.sistemafaeal.org.br\/senar\/wp-json\/wp\/v2\/pages\/333"}],"wp:attachment":[{"href":"https:\/\/www.sistemafaeal.org.br\/senar\/wp-json\/wp\/v2\/media?parent=335"}],"curies":[{"name":"wp","href":"https:\/\/api.w.org\/{rel}","templated":true}]}}