{"id":344,"date":"2016-11-18T17:43:16","date_gmt":"2016-11-18T19:43:16","guid":{"rendered":"http:\/\/senar.agropecuaria.ws\/?page_id=344"},"modified":"2016-11-18T17:43:16","modified_gmt":"2016-11-18T19:43:16","slug":"negocio-certo","status":"publish","type":"page","link":"https:\/\/www.sistemafaeal.org.br\/senar\/atuacao\/programas-especiais\/negocio-certo\/","title":{"rendered":"Neg\u00f3cio Certo"},"content":{"rendered":"<p>O programa NEG\u00d3CIO CERTO RURAL, \u00e9 voltado para pequenos produtores rurais e suas fam\u00edlias. Com ferramentas simples de gest\u00e3o eles aprendem a desenvolver e melhor administrar a pequena propriedade rural.<br \/>\nO programa tem 46 horas, sendo 2 horas de consultoria na sala de aula e 4 horas de consultoria na propriedade (de forma individual).<br \/>\nO Neg\u00f3cio Certo Rural tamb\u00e9m \u00e9 oferecido na modalidade \u00e0 dist\u00e2ncia, no portal EaD-SENAR.<\/p>\n","protected":false},"excerpt":{"rendered":"<p>O programa NEG\u00d3CIO CERTO RURAL, \u00e9 voltado para pequenos produtores rurais e suas fam\u00edlias. Com ferramentas simples de gest\u00e3o eles aprendem a desenvolver e melhor administrar a pequena propriedade rural. O programa tem 46 horas, sendo 2 horas de consultoria na sala de aula e 4 horas de consultoria na propriedade (de forma individual). O [&hellip;]<\/p>\n","protected":false},"author":1,"featured_media":0,"parent":333,"menu_order":0,"comment_status":"closed","ping_status":"closed","template":"page-pagebuilder-title.php","meta":{"footnotes":""},"class_list":["post-344","page","type-page","status-publish","hentry"],"_links":{"self":[{"href":"https:\/\/www.sistemafaeal.org.br\/senar\/wp-json\/wp\/v2\/pages\/344","targetHints":{"allow":["GET"]}}],"collection":[{"href":"https:\/\/www.sistemafaeal.org.br\/senar\/wp-json\/wp\/v2\/pages"}],"about":[{"href":"https:\/\/www.sistemafaeal.org.br\/senar\/wp-json\/wp\/v2\/types\/page"}],"author":[{"embeddable":true,"href":"https:\/\/www.sistemafaeal.org.br\/senar\/wp-json\/wp\/v2\/users\/1"}],"replies":[{"embeddable":true,"href":"https:\/\/www.sistemafaeal.org.br\/senar\/wp-json\/wp\/v2\/comments?post=344"}],"version-history":[{"count":0,"href":"https:\/\/www.sistemafaeal.org.br\/senar\/wp-json\/wp\/v2\/pages\/344\/revisions"}],"up":[{"embeddable":true,"href":"https:\/\/www.sistemafaeal.org.br\/senar\/wp-json\/wp\/v2\/pages\/333"}],"wp:attachment":[{"href":"https:\/\/www.sistemafaeal.org.br\/senar\/wp-json\/wp\/v2\/media?parent=344"}],"curies":[{"name":"wp","href":"https:\/\/api.w.org\/{rel}","templated":true}]}}