{"id":346,"date":"2016-11-18T17:43:42","date_gmt":"2016-11-18T19:43:42","guid":{"rendered":"http:\/\/senar.agropecuaria.ws\/?page_id=346"},"modified":"2016-11-18T17:43:42","modified_gmt":"2016-11-18T19:43:42","slug":"programa-saude-da-mulher","status":"publish","type":"page","link":"https:\/\/www.sistemafaeal.org.br\/senar\/atuacao\/programas-especiais\/programa-saude-da-mulher\/","title":{"rendered":"Programa Sa\u00fade da Mulher"},"content":{"rendered":"<p>O programa Especial Sa\u00fade da Mulher \u00e9 um Programa de Preven\u00e7\u00e3o do C\u00e2ncer do Colo do \u00datero realizado pelo SENAR em parceria com institui\u00e7\u00f5es e secretaria de sa\u00fade e educa\u00e7\u00e3o dos munic\u00edpios. Seu objetivo \u00e9 gerar oportunidades de educa\u00e7\u00e3o, preven\u00e7\u00e3o e diagn\u00f3stico do c\u00e2ncer do colo do \u00fatero em comunidades carentes, levando informa\u00e7\u00f5es importantes que conscientizem as mulheres do meio rural e possibilitem seu acesso ao exame preventivo.<\/p>\n","protected":false},"excerpt":{"rendered":"<p>O programa Especial Sa\u00fade da Mulher \u00e9 um Programa de Preven\u00e7\u00e3o do C\u00e2ncer do Colo do \u00datero realizado pelo SENAR em parceria com institui\u00e7\u00f5es e secretaria de sa\u00fade e educa\u00e7\u00e3o dos munic\u00edpios. Seu objetivo \u00e9 gerar oportunidades de educa\u00e7\u00e3o, preven\u00e7\u00e3o e diagn\u00f3stico do c\u00e2ncer do colo do \u00fatero em comunidades carentes, levando informa\u00e7\u00f5es importantes que [&hellip;]<\/p>\n","protected":false},"author":1,"featured_media":0,"parent":333,"menu_order":0,"comment_status":"closed","ping_status":"closed","template":"page-pagebuilder-title.php","meta":{"footnotes":""},"class_list":["post-346","page","type-page","status-publish","hentry"],"_links":{"self":[{"href":"https:\/\/www.sistemafaeal.org.br\/senar\/wp-json\/wp\/v2\/pages\/346","targetHints":{"allow":["GET"]}}],"collection":[{"href":"https:\/\/www.sistemafaeal.org.br\/senar\/wp-json\/wp\/v2\/pages"}],"about":[{"href":"https:\/\/www.sistemafaeal.org.br\/senar\/wp-json\/wp\/v2\/types\/page"}],"author":[{"embeddable":true,"href":"https:\/\/www.sistemafaeal.org.br\/senar\/wp-json\/wp\/v2\/users\/1"}],"replies":[{"embeddable":true,"href":"https:\/\/www.sistemafaeal.org.br\/senar\/wp-json\/wp\/v2\/comments?post=346"}],"version-history":[{"count":0,"href":"https:\/\/www.sistemafaeal.org.br\/senar\/wp-json\/wp\/v2\/pages\/346\/revisions"}],"up":[{"embeddable":true,"href":"https:\/\/www.sistemafaeal.org.br\/senar\/wp-json\/wp\/v2\/pages\/333"}],"wp:attachment":[{"href":"https:\/\/www.sistemafaeal.org.br\/senar\/wp-json\/wp\/v2\/media?parent=346"}],"curies":[{"name":"wp","href":"https:\/\/api.w.org\/{rel}","templated":true}]}}