{"id":348,"date":"2016-11-18T17:44:29","date_gmt":"2016-11-18T19:44:29","guid":{"rendered":"http:\/\/senar.agropecuaria.ws\/?page_id=348"},"modified":"2016-11-18T17:44:29","modified_gmt":"2016-11-18T19:44:29","slug":"programa-saude-do-homem","status":"publish","type":"page","link":"https:\/\/www.sistemafaeal.org.br\/senar\/atuacao\/programas-especiais\/programa-saude-do-homem\/","title":{"rendered":"Programa Sa\u00fade do Homem"},"content":{"rendered":"<p>O programa Especial Sa\u00fade do Homem gera oportunidades de educa\u00e7\u00e3o para a promo\u00e7\u00e3o da sa\u00fade e preven\u00e7\u00e3o de doen\u00e7as de homens do meio rural, contribuindo assim para melhoria da qualidade de vida. Tem como objetivos espec\u00edficos: Sensibilizar e conscientizar a popula\u00e7\u00e3o do meio rural sobre a import\u00e2ncia de atitudes para a promo\u00e7\u00e3o da sa\u00fade; Promover palestras sobre Higiene Pessoal, Planejamento Familiar,<br \/>\nDoen\u00e7as Sexualmente Transmiss\u00edveis, C\u00e2ncer de Pr\u00f3stata, C\u00e2ncer de P\u00eanis, Disfun\u00e7\u00e3o Er\u00e9til, entre outros de acordo com a realidade local; Realizar exames f\u00edsicos e\/ou laboratoriais com foco na sa\u00fade do homem.<br \/>\nTem como p\u00fablico alvo Produtores e Trabalhadores rurais com idade de 45 a 80 anos (para realiza\u00e7\u00e3o de exames) que nunca tenham feito ou estejam com o exame PSA atrasado, h\u00e1 pelo menos dois anos.<\/p>\n","protected":false},"excerpt":{"rendered":"<p>O programa Especial Sa\u00fade do Homem gera oportunidades de educa\u00e7\u00e3o para a promo\u00e7\u00e3o da sa\u00fade e preven\u00e7\u00e3o de doen\u00e7as de homens do meio rural, contribuindo assim para melhoria da qualidade de vida. Tem como objetivos espec\u00edficos: Sensibilizar e conscientizar a popula\u00e7\u00e3o do meio rural sobre a import\u00e2ncia de atitudes para a promo\u00e7\u00e3o da sa\u00fade; Promover [&hellip;]<\/p>\n","protected":false},"author":1,"featured_media":0,"parent":333,"menu_order":0,"comment_status":"closed","ping_status":"closed","template":"page-pagebuilder-title.php","meta":{"footnotes":""},"class_list":["post-348","page","type-page","status-publish","hentry"],"_links":{"self":[{"href":"https:\/\/www.sistemafaeal.org.br\/senar\/wp-json\/wp\/v2\/pages\/348","targetHints":{"allow":["GET"]}}],"collection":[{"href":"https:\/\/www.sistemafaeal.org.br\/senar\/wp-json\/wp\/v2\/pages"}],"about":[{"href":"https:\/\/www.sistemafaeal.org.br\/senar\/wp-json\/wp\/v2\/types\/page"}],"author":[{"embeddable":true,"href":"https:\/\/www.sistemafaeal.org.br\/senar\/wp-json\/wp\/v2\/users\/1"}],"replies":[{"embeddable":true,"href":"https:\/\/www.sistemafaeal.org.br\/senar\/wp-json\/wp\/v2\/comments?post=348"}],"version-history":[{"count":0,"href":"https:\/\/www.sistemafaeal.org.br\/senar\/wp-json\/wp\/v2\/pages\/348\/revisions"}],"up":[{"embeddable":true,"href":"https:\/\/www.sistemafaeal.org.br\/senar\/wp-json\/wp\/v2\/pages\/333"}],"wp:attachment":[{"href":"https:\/\/www.sistemafaeal.org.br\/senar\/wp-json\/wp\/v2\/media?parent=348"}],"curies":[{"name":"wp","href":"https:\/\/api.w.org\/{rel}","templated":true}]}}