{"id":350,"date":"2016-11-18T17:44:57","date_gmt":"2016-11-18T19:44:57","guid":{"rendered":"http:\/\/senar.agropecuaria.ws\/?page_id=350"},"modified":"2016-11-18T17:44:57","modified_gmt":"2016-11-18T19:44:57","slug":"sertao-empreendedor","status":"publish","type":"page","link":"https:\/\/www.sistemafaeal.org.br\/senar\/atuacao\/programas-especiais\/sertao-empreendedor\/","title":{"rendered":"Sert\u00e3o Empreendedor"},"content":{"rendered":"<p>Sert\u00e3o Empreendedor: Um Novo Tempo para o Semi\u00e1rido<br \/>\nSuperar as dificuldades impostas pela falta de chuvas e produzir em meio \u00e0 seca s\u00e3o os maiores desafios para quem vive no semi\u00e1rido brasileiro. O sertanejo, mesmo sendo um forte, como afirmou Euclides da Cunha, est\u00e1 cansado de esperar. Precisa de alternativas, de acesso a tecnologias que permitem conviver com o clima e trabalhar em diversas atividades. E isso \u00e9 poss\u00edvel porque o semi\u00e1rido brasileiro, apesar de todas as adversidades, \u00e9 o que registra o maior volume de chuva em rela\u00e7\u00e3o a outras regi\u00f5es semelhantes do planeta.<\/p>\n","protected":false},"excerpt":{"rendered":"<p>Sert\u00e3o Empreendedor: Um Novo Tempo para o Semi\u00e1rido Superar as dificuldades impostas pela falta de chuvas e produzir em meio \u00e0 seca s\u00e3o os maiores desafios para quem vive no semi\u00e1rido brasileiro. O sertanejo, mesmo sendo um forte, como afirmou Euclides da Cunha, est\u00e1 cansado de esperar. Precisa de alternativas, de acesso a tecnologias que [&hellip;]<\/p>\n","protected":false},"author":1,"featured_media":0,"parent":333,"menu_order":0,"comment_status":"closed","ping_status":"closed","template":"page-pagebuilder-title.php","meta":{"footnotes":""},"class_list":["post-350","page","type-page","status-publish","hentry"],"_links":{"self":[{"href":"https:\/\/www.sistemafaeal.org.br\/senar\/wp-json\/wp\/v2\/pages\/350","targetHints":{"allow":["GET"]}}],"collection":[{"href":"https:\/\/www.sistemafaeal.org.br\/senar\/wp-json\/wp\/v2\/pages"}],"about":[{"href":"https:\/\/www.sistemafaeal.org.br\/senar\/wp-json\/wp\/v2\/types\/page"}],"author":[{"embeddable":true,"href":"https:\/\/www.sistemafaeal.org.br\/senar\/wp-json\/wp\/v2\/users\/1"}],"replies":[{"embeddable":true,"href":"https:\/\/www.sistemafaeal.org.br\/senar\/wp-json\/wp\/v2\/comments?post=350"}],"version-history":[{"count":0,"href":"https:\/\/www.sistemafaeal.org.br\/senar\/wp-json\/wp\/v2\/pages\/350\/revisions"}],"up":[{"embeddable":true,"href":"https:\/\/www.sistemafaeal.org.br\/senar\/wp-json\/wp\/v2\/pages\/333"}],"wp:attachment":[{"href":"https:\/\/www.sistemafaeal.org.br\/senar\/wp-json\/wp\/v2\/media?parent=350"}],"curies":[{"name":"wp","href":"https:\/\/api.w.org\/{rel}","templated":true}]}}