{"id":365,"date":"2016-11-18T18:26:46","date_gmt":"2016-11-18T20:26:46","guid":{"rendered":"http:\/\/senar.agropecuaria.ws\/?page_id=365"},"modified":"2017-04-27T15:21:56","modified_gmt":"2017-04-27T18:21:56","slug":"o-que-e","status":"publish","type":"page","link":"https:\/\/www.sistemafaeal.org.br\/senar\/atuacao\/mais-pasto\/o-que-e\/","title":{"rendered":"O que \u00e9?"},"content":{"rendered":"<p style=\"text-align: justify;\">Em Alagoas, o setor prim\u00e1rio tem grande import\u00e2ncia na economia. S\u00e3o tradicionais os plantios de cana-de-a\u00e7\u00facar na zona da mata e a produ\u00e7\u00e3o de leite no semi\u00e1rido, com a pecu\u00e1ria de corte sendo explorada em todo o estado, de forma complementar \u00e0s duas atividades principais.<\/p>\n<p style=\"text-align: justify;\">No entanto, os resultados econ\u00f4micos alcan\u00e7ados na pecu\u00e1ria, tanto de corte como leiteira, tem levado os produtores a buscarem alternativas que permitam aumentar a produtividade, de forma que consigam sobreviver nas atividades. Ao mesmo tempo, as usinas processadoras de cana-de-a\u00e7\u00facar est\u00e3o passando por dificuldades e diminuindo a quantidade de fornecedores, o que leva a uma disponibilidade de terra para a pecu\u00e1ria, com a entrada de novos criadores em busca de alternativas de utiliza\u00e7\u00e3o de suas \u00e1reas.<\/p>\n<p style=\"text-align: justify;\">\u00a0\u00a0\u00a0\u00a0\u00a0\u00a0\u00a0\u00a0\u00a0\u00a0\u00a0 O <strong>Programa Mais Pasto<\/strong> tem como objetivo geral a qualifica\u00e7\u00e3o da produ\u00e7\u00e3o pecu\u00e1ria do Estado de Alagoas, atrav\u00e9s da difus\u00e3o de conhecimentos sobre utiliza\u00e7\u00e3o racional da pastagem e gest\u00e3o da propriedade rural.<\/p>\n<p style=\"text-align: justify;\">\u00a0\u00a0\u00a0\u00a0\u00a0\u00a0\u00a0\u00a0\u00a0\u00a0\u00a0 <strong>Seus objetivos espec\u00edficos s\u00e3o:<\/strong><\/p>\n<ol style=\"text-align: justify;\">\n<li>Aproveitar o potencial de produ\u00e7\u00e3o de pastos do Estado de Alagoas, em cada uma de suas regi\u00f5es clim\u00e1ticas;<\/li>\n<li>Melhorar os resultados econ\u00f4micos da propriedade rural;<\/li>\n<li>Demonstrar que a pecu\u00e1ria pode ser alternativa vi\u00e1vel de ocupa\u00e7\u00e3o das terras tradicionalmente ocupadas pela cana-de-a\u00e7\u00facar.<\/li>\n<\/ol>\n<p style=\"text-align: justify;\">\u00a0\u00a0\u00a0\u00a0\u00a0\u00a0\u00a0\u00a0\u00a0\u00a0\u00a0 O m\u00e9todo utilizado \u00e9 o fornecimento de consultoria coletiva aos pecuaristas, atrav\u00e9s de encontros peri\u00f3dicos, de participa\u00e7\u00e3o obrigat\u00f3ria, na sede do SENAR-AL. Al\u00e9m disso, s\u00e3o feitas visitas mensais \u00e0 cada propriedade rural, complementadas por contato intenso via telefone e correio eletr\u00f4nico.<\/p>\n<p style=\"text-align: justify;\">A capacita\u00e7\u00e3o gerencial ser\u00e1 feita com base nos tr\u00eas or\u00e7amentos da pecu\u00e1ria:\u00a0 or\u00e7amento alimentar, or\u00e7amento financeiro e or\u00e7amento de servi\u00e7os e m\u00e3o de obra. Assim, al\u00e9m da utiliza\u00e7\u00e3o de tecnologia, tamb\u00e9m ser\u00e1 trabalhada a gest\u00e3o do empreendimento em busca da qualifica\u00e7\u00e3o da produ\u00e7\u00e3o pecu\u00e1ria, partindo-se de orienta\u00e7\u00e3o multidisciplinar e com foco na gest\u00e3o, buscando-se incrementar a gera\u00e7\u00e3o de renda para os pecuaristas, suas fam\u00edlias e funcion\u00e1rios.<\/p>\n<p style=\"text-align: justify;\">\u00a0\u00a0\u00a0\u00a0\u00a0\u00a0\u00a0\u00a0\u00a0\u00a0\u00a0 Partir-se-\u00e1 do princ\u00edpio de que as t\u00e9cnicas para incremento da produ\u00e7\u00e3o pecu\u00e1ria \u00a0est\u00e3o dispon\u00edveis. No entanto, o grau de ado\u00e7\u00e3o \u00e9 baixo, intermitente e incompleto, pois usualmente o pecuarista \u00e9 levado a pensar que \u00e9 necess\u00e1rio gastar muito para adotar a intensifica\u00e7\u00e3o. Para mudar esta realidade, o <strong>Programa Mais Pasto<\/strong> manter\u00e1 os seguintes princ\u00edpios:<\/p>\n<ol style=\"text-align: justify;\">\n<li>A pastagem \u00e9 o alimento principal dos ruminantes e o fator de competitividade mais importante da pecu\u00e1ria brasileira<\/li>\n<li>Maximizar a utiliza\u00e7\u00e3o dos recursos existentes nas propriedades<\/li>\n<li>As solu\u00e7\u00f5es ser\u00e3o pensadas conforme a necessidade espec\u00edfica de cada pecuarista<\/li>\n<li>Respeito ao ambiente onde a propriedade est\u00e1 inserida (agricultura \u00e9 a ci\u00eancia das condi\u00e7\u00f5es locais, escreveu Andr\u00e9 Voisin, no long\u00ednquo ano de 1957)<\/li>\n<li>Capacita\u00e7\u00e3o continuada das pessoas \u2013 propriet\u00e1rios e funcion\u00e1rios \u2013 envolvidas na produ\u00e7\u00e3o pecu\u00e1ria<\/li>\n<li>Ado\u00e7\u00e3o de enfoque de administra\u00e7\u00e3o rural na escolha de solu\u00e7\u00f5es para a propriedade<\/li>\n<\/ol>\n<p style=\"text-align: justify;\">S\u00e3o exemplos de tecnologia que n\u00e3o demanda investimento exagerado e ao mesmo tempo torna mais efetiva a produ\u00e7\u00e3o pecu\u00e1ria \u2013 divis\u00e3o e rota\u00e7\u00e3o de pastagens como forma de aumentar a produ\u00e7\u00e3o de pasto e a carga animal da propriedade; prote\u00e7\u00e3o dos mananciais, para melhorar o abastecimento de \u00e1gua aos animais; plantio de pasto com utiliza\u00e7\u00e3o de calc\u00e1rio e\/ou gesso incorporados, para aumentar a \u00e1rea de solo explorado pelas ra\u00edzes; utiliza\u00e7\u00e3o de insemina\u00e7\u00e3o artificial para introdu\u00e7\u00e3o de gen\u00e9tica superior; treinamento da m\u00e3o de obra para execu\u00e7\u00e3o adequada das tecnologias adotadas na propriedade; entre outras.<\/p>\n<p style=\"text-align: justify;\">Assim, o <strong>Programa Mais Pasto<\/strong>, adotou a seguinte sequ\u00eancia de atividades para atingir seus objetivos:<\/p>\n<ol style=\"text-align: justify;\">\n<li>Semin\u00e1rio de sensibiliza\u00e7\u00e3o e explica\u00e7\u00e3o do Programa;<\/li>\n<li>Ades\u00e3o volunt\u00e1ria dos produtores;<\/li>\n<li>Diagn\u00f3stico das propriedades rurais;<\/li>\n<li>Estabelecimento de plano de melhorias, a\u00e7\u00f5es e investimentos para cada propriedade;<\/li>\n<li>Acompanhamento t\u00e9cnico mensal \u00e0s propriedades, com visita de instrutor do SENAR-AL;<\/li>\n<li>Capacita\u00e7\u00e3o coletiva dos propriet\u00e1rios, atrav\u00e9s de semin\u00e1rios bimestrais;<\/li>\n<li>Visitas bimestrais por amostragem por parte do consultor s\u00eanior do <strong>Programa Mais Pasto<\/strong>;<\/li>\n<li>Elabora\u00e7\u00e3o de material did\u00e1tico, de acordo com as necessidades e demandas levantadas na etapa de Diagn\u00f3stico, e conforme a evolu\u00e7\u00e3o do programa determina.<\/li>\n<\/ol>\n<p style=\"text-align: justify;\">Desta forma, foram selecionados dezoito criadores, para compor a turma piloto, que ser\u00e1 apoiada pelo <strong>Programa Mais Pasto<\/strong> durante vinte e quatro meses.<\/p>\n<p style=\"text-align: justify;\">A pecu\u00e1ria \u00e9 o setor com maior potencial econ\u00f4mico no Nordeste, mas nunca recebeu aten\u00e7\u00e3o de pol\u00edticas p\u00fablicas de m\u00e9dio e longo prazo. O SENAR-AL busca, mesmo com seus recursos limitados, reverter esta realidade e servir de exemplo de que existem solu\u00e7\u00f5es vi\u00e1veis e ao alcance de todos. Como demonstra o <strong>Programa Mais Pasto<\/strong>, o SENAR-AL acredita que a pecu\u00e1ria alagoana e nordestina, com pastagens bem manejadas, produzir\u00e1 carne e leite de qualidade para o Brasil e para o mundo, al\u00e9m de prosperidade econ\u00f4mica aos criadores e seus funcion\u00e1rios.<\/p>\n<p style=\"text-align: justify;\"><a href=\"http:\/\/www.sistemafaeal.org.br\/senar\/atuacao\/mais-pasto\/inscreva-se\/\"><img decoding=\"async\" class=\"aligncenter wp-image-999 size-full\" src=\"http:\/\/www.sistemafaeal.org.br\/senar\/wp-content\/uploads\/2016\/11\/button-maispasto-inscreva-se.png\" alt=\"\" width=\"400\" height=\"100\" srcset=\"https:\/\/www.sistemafaeal.org.br\/senar\/wp-content\/uploads\/2016\/11\/button-maispasto-inscreva-se.png 400w, https:\/\/www.sistemafaeal.org.br\/senar\/wp-content\/uploads\/2016\/11\/button-maispasto-inscreva-se-300x75.png 300w, https:\/\/www.sistemafaeal.org.br\/senar\/wp-content\/uploads\/2016\/11\/button-maispasto-inscreva-se-24x6.png 24w, https:\/\/www.sistemafaeal.org.br\/senar\/wp-content\/uploads\/2016\/11\/button-maispasto-inscreva-se-36x9.png 36w, https:\/\/www.sistemafaeal.org.br\/senar\/wp-content\/uploads\/2016\/11\/button-maispasto-inscreva-se-48x12.png 48w\" sizes=\"(max-width: 400px) 100vw, 400px\" \/><\/a><\/p>\n","protected":false},"excerpt":{"rendered":"<p>Em Alagoas, o setor prim\u00e1rio tem grande import\u00e2ncia na economia. S\u00e3o tradicionais os plantios de cana-de-a\u00e7\u00facar na zona da mata e a produ\u00e7\u00e3o de leite no semi\u00e1rido, com a pecu\u00e1ria de corte sendo explorada em todo o estado, de forma complementar \u00e0s duas atividades principais. No entanto, os resultados econ\u00f4micos alcan\u00e7ados na pecu\u00e1ria, tanto de [&hellip;]<\/p>\n","protected":false},"author":1,"featured_media":0,"parent":363,"menu_order":0,"comment_status":"closed","ping_status":"closed","template":"page-pagebuilder-title.php","meta":{"footnotes":""},"class_list":["post-365","page","type-page","status-publish","hentry"],"_links":{"self":[{"href":"https:\/\/www.sistemafaeal.org.br\/senar\/wp-json\/wp\/v2\/pages\/365","targetHints":{"allow":["GET"]}}],"collection":[{"href":"https:\/\/www.sistemafaeal.org.br\/senar\/wp-json\/wp\/v2\/pages"}],"about":[{"href":"https:\/\/www.sistemafaeal.org.br\/senar\/wp-json\/wp\/v2\/types\/page"}],"author":[{"embeddable":true,"href":"https:\/\/www.sistemafaeal.org.br\/senar\/wp-json\/wp\/v2\/users\/1"}],"replies":[{"embeddable":true,"href":"https:\/\/www.sistemafaeal.org.br\/senar\/wp-json\/wp\/v2\/comments?post=365"}],"version-history":[{"count":0,"href":"https:\/\/www.sistemafaeal.org.br\/senar\/wp-json\/wp\/v2\/pages\/365\/revisions"}],"up":[{"embeddable":true,"href":"https:\/\/www.sistemafaeal.org.br\/senar\/wp-json\/wp\/v2\/pages\/363"}],"wp:attachment":[{"href":"https:\/\/www.sistemafaeal.org.br\/senar\/wp-json\/wp\/v2\/media?parent=365"}],"curies":[{"name":"wp","href":"https:\/\/api.w.org\/{rel}","templated":true}]}}