{"id":422,"date":"2016-11-28T15:35:38","date_gmt":"2016-11-28T17:35:38","guid":{"rendered":"http:\/\/senar.agropecuaria.ws\/?page_id=422"},"modified":"2016-11-28T15:35:38","modified_gmt":"2016-11-28T17:35:38","slug":"administracao-rural","status":"publish","type":"page","link":"https:\/\/www.sistemafaeal.org.br\/senar\/atuacao\/formacao-profissional-rural\/cursos\/administracao-rural\/","title":{"rendered":"Administra\u00e7\u00e3o Rural"},"content":{"rendered":"<p style=\"text-align: justify;\"><strong>Objetivo: <\/strong>Capacitar o produtor rural para administrar sua empresa rural ou propriedade em regime de economia familiar, visando \u00e0 maximiza\u00e7\u00e3o dos fatores de produ\u00e7\u00e3o de forma a obter maiores ganhos, com uma vis\u00e3o empresarial.<\/p>\n<p style=\"text-align: justify;\"><strong>Justificativa: <\/strong>No mercado globalizado e competitivo, \u00e9 de grande import\u00e2ncia que o produtor tenha controle de custos e despesas com sua empresa rural, para que possa melhorar sua renda.<\/p>\n<p style=\"text-align: justify;\">Conte\u00fado Program\u00e1tico:<\/p>\n<p style=\"text-align: justify;\">&#8211; Avalia\u00e7\u00e3o sobre os pre\u00e7os do mercado<\/p>\n<p style=\"text-align: justify;\">&#8211; O que \u00e9 e para que serve a administra\u00e7\u00e3o rural<\/p>\n<p style=\"text-align: justify;\">&#8211; Hist\u00f3ria do produtor e de sua fam\u00edlia na agricultura<\/p>\n<p style=\"text-align: justify;\">&#8211; Fatores de produ\u00e7\u00e3o<\/p>\n<p style=\"text-align: justify;\">&#8211; M\u00e3o-de-obra familiar e contratada;<\/p>\n<p style=\"text-align: justify;\">&#8211; Custo de infraestrutura e estoques existentes na propriedade;<\/p>\n<p style=\"text-align: justify;\">&#8211; Os problemas do setor rural;<\/p>\n<p style=\"text-align: justify;\">&#8211; Conceitos de administra\u00e7\u00e3o rural; o que se pode administrar;<\/p>\n<p style=\"text-align: justify;\">&#8211; An\u00e1lise do uso de recursos na propriedade;<\/p>\n<p style=\"text-align: justify;\">&#8211; Formaliza\u00e7\u00e3o do fluxo de caixa;<\/p>\n<p style=\"text-align: justify;\">&#8211; Estrat\u00e9gias de Planejamento, organiza\u00e7\u00e3o, dire\u00e7\u00e3o e controle de propriedade rural;<\/p>\n<p style=\"text-align: justify;\">&#8211; An\u00e1lise econ\u00f4mica de uma propriedade;<\/p>\n<p style=\"text-align: justify;\">&#8211; Estimado os custos de produ\u00e7\u00e3o; Custos operacionais;<\/p>\n<p style=\"text-align: justify;\">&#8211; Margens e indicadores de resultados;<\/p>\n<p style=\"text-align: justify;\">&#8211; Crit\u00e9rios de decis\u00e3o para analisar investimentos;<\/p>\n<p style=\"text-align: justify;\">&#8211; Empreendedorismo; Avalia\u00e7\u00f5es.<\/p>\n<p style=\"text-align: justify;\"><strong>Carga hor\u00e1ria:<\/strong> <strong>32 horas<\/strong><\/p>\n<p style=\"text-align: justify;\"><strong>Participantes:<\/strong> m\u00ednimo 15, m\u00e1ximo 18.<\/p>\n<p style=\"text-align: justify;\"><strong>Pr\u00e9-Requisitos: Alfabetizado com no\u00e7\u00f5es b\u00e1sicas de matem\u00e1tica; N\u00e3o ser totalmente incapaz e ter idade m\u00ednima de 18 anos. <\/strong><\/p>\n","protected":false},"excerpt":{"rendered":"<p>Objetivo: Capacitar o produtor rural para administrar sua empresa rural ou propriedade em regime de economia familiar, visando \u00e0 maximiza\u00e7\u00e3o dos fatores de produ\u00e7\u00e3o de forma a obter maiores ganhos, com uma vis\u00e3o empresarial. Justificativa: No mercado globalizado e competitivo, \u00e9 de grande import\u00e2ncia que o produtor tenha controle de custos e despesas com sua [&hellip;]<\/p>\n","protected":false},"author":1,"featured_media":0,"parent":220,"menu_order":0,"comment_status":"closed","ping_status":"closed","template":"","meta":{"footnotes":""},"class_list":["post-422","page","type-page","status-publish","hentry"],"_links":{"self":[{"href":"https:\/\/www.sistemafaeal.org.br\/senar\/wp-json\/wp\/v2\/pages\/422","targetHints":{"allow":["GET"]}}],"collection":[{"href":"https:\/\/www.sistemafaeal.org.br\/senar\/wp-json\/wp\/v2\/pages"}],"about":[{"href":"https:\/\/www.sistemafaeal.org.br\/senar\/wp-json\/wp\/v2\/types\/page"}],"author":[{"embeddable":true,"href":"https:\/\/www.sistemafaeal.org.br\/senar\/wp-json\/wp\/v2\/users\/1"}],"replies":[{"embeddable":true,"href":"https:\/\/www.sistemafaeal.org.br\/senar\/wp-json\/wp\/v2\/comments?post=422"}],"version-history":[{"count":0,"href":"https:\/\/www.sistemafaeal.org.br\/senar\/wp-json\/wp\/v2\/pages\/422\/revisions"}],"up":[{"embeddable":true,"href":"https:\/\/www.sistemafaeal.org.br\/senar\/wp-json\/wp\/v2\/pages\/220"}],"wp:attachment":[{"href":"https:\/\/www.sistemafaeal.org.br\/senar\/wp-json\/wp\/v2\/media?parent=422"}],"curies":[{"name":"wp","href":"https:\/\/api.w.org\/{rel}","templated":true}]}}