{"id":426,"date":"2016-11-28T15:48:40","date_gmt":"2016-11-28T17:48:40","guid":{"rendered":"http:\/\/senar.agropecuaria.ws\/?page_id=426"},"modified":"2016-11-28T15:48:40","modified_gmt":"2016-11-28T17:48:40","slug":"apicultura-manejo","status":"publish","type":"page","link":"https:\/\/www.sistemafaeal.org.br\/senar\/atuacao\/formacao-profissional-rural\/cursos\/apicultura-manejo\/","title":{"rendered":"Apicultura Manejo"},"content":{"rendered":"<p><strong>Objetivo:<\/strong> Capacitar o produtor e\/ou trabalhador na cria\u00e7\u00e3o de abelhas para produ\u00e7\u00e3o de mel.<\/p>\n<p><strong>Justificativa:<\/strong> A apicultura no estado de Alagoas evidenciou um significativo crescimento na produ\u00e7\u00e3o de mel, que \u00e9 um alimento saboroso e de alta qualidade prot\u00e9ica, tamb\u00e9m gera um produto de f\u00e1cil comercializa\u00e7\u00e3o e isso influencia positivamente na manuten\u00e7\u00e3o alimentar e gera\u00e7\u00e3o de renda.<\/p>\n<p><strong>Conte\u00fado program\u00e1tico do curso: <\/strong><\/p>\n<p>&#8211; Acordo de conviv\u00eancia<\/p>\n<p>&#8211; Apresenta\u00e7\u00e3o SENAR<\/p>\n<p>&#8211; Higiene pessoal, ambiente, equipamentos<\/p>\n<p>&#8211; Educa\u00e7\u00e3o ambiental<\/p>\n<p>&#8211; Revis\u00e3o de colm\u00e9ias<\/p>\n<p>&#8211; Multiplica\u00e7\u00e3o de enxames<\/p>\n<p>&#8211; Introdu\u00e7\u00e3o de rainha<\/p>\n<p>&#8211; Alimenta\u00e7\u00e3o das abelhas<\/p>\n<p>&#8211; T\u00e9cnica na colheita do mel<\/p>\n<p>&#8211; Aproveitamento dos produtos<\/p>\n<p>&#8211; Comercializa\u00e7\u00e3o<\/p>\n<p>&#8211; Avalia\u00e7\u00e3o individual<\/p>\n<p><strong>Carga hor\u00e1ria:<\/strong> 16 horas<\/p>\n<p><strong>Participantes:<\/strong> m\u00ednimo 15, m\u00e1ximo 18.<\/p>\n<p><strong>Pr\u00e9-Requisitos: Ser Alfabetizado; N\u00e3o ser totalmente incapaz e ter idade m\u00ednima de 18 anos. <\/strong><\/p>\n","protected":false},"excerpt":{"rendered":"<p>Objetivo: Capacitar o produtor e\/ou trabalhador na cria\u00e7\u00e3o de abelhas para produ\u00e7\u00e3o de mel. Justificativa: A apicultura no estado de Alagoas evidenciou um significativo crescimento na produ\u00e7\u00e3o de mel, que \u00e9 um alimento saboroso e de alta qualidade prot\u00e9ica, tamb\u00e9m gera um produto de f\u00e1cil comercializa\u00e7\u00e3o e isso influencia positivamente na manuten\u00e7\u00e3o alimentar e gera\u00e7\u00e3o [&hellip;]<\/p>\n","protected":false},"author":1,"featured_media":0,"parent":220,"menu_order":0,"comment_status":"closed","ping_status":"closed","template":"","meta":{"footnotes":""},"class_list":["post-426","page","type-page","status-publish","hentry"],"_links":{"self":[{"href":"https:\/\/www.sistemafaeal.org.br\/senar\/wp-json\/wp\/v2\/pages\/426","targetHints":{"allow":["GET"]}}],"collection":[{"href":"https:\/\/www.sistemafaeal.org.br\/senar\/wp-json\/wp\/v2\/pages"}],"about":[{"href":"https:\/\/www.sistemafaeal.org.br\/senar\/wp-json\/wp\/v2\/types\/page"}],"author":[{"embeddable":true,"href":"https:\/\/www.sistemafaeal.org.br\/senar\/wp-json\/wp\/v2\/users\/1"}],"replies":[{"embeddable":true,"href":"https:\/\/www.sistemafaeal.org.br\/senar\/wp-json\/wp\/v2\/comments?post=426"}],"version-history":[{"count":0,"href":"https:\/\/www.sistemafaeal.org.br\/senar\/wp-json\/wp\/v2\/pages\/426\/revisions"}],"up":[{"embeddable":true,"href":"https:\/\/www.sistemafaeal.org.br\/senar\/wp-json\/wp\/v2\/pages\/220"}],"wp:attachment":[{"href":"https:\/\/www.sistemafaeal.org.br\/senar\/wp-json\/wp\/v2\/media?parent=426"}],"curies":[{"name":"wp","href":"https:\/\/api.w.org\/{rel}","templated":true}]}}