{"id":428,"date":"2016-11-28T15:52:08","date_gmt":"2016-11-28T17:52:08","guid":{"rendered":"http:\/\/senar.agropecuaria.ws\/?page_id=428"},"modified":"2016-11-28T15:52:08","modified_gmt":"2016-11-28T17:52:08","slug":"apicultura-polen","status":"publish","type":"page","link":"https:\/\/www.sistemafaeal.org.br\/senar\/atuacao\/formacao-profissional-rural\/cursos\/apicultura-polen\/","title":{"rendered":"Apicultura P\u00f3len"},"content":{"rendered":"<p><strong>Objetivo: <\/strong>Capacitar o produtor e\/ou trabalhador rural na cria\u00e7\u00e3o de abelha para a produ\u00e7\u00e3o de p\u00f3len.<\/p>\n<p><strong>Justificativa: <\/strong>Capacitar o produtor e\/ou trabalhador na cria\u00e7\u00e3o de abelhas para produ\u00e7\u00e3o de p\u00f3len.<\/p>\n<p><strong>Conte\u00fado Program\u00e1tico: <\/strong><\/p>\n<p>&#8211; Acordo de conviv\u00eancia<\/p>\n<p>&#8211; Apresenta\u00e7\u00e3o SENAR<\/p>\n<p>&#8211; Higiene pessoal, ambiente, equipamentos<\/p>\n<p>&#8211; Educa\u00e7\u00e3o ambiental<\/p>\n<p>&#8211; Biologia das Abelhas<\/p>\n<p>&#8211; Defini\u00e7\u00e3o de p\u00f3len<\/p>\n<p>&#8211; Flora Ap\u00edcola<\/p>\n<p>&#8211; Alimenta\u00e7\u00e3o das abelhas<\/p>\n<p>&#8211; Coletor de p\u00f3len<\/p>\n<p>&#8211; Manejo na produ\u00e7\u00e3o de p\u00f3len<\/p>\n<p>&#8211; Beneficiamento do p\u00f3len<\/p>\n<p>&#8211; Uso e propriedade do p\u00f3len<\/p>\n<p>&#8211; Avalia\u00e7\u00e3o<\/p>\n<p><strong>Carga Hor\u00e1ria:<\/strong> 24 horas<\/p>\n<p><strong>Participantes:<\/strong> m\u00ednimo 15, m\u00e1ximo 18.<\/p>\n<p><strong>Pr\u00e9-Requisitos: Ser Alfabetizado; N\u00e3o ser totalmente incapaz e ter idade m\u00ednima de 18 anos. <\/strong><\/p>\n","protected":false},"excerpt":{"rendered":"<p>Objetivo: Capacitar o produtor e\/ou trabalhador rural na cria\u00e7\u00e3o de abelha para a produ\u00e7\u00e3o de p\u00f3len. Justificativa: Capacitar o produtor e\/ou trabalhador na cria\u00e7\u00e3o de abelhas para produ\u00e7\u00e3o de p\u00f3len. Conte\u00fado Program\u00e1tico: &#8211; Acordo de conviv\u00eancia &#8211; Apresenta\u00e7\u00e3o SENAR &#8211; Higiene pessoal, ambiente, equipamentos &#8211; Educa\u00e7\u00e3o ambiental &#8211; Biologia das Abelhas &#8211; Defini\u00e7\u00e3o de p\u00f3len [&hellip;]<\/p>\n","protected":false},"author":1,"featured_media":0,"parent":220,"menu_order":0,"comment_status":"closed","ping_status":"closed","template":"","meta":{"footnotes":""},"class_list":["post-428","page","type-page","status-publish","hentry"],"_links":{"self":[{"href":"https:\/\/www.sistemafaeal.org.br\/senar\/wp-json\/wp\/v2\/pages\/428","targetHints":{"allow":["GET"]}}],"collection":[{"href":"https:\/\/www.sistemafaeal.org.br\/senar\/wp-json\/wp\/v2\/pages"}],"about":[{"href":"https:\/\/www.sistemafaeal.org.br\/senar\/wp-json\/wp\/v2\/types\/page"}],"author":[{"embeddable":true,"href":"https:\/\/www.sistemafaeal.org.br\/senar\/wp-json\/wp\/v2\/users\/1"}],"replies":[{"embeddable":true,"href":"https:\/\/www.sistemafaeal.org.br\/senar\/wp-json\/wp\/v2\/comments?post=428"}],"version-history":[{"count":0,"href":"https:\/\/www.sistemafaeal.org.br\/senar\/wp-json\/wp\/v2\/pages\/428\/revisions"}],"up":[{"embeddable":true,"href":"https:\/\/www.sistemafaeal.org.br\/senar\/wp-json\/wp\/v2\/pages\/220"}],"wp:attachment":[{"href":"https:\/\/www.sistemafaeal.org.br\/senar\/wp-json\/wp\/v2\/media?parent=428"}],"curies":[{"name":"wp","href":"https:\/\/api.w.org\/{rel}","templated":true}]}}