{"id":432,"date":"2016-11-28T15:53:13","date_gmt":"2016-11-28T17:53:13","guid":{"rendered":"http:\/\/senar.agropecuaria.ws\/?page_id=432"},"modified":"2016-11-28T15:53:13","modified_gmt":"2016-11-28T17:53:13","slug":"avicultura-basica","status":"publish","type":"page","link":"https:\/\/www.sistemafaeal.org.br\/senar\/atuacao\/formacao-profissional-rural\/cursos\/avicultura-basica\/","title":{"rendered":"Avicultura B\u00e1sica"},"content":{"rendered":"<p style=\"text-align: justify;\"><strong>Objetivo:<\/strong> Capacitar o produtor e\/ou trabalhador rural com t\u00e9cnicas adequadas na cria\u00e7\u00e3o de galinhas caipiras, contribuindo com isto na produ\u00e7\u00e3o de ovos e carne.<\/p>\n<p style=\"text-align: justify;\"><strong>Justificativa:<\/strong> A cria\u00e7\u00e3o de galinhas al\u00e9m de constituir uma fonte de alimento saboroso e de alta qualidade prot\u00e9ica, tamb\u00e9m gera um produto de f\u00e1cil comercializa\u00e7\u00e3o, devido \u00e0 grande procura pelos apreciadores dessa ave em qualquer \u00e9poca do ano. Esse fato influencia positivamente na manuten\u00e7\u00e3o alimentar e gera\u00e7\u00e3o de renda.<\/p>\n<p style=\"text-align: justify;\"><strong>Conte\u00fado program\u00e1tico do curso:<\/strong><\/p>\n<p style=\"text-align: justify;\">&#8211; Acordo de conviv\u00eancia<\/p>\n<p style=\"text-align: justify;\">&#8211; Apresenta\u00e7\u00e3o SENAR<\/p>\n<p style=\"text-align: justify;\">&#8211; Higiene pessoal, ambiente, equipamentos<\/p>\n<p style=\"text-align: justify;\">&#8211; Educa\u00e7\u00e3o ambiental<\/p>\n<p style=\"text-align: justify;\">&#8211; Hist\u00f3rico e import\u00e2ncia da explora\u00e7\u00e3o av\u00edcola<\/p>\n<p style=\"text-align: justify;\">&#8211; Tipos de cria\u00e7\u00e3o \u2013 ra\u00e7as<\/p>\n<p style=\"text-align: justify;\">&#8211; No\u00e7\u00f5es sobre sistema de produ\u00e7\u00e3o<\/p>\n<p style=\"text-align: justify;\">&#8211; Instala\u00e7\u00f5es e equipamentos<\/p>\n<p style=\"text-align: justify;\">&#8211; Manejo na cria\u00e7\u00e3o<\/p>\n<p style=\"text-align: justify;\">&#8211; Vacina\u00e7\u00e3o<\/p>\n<p style=\"text-align: justify;\">&#8211; Vermifuga\u00e7\u00e3o<\/p>\n<p style=\"text-align: justify;\">&#8211; Avalia\u00e7\u00e3o individual<\/p>\n<p style=\"text-align: justify;\"><strong>Carga hor\u00e1ria:<\/strong> 24 horas<\/p>\n<p style=\"text-align: justify;\"><strong>Participantes:<\/strong> m\u00ednimo 15, m\u00e1ximo 18.<\/p>\n<p style=\"text-align: justify;\"><strong>Pr\u00e9-Requisitos: Ser Alfabetizado; N\u00e3o ser totalmente incapaz e ter idade m\u00ednima de 18 anos. <\/strong><\/p>\n","protected":false},"excerpt":{"rendered":"<p>Objetivo: Capacitar o produtor e\/ou trabalhador rural com t\u00e9cnicas adequadas na cria\u00e7\u00e3o de galinhas caipiras, contribuindo com isto na produ\u00e7\u00e3o de ovos e carne. Justificativa: A cria\u00e7\u00e3o de galinhas al\u00e9m de constituir uma fonte de alimento saboroso e de alta qualidade prot\u00e9ica, tamb\u00e9m gera um produto de f\u00e1cil comercializa\u00e7\u00e3o, devido \u00e0 grande procura pelos apreciadores [&hellip;]<\/p>\n","protected":false},"author":1,"featured_media":0,"parent":220,"menu_order":0,"comment_status":"closed","ping_status":"closed","template":"","meta":{"footnotes":""},"class_list":["post-432","page","type-page","status-publish","hentry"],"_links":{"self":[{"href":"https:\/\/www.sistemafaeal.org.br\/senar\/wp-json\/wp\/v2\/pages\/432","targetHints":{"allow":["GET"]}}],"collection":[{"href":"https:\/\/www.sistemafaeal.org.br\/senar\/wp-json\/wp\/v2\/pages"}],"about":[{"href":"https:\/\/www.sistemafaeal.org.br\/senar\/wp-json\/wp\/v2\/types\/page"}],"author":[{"embeddable":true,"href":"https:\/\/www.sistemafaeal.org.br\/senar\/wp-json\/wp\/v2\/users\/1"}],"replies":[{"embeddable":true,"href":"https:\/\/www.sistemafaeal.org.br\/senar\/wp-json\/wp\/v2\/comments?post=432"}],"version-history":[{"count":0,"href":"https:\/\/www.sistemafaeal.org.br\/senar\/wp-json\/wp\/v2\/pages\/432\/revisions"}],"up":[{"embeddable":true,"href":"https:\/\/www.sistemafaeal.org.br\/senar\/wp-json\/wp\/v2\/pages\/220"}],"wp:attachment":[{"href":"https:\/\/www.sistemafaeal.org.br\/senar\/wp-json\/wp\/v2\/media?parent=432"}],"curies":[{"name":"wp","href":"https:\/\/api.w.org\/{rel}","templated":true}]}}