{"id":434,"date":"2016-11-28T15:54:09","date_gmt":"2016-11-28T17:54:09","guid":{"rendered":"http:\/\/senar.agropecuaria.ws\/?page_id=434"},"modified":"2016-11-28T15:54:09","modified_gmt":"2016-11-28T17:54:09","slug":"bovinocultura-de-leite-sanidade","status":"publish","type":"page","link":"https:\/\/www.sistemafaeal.org.br\/senar\/atuacao\/formacao-profissional-rural\/cursos\/bovinocultura-de-leite-sanidade\/","title":{"rendered":"Bovinocultura de Leite &#8211; Sanidade"},"content":{"rendered":"<p style=\"text-align: justify;\"><strong>Objetivo:<\/strong> Capacitar o produtor e\/ou trabalhador rural no manejo de bovinos de maneira correta e eficiente, visando produzir leite com qualidade.<\/p>\n<p style=\"text-align: justify;\"><strong>Justificativa:<\/strong> O estado de Alagoas possui um rebanho de vacas leiteiras de alta qualidade gen\u00e9tica e chegou a ser exportador de leite para outras regi\u00f5es do nordeste, por\u00e9m vem perdendo competitividade no mercado, por isso \u00e9 necess\u00e1rio aplicar t\u00e9cnicas adequadas de manejo na bovinocultura de leite, visando uma maior produ\u00e7\u00e3o e produtividade. Sendo o leite um alimento em alta qualidade de nutrientes e um produto de grande aceita\u00e7\u00e3o pelos consumidores, influencia positivamente na manuten\u00e7\u00e3o alimentar e gera\u00e7\u00e3o de renda do produtor rural.<\/p>\n<p style=\"text-align: justify;\"><strong>Conte\u00fado program\u00e1tico do curso:<\/strong><\/p>\n<p style=\"text-align: justify;\">&#8211; Acordo de conviv\u00eancia<\/p>\n<p style=\"text-align: justify;\">&#8211; Apresenta\u00e7\u00e3o SENAR<\/p>\n<p style=\"text-align: justify;\">&#8211; Higiene pessoal, ambiente, equipamentos<\/p>\n<p style=\"text-align: justify;\">&#8211; Educa\u00e7\u00e3o ambiental<\/p>\n<p style=\"text-align: justify;\">&#8211; No\u00e7\u00f5es de higiene de materiais, instala\u00e7\u00f5es e equipamentos<\/p>\n<p style=\"text-align: justify;\">&#8211; Desinfec\u00e7\u00e3o de agulhas e seringas<\/p>\n<p style=\"text-align: justify;\">&#8211; Principais doen\u00e7as e seu controle<\/p>\n<p style=\"text-align: justify;\">&#8211; Preven\u00e7\u00e3o e diagn\u00f3stico de mastite<\/p>\n<p style=\"text-align: justify;\">&#8211; Conten\u00e7\u00e3o e aplica\u00e7\u00e3o de medicamentos<\/p>\n<p style=\"text-align: justify;\">&#8211; Administra\u00e7\u00e3o de medicamentos<\/p>\n<p style=\"text-align: justify;\">&#8211; Manejo alimentar<\/p>\n<p style=\"text-align: justify;\">&#8211; Avalia\u00e7\u00e3o individual<\/p>\n<p style=\"text-align: justify;\"><strong>Carga hor\u00e1ria:<\/strong> 24 horas<\/p>\n<p style=\"text-align: justify;\"><strong>Participantes:<\/strong> m\u00ednimo 15, m\u00e1ximo 18.<\/p>\n<p style=\"text-align: justify;\"><strong>Pr\u00e9-Requisitos: Ser alfabetizado; N\u00e3o ser totalmente incapaz e ter idade m\u00ednima de 18 anos. <\/strong><\/p>\n","protected":false},"excerpt":{"rendered":"<p>Objetivo: Capacitar o produtor e\/ou trabalhador rural no manejo de bovinos de maneira correta e eficiente, visando produzir leite com qualidade. Justificativa: O estado de Alagoas possui um rebanho de vacas leiteiras de alta qualidade gen\u00e9tica e chegou a ser exportador de leite para outras regi\u00f5es do nordeste, por\u00e9m vem perdendo competitividade no mercado, por [&hellip;]<\/p>\n","protected":false},"author":1,"featured_media":0,"parent":220,"menu_order":0,"comment_status":"closed","ping_status":"closed","template":"","meta":{"footnotes":""},"class_list":["post-434","page","type-page","status-publish","hentry"],"_links":{"self":[{"href":"https:\/\/www.sistemafaeal.org.br\/senar\/wp-json\/wp\/v2\/pages\/434","targetHints":{"allow":["GET"]}}],"collection":[{"href":"https:\/\/www.sistemafaeal.org.br\/senar\/wp-json\/wp\/v2\/pages"}],"about":[{"href":"https:\/\/www.sistemafaeal.org.br\/senar\/wp-json\/wp\/v2\/types\/page"}],"author":[{"embeddable":true,"href":"https:\/\/www.sistemafaeal.org.br\/senar\/wp-json\/wp\/v2\/users\/1"}],"replies":[{"embeddable":true,"href":"https:\/\/www.sistemafaeal.org.br\/senar\/wp-json\/wp\/v2\/comments?post=434"}],"version-history":[{"count":0,"href":"https:\/\/www.sistemafaeal.org.br\/senar\/wp-json\/wp\/v2\/pages\/434\/revisions"}],"up":[{"embeddable":true,"href":"https:\/\/www.sistemafaeal.org.br\/senar\/wp-json\/wp\/v2\/pages\/220"}],"wp:attachment":[{"href":"https:\/\/www.sistemafaeal.org.br\/senar\/wp-json\/wp\/v2\/media?parent=434"}],"curies":[{"name":"wp","href":"https:\/\/api.w.org\/{rel}","templated":true}]}}