{"id":436,"date":"2016-11-28T15:54:39","date_gmt":"2016-11-28T17:54:39","guid":{"rendered":"http:\/\/senar.agropecuaria.ws\/?page_id=436"},"modified":"2016-11-28T15:54:39","modified_gmt":"2016-11-28T17:54:39","slug":"bovinocultura-de-leite-ordenha-manual","status":"publish","type":"page","link":"https:\/\/www.sistemafaeal.org.br\/senar\/atuacao\/formacao-profissional-rural\/cursos\/bovinocultura-de-leite-ordenha-manual\/","title":{"rendered":"Bovinocultura de Leite &#8211; Ordenha Manual"},"content":{"rendered":"<p style=\"text-align: justify;\"><strong>Objetivo:<\/strong> Capacitar o produtor e\/ou trabalhador rural no manejo de bovinos de maneira correta e eficiente, visando produzir leite com qualidade.<\/p>\n<p style=\"text-align: justify;\"><strong>Justificativa:<\/strong> Esse treinamento mostra ao produtor e\/ou trabalhador rural t\u00e9cnicas adequadas na pr\u00e1tica de ordenha manual, visando produzir leite com qualidade.<\/p>\n<p style=\"text-align: justify;\"><strong>Conte\u00fado program\u00e1tico do curso:<\/strong><\/p>\n<p style=\"text-align: justify;\">&#8211; Acordo de conviv\u00eancia<\/p>\n<p style=\"text-align: justify;\">&#8211; Apresenta\u00e7\u00e3o SENAR<\/p>\n<p style=\"text-align: justify;\">&#8211; Higiene pessoal, ambiente, equipamentos<\/p>\n<p style=\"text-align: justify;\">&#8211; Educa\u00e7\u00e3o ambiental<\/p>\n<p style=\"text-align: justify;\">&#8211; Teste para detec\u00e7\u00e3o de mastite<\/p>\n<p style=\"text-align: justify;\">&#8211; Tratamento de mastite<\/p>\n<p style=\"text-align: justify;\">&#8211; Higieniza\u00e7\u00e3o do ambiente<\/p>\n<p style=\"text-align: justify;\">&#8211; Higieniza\u00e7\u00e3o das tetas<\/p>\n<p style=\"text-align: justify;\">&#8211; Higieniza\u00e7\u00e3o dos utens\u00edlios<\/p>\n<p style=\"text-align: justify;\">&#8211; Higieniza\u00e7\u00e3o do ordenhador<\/p>\n<p style=\"text-align: justify;\">&#8211; Discuss\u00e3o sobre a Norma Regulamentadora \u2013 NR 51<\/p>\n<p style=\"text-align: justify;\">&#8211; Avalia\u00e7\u00e3o individual<\/p>\n<p style=\"text-align: justify;\"><strong>Carga hor\u00e1ria:<\/strong> 8 horas<\/p>\n<p style=\"text-align: justify;\"><strong>Participantes:<\/strong> m\u00ednimo 15, m\u00e1ximo 18.<\/p>\n<p style=\"text-align: justify;\"><strong>Pr\u00e9-Requisitos: Ser alfabetizado; N\u00e3o ser totalmente incapaz e ter idade m\u00ednima de 18 anos. <\/strong><\/p>\n","protected":false},"excerpt":{"rendered":"<p>Objetivo: Capacitar o produtor e\/ou trabalhador rural no manejo de bovinos de maneira correta e eficiente, visando produzir leite com qualidade. Justificativa: Esse treinamento mostra ao produtor e\/ou trabalhador rural t\u00e9cnicas adequadas na pr\u00e1tica de ordenha manual, visando produzir leite com qualidade. Conte\u00fado program\u00e1tico do curso: &#8211; Acordo de conviv\u00eancia &#8211; Apresenta\u00e7\u00e3o SENAR &#8211; Higiene [&hellip;]<\/p>\n","protected":false},"author":1,"featured_media":0,"parent":220,"menu_order":0,"comment_status":"closed","ping_status":"closed","template":"","meta":{"footnotes":""},"class_list":["post-436","page","type-page","status-publish","hentry"],"_links":{"self":[{"href":"https:\/\/www.sistemafaeal.org.br\/senar\/wp-json\/wp\/v2\/pages\/436","targetHints":{"allow":["GET"]}}],"collection":[{"href":"https:\/\/www.sistemafaeal.org.br\/senar\/wp-json\/wp\/v2\/pages"}],"about":[{"href":"https:\/\/www.sistemafaeal.org.br\/senar\/wp-json\/wp\/v2\/types\/page"}],"author":[{"embeddable":true,"href":"https:\/\/www.sistemafaeal.org.br\/senar\/wp-json\/wp\/v2\/users\/1"}],"replies":[{"embeddable":true,"href":"https:\/\/www.sistemafaeal.org.br\/senar\/wp-json\/wp\/v2\/comments?post=436"}],"version-history":[{"count":0,"href":"https:\/\/www.sistemafaeal.org.br\/senar\/wp-json\/wp\/v2\/pages\/436\/revisions"}],"up":[{"embeddable":true,"href":"https:\/\/www.sistemafaeal.org.br\/senar\/wp-json\/wp\/v2\/pages\/220"}],"wp:attachment":[{"href":"https:\/\/www.sistemafaeal.org.br\/senar\/wp-json\/wp\/v2\/media?parent=436"}],"curies":[{"name":"wp","href":"https:\/\/api.w.org\/{rel}","templated":true}]}}