{"id":438,"date":"2016-11-28T15:55:11","date_gmt":"2016-11-28T17:55:11","guid":{"rendered":"http:\/\/senar.agropecuaria.ws\/?page_id=438"},"modified":"2016-11-28T15:55:11","modified_gmt":"2016-11-28T17:55:11","slug":"bovinocultura-de-leite-alimentacao","status":"publish","type":"page","link":"https:\/\/www.sistemafaeal.org.br\/senar\/atuacao\/formacao-profissional-rural\/cursos\/bovinocultura-de-leite-alimentacao\/","title":{"rendered":"Bovinocultura de Leite &#8211; Alimenta\u00e7\u00e3o"},"content":{"rendered":"<p style=\"text-align: justify;\"><strong>Objetivo:<\/strong> Capacitar o produtor e\/ou trabalhador rural no manejo de alimentos para bovinos de leite de maneira correta e eficiente, visando produzir leite com qualidade.<\/p>\n<p style=\"text-align: justify;\"><strong>Justificativa:<\/strong> Capacitar o produtor e\/ou trabalhador rural com t\u00e9cnicas adequadas de manejo na bovinocultura de leite, visando uma maior produ\u00e7\u00e3o e produtividade. Sendo o leite um alimento de alta qualidade em nutrientes e um produto de grande aceita\u00e7\u00e3o pelos consumidores, influencia positivamente na manuten\u00e7\u00e3o alimentar e gera\u00e7\u00e3o de renda do produtor rural.<\/p>\n<p style=\"text-align: justify;\"><strong>Conte\u00fado program\u00e1tico do curso:<\/strong><\/p>\n<p style=\"text-align: justify;\">&#8211; Acordo de conviv\u00eancia<\/p>\n<p style=\"text-align: justify;\">&#8211; Apresenta\u00e7\u00e3o SENAR<\/p>\n<p style=\"text-align: justify;\">&#8211; Higiene pessoal, ambiente, equipamentos<\/p>\n<p style=\"text-align: justify;\">&#8211; Educa\u00e7\u00e3o ambiental<\/p>\n<p style=\"text-align: justify;\">&#8211; Conserva\u00e7\u00e3o de forragem<\/p>\n<p style=\"text-align: justify;\">&#8211; Silagem<\/p>\n<p style=\"text-align: justify;\">&#8211; Feno<\/p>\n<p style=\"text-align: justify;\">&#8211; Fornecer alimentos conforme a categoria do animal<\/p>\n<p style=\"text-align: justify;\">&#8211; Minera\u00e7\u00e3o<\/p>\n<p style=\"text-align: justify;\">&#8211; Avalia\u00e7\u00e3o individual<\/p>\n<p style=\"text-align: justify;\"><strong>Carga hor\u00e1ria:<\/strong> 24 horas<\/p>\n<p style=\"text-align: justify;\"><strong>Participantes:<\/strong> m\u00ednimo 15, m\u00e1ximo 18.<\/p>\n<p style=\"text-align: justify;\"><strong>Pr\u00e9-Requisitos: Ser alfabetizado; N\u00e3o ser totalmente incapaz e ter idade m\u00ednima de 18 anos. <\/strong><\/p>\n","protected":false},"excerpt":{"rendered":"<p>Objetivo: Capacitar o produtor e\/ou trabalhador rural no manejo de alimentos para bovinos de leite de maneira correta e eficiente, visando produzir leite com qualidade. Justificativa: Capacitar o produtor e\/ou trabalhador rural com t\u00e9cnicas adequadas de manejo na bovinocultura de leite, visando uma maior produ\u00e7\u00e3o e produtividade. Sendo o leite um alimento de alta qualidade [&hellip;]<\/p>\n","protected":false},"author":1,"featured_media":0,"parent":220,"menu_order":0,"comment_status":"closed","ping_status":"closed","template":"","meta":{"footnotes":""},"class_list":["post-438","page","type-page","status-publish","hentry"],"_links":{"self":[{"href":"https:\/\/www.sistemafaeal.org.br\/senar\/wp-json\/wp\/v2\/pages\/438","targetHints":{"allow":["GET"]}}],"collection":[{"href":"https:\/\/www.sistemafaeal.org.br\/senar\/wp-json\/wp\/v2\/pages"}],"about":[{"href":"https:\/\/www.sistemafaeal.org.br\/senar\/wp-json\/wp\/v2\/types\/page"}],"author":[{"embeddable":true,"href":"https:\/\/www.sistemafaeal.org.br\/senar\/wp-json\/wp\/v2\/users\/1"}],"replies":[{"embeddable":true,"href":"https:\/\/www.sistemafaeal.org.br\/senar\/wp-json\/wp\/v2\/comments?post=438"}],"version-history":[{"count":0,"href":"https:\/\/www.sistemafaeal.org.br\/senar\/wp-json\/wp\/v2\/pages\/438\/revisions"}],"up":[{"embeddable":true,"href":"https:\/\/www.sistemafaeal.org.br\/senar\/wp-json\/wp\/v2\/pages\/220"}],"wp:attachment":[{"href":"https:\/\/www.sistemafaeal.org.br\/senar\/wp-json\/wp\/v2\/media?parent=438"}],"curies":[{"name":"wp","href":"https:\/\/api.w.org\/{rel}","templated":true}]}}