{"id":440,"date":"2016-11-28T15:55:38","date_gmt":"2016-11-28T17:55:38","guid":{"rendered":"http:\/\/senar.agropecuaria.ws\/?page_id=440"},"modified":"2016-12-06T17:44:45","modified_gmt":"2016-12-06T19:44:45","slug":"bovinocultura-de-leite-tratado","status":"publish","type":"page","link":"https:\/\/www.sistemafaeal.org.br\/senar\/atuacao\/formacao-profissional-rural\/cursos\/bovinocultura-de-leite-tratado\/","title":{"rendered":"Bovinocultura de Leite &#8211; Tratador"},"content":{"rendered":"<p style=\"text-align: justify;\"><strong>Objetivo: <\/strong>Capacitar o produtor e\/ou trabalhador rural na pr\u00e1tica de vacina\u00e7\u00e3o e uso de medicamentos de maneira correta e eficiente.<\/p>\n<p style=\"text-align: justify;\"><strong>Justificativa: <\/strong>Esse treinamento proporciona ao trabalhador e\/ou produtor rural, as t\u00e9cnicas adequadas na aplica\u00e7\u00e3o de medicamentos e vacina\u00e7\u00e3o.<\/p>\n<p style=\"text-align: justify;\"><strong>Conte\u00fado Program\u00e1tico:<\/strong><\/p>\n<p style=\"text-align: justify;\">&#8211; Acordo de conviv\u00eancia;<\/p>\n<p style=\"text-align: justify;\">&#8211; Apresenta\u00e7\u00e3o SENAR;<\/p>\n<p style=\"text-align: justify;\">&#8211; Rela\u00e7\u00f5es interpessoais;<\/p>\n<p style=\"text-align: justify;\">-Higiene pessoal, ambiente e equipamentos;<\/p>\n<p style=\"text-align: justify;\">&#8211; Educa\u00e7\u00e3o Ambiental (Lei n\u00ba 9.795 de 27\/04\/1999);<\/p>\n<p style=\"text-align: justify;\">&#8211; Materiais a serem utilizados;<\/p>\n<p style=\"text-align: justify;\">&#8211; Profilaxia e controle da febre aftosa;<\/p>\n<p style=\"text-align: justify;\">&#8211; Manuseio de vacina e medicamentos;<\/p>\n<p style=\"text-align: justify;\">&#8211; No\u00e7\u00f5es de higiene;<\/p>\n<p style=\"text-align: justify;\">&#8211; Manejo de instrumentos;<\/p>\n<p style=\"text-align: justify;\">&#8211; Pr\u00e1ticas de campo;<\/p>\n<p style=\"text-align: justify;\">&#8211; Avalia\u00e7\u00e3o.<\/p>\n<p style=\"text-align: justify;\"><strong>Carga hor\u00e1ria:<\/strong> 08 horas<\/p>\n<p style=\"text-align: justify;\"><strong>Participantes:<\/strong> m\u00ednimo 15, m\u00e1ximo 18.<\/p>\n<p style=\"text-align: justify;\"><strong>Pr\u00e9-Requisitos: Ser alfabetizado; N\u00e3o ser totalmente incapaz e ter idade m\u00ednima de 18 anos. <\/strong><\/p>\n","protected":false},"excerpt":{"rendered":"<p>Objetivo: Capacitar o produtor e\/ou trabalhador rural na pr\u00e1tica de vacina\u00e7\u00e3o e uso de medicamentos de maneira correta e eficiente. Justificativa: Esse treinamento proporciona ao trabalhador e\/ou produtor rural, as t\u00e9cnicas adequadas na aplica\u00e7\u00e3o de medicamentos e vacina\u00e7\u00e3o. Conte\u00fado Program\u00e1tico: &#8211; Acordo de conviv\u00eancia; &#8211; Apresenta\u00e7\u00e3o SENAR; &#8211; Rela\u00e7\u00f5es interpessoais; -Higiene pessoal, ambiente e equipamentos; [&hellip;]<\/p>\n","protected":false},"author":1,"featured_media":0,"parent":220,"menu_order":0,"comment_status":"closed","ping_status":"closed","template":"","meta":{"footnotes":""},"class_list":["post-440","page","type-page","status-publish","hentry"],"_links":{"self":[{"href":"https:\/\/www.sistemafaeal.org.br\/senar\/wp-json\/wp\/v2\/pages\/440","targetHints":{"allow":["GET"]}}],"collection":[{"href":"https:\/\/www.sistemafaeal.org.br\/senar\/wp-json\/wp\/v2\/pages"}],"about":[{"href":"https:\/\/www.sistemafaeal.org.br\/senar\/wp-json\/wp\/v2\/types\/page"}],"author":[{"embeddable":true,"href":"https:\/\/www.sistemafaeal.org.br\/senar\/wp-json\/wp\/v2\/users\/1"}],"replies":[{"embeddable":true,"href":"https:\/\/www.sistemafaeal.org.br\/senar\/wp-json\/wp\/v2\/comments?post=440"}],"version-history":[{"count":0,"href":"https:\/\/www.sistemafaeal.org.br\/senar\/wp-json\/wp\/v2\/pages\/440\/revisions"}],"up":[{"embeddable":true,"href":"https:\/\/www.sistemafaeal.org.br\/senar\/wp-json\/wp\/v2\/pages\/220"}],"wp:attachment":[{"href":"https:\/\/www.sistemafaeal.org.br\/senar\/wp-json\/wp\/v2\/media?parent=440"}],"curies":[{"name":"wp","href":"https:\/\/api.w.org\/{rel}","templated":true}]}}