{"id":442,"date":"2016-11-28T15:56:10","date_gmt":"2016-11-28T17:56:10","guid":{"rendered":"http:\/\/senar.agropecuaria.ws\/?page_id=442"},"modified":"2016-11-28T15:56:10","modified_gmt":"2016-11-28T17:56:10","slug":"cultura-do-inhame","status":"publish","type":"page","link":"https:\/\/www.sistemafaeal.org.br\/senar\/atuacao\/formacao-profissional-rural\/cursos\/cultura-do-inhame\/","title":{"rendered":"Cultura do Inhame"},"content":{"rendered":"<p style=\"text-align: justify;\"><strong>Objetivo:<\/strong> Capacitar o produtor e\/ou trabalhador rural com t\u00e9cnicas adequadas no manejo da cultura do inhame.<\/p>\n<p style=\"text-align: justify;\"><strong>Justificativa:<\/strong> A cultura do inhame apresenta grande import\u00e2ncia s\u00f3cio-econ\u00f4mica para o estado de Alagoas por constituir um neg\u00f3cio agr\u00edcola muito promissor e de grande utilidade na alimenta\u00e7\u00e3o humana, sendo de fundamental import\u00e2ncia o manejo adequado para aumentar a produtividade da cultura que continua baixa, visando melhorar a renda do produtor rural.<\/p>\n<p style=\"text-align: justify;\"><strong>Conte\u00fado program\u00e1tico do curso:<\/strong><\/p>\n<p style=\"text-align: justify;\">&#8211; Acordo de conviv\u00eancia<\/p>\n<p style=\"text-align: justify;\">&#8211; Apresenta\u00e7\u00e3o SENAR<\/p>\n<p style=\"text-align: justify;\">&#8211; Higiene pessoal, ambiente, equipamentos<\/p>\n<p style=\"text-align: justify;\">&#8211; Educa\u00e7\u00e3o ambiental<\/p>\n<p style=\"text-align: justify;\">&#8211; Variedades<\/p>\n<p style=\"text-align: justify;\">&#8211; Import\u00e2ncia da cultura do inhame<\/p>\n<p style=\"text-align: justify;\">&#8211; Tipos de clima e de solo ideal para cultura do inhame<\/p>\n<p style=\"text-align: justify;\">&#8211; Coleta de solo para an\u00e1lise<\/p>\n<p style=\"text-align: justify;\">&#8211; Calagem e preparo do solo<\/p>\n<p style=\"text-align: justify;\">&#8211; Plantio: \u00e9poca, sele\u00e7\u00e3o de sementes e m\u00e9todos de plantio<\/p>\n<p style=\"text-align: justify;\">&#8211; Tratos culturais: capinas, tutoramento e irriga\u00e7\u00e3o<\/p>\n<p style=\"text-align: justify;\">&#8211; Controle fitossanit\u00e1rio: pragas e doen\u00e7as<\/p>\n<p style=\"text-align: justify;\">&#8211; Avalia\u00e7\u00e3o individual<\/p>\n<p style=\"text-align: justify;\"><strong>Carga hor\u00e1ria:<\/strong> 24 horas<\/p>\n<p style=\"text-align: justify;\"><strong>Participantes:<\/strong> m\u00ednimo 15, m\u00e1ximo 18.<\/p>\n<p style=\"text-align: justify;\"><strong>Pr\u00e9-Requisitos: Ser alfabetizado; N\u00e3o ser totalmente incapaz e ter idade m\u00ednima de 18 anos. <\/strong><\/p>\n","protected":false},"excerpt":{"rendered":"<p>Objetivo: Capacitar o produtor e\/ou trabalhador rural com t\u00e9cnicas adequadas no manejo da cultura do inhame. Justificativa: A cultura do inhame apresenta grande import\u00e2ncia s\u00f3cio-econ\u00f4mica para o estado de Alagoas por constituir um neg\u00f3cio agr\u00edcola muito promissor e de grande utilidade na alimenta\u00e7\u00e3o humana, sendo de fundamental import\u00e2ncia o manejo adequado para aumentar a produtividade [&hellip;]<\/p>\n","protected":false},"author":1,"featured_media":0,"parent":220,"menu_order":0,"comment_status":"closed","ping_status":"closed","template":"","meta":{"footnotes":""},"class_list":["post-442","page","type-page","status-publish","hentry"],"_links":{"self":[{"href":"https:\/\/www.sistemafaeal.org.br\/senar\/wp-json\/wp\/v2\/pages\/442","targetHints":{"allow":["GET"]}}],"collection":[{"href":"https:\/\/www.sistemafaeal.org.br\/senar\/wp-json\/wp\/v2\/pages"}],"about":[{"href":"https:\/\/www.sistemafaeal.org.br\/senar\/wp-json\/wp\/v2\/types\/page"}],"author":[{"embeddable":true,"href":"https:\/\/www.sistemafaeal.org.br\/senar\/wp-json\/wp\/v2\/users\/1"}],"replies":[{"embeddable":true,"href":"https:\/\/www.sistemafaeal.org.br\/senar\/wp-json\/wp\/v2\/comments?post=442"}],"version-history":[{"count":0,"href":"https:\/\/www.sistemafaeal.org.br\/senar\/wp-json\/wp\/v2\/pages\/442\/revisions"}],"up":[{"embeddable":true,"href":"https:\/\/www.sistemafaeal.org.br\/senar\/wp-json\/wp\/v2\/pages\/220"}],"wp:attachment":[{"href":"https:\/\/www.sistemafaeal.org.br\/senar\/wp-json\/wp\/v2\/media?parent=442"}],"curies":[{"name":"wp","href":"https:\/\/api.w.org\/{rel}","templated":true}]}}