{"id":444,"date":"2016-11-28T15:56:43","date_gmt":"2016-11-28T17:56:43","guid":{"rendered":"http:\/\/senar.agropecuaria.ws\/?page_id=444"},"modified":"2016-11-28T15:56:43","modified_gmt":"2016-11-28T17:56:43","slug":"cultura-da-mandioca","status":"publish","type":"page","link":"https:\/\/www.sistemafaeal.org.br\/senar\/atuacao\/formacao-profissional-rural\/cursos\/cultura-da-mandioca\/","title":{"rendered":"Cultura da Mandioca"},"content":{"rendered":"<p style=\"text-align: justify;\"><strong>Objetivo:<\/strong> Capacitar o produtor e\/ou trabalhador rural com t\u00e9cnicas adequadas no manejo da cultura da mandioca.<\/p>\n<p style=\"text-align: justify;\"><strong>Justificativa:<\/strong> A cultura da mandioca apresenta grande import\u00e2ncia s\u00f3cio-econ\u00f4mica para o estado de Alagoas por constituir um neg\u00f3cio agr\u00edcola muito promissor e de grande utilidade na alimenta\u00e7\u00e3o humana, sendo de fundamental import\u00e2ncia o manejo adequado para aumentar a produtividade da cultura que continua baixa, visando melhorar a renda do produtor rural.<\/p>\n<p style=\"text-align: justify;\"><strong>Conte\u00fado program\u00e1tico do curso:<\/strong><\/p>\n<p style=\"text-align: justify;\">&#8211; Acordo de conviv\u00eancia<\/p>\n<p style=\"text-align: justify;\">&#8211; Apresenta\u00e7\u00e3o SENAR<\/p>\n<p style=\"text-align: justify;\">&#8211; Higiene pessoal, ambiente, equipamentos<\/p>\n<p style=\"text-align: justify;\">&#8211; Educa\u00e7\u00e3o ambiental<\/p>\n<p style=\"text-align: justify;\">&#8211; Import\u00e2ncia da mandioca na alimenta\u00e7\u00e3o humana e animal<\/p>\n<p style=\"text-align: justify;\">&#8211; Tipos de clima e solo<\/p>\n<p style=\"text-align: justify;\">&#8211; Plantio: \u00e9poca e sele\u00e7\u00e3o de sementes<\/p>\n<p style=\"text-align: justify;\">&#8211; Aduba\u00e7\u00e3o: qu\u00edmica e org\u00e2nica<\/p>\n<p style=\"text-align: justify;\">&#8211; Capina: manual, qu\u00edmica e mec\u00e2nica<\/p>\n<p style=\"text-align: justify;\">&#8211; Controle fitossanit\u00e1rio<\/p>\n<p style=\"text-align: justify;\">&#8211; Avalia\u00e7\u00e3o individual<\/p>\n<p style=\"text-align: justify;\"><strong>Carga hor\u00e1ria:<\/strong> 24 horas<\/p>\n<p style=\"text-align: justify;\"><strong>Participantes:<\/strong> m\u00ednimo 15, m\u00e1ximo 18.<\/p>\n<p style=\"text-align: justify;\"><strong>Pr\u00e9-Requisitos: Ser alfabetizado; N\u00e3o ser totalmente incapaz e ter idade m\u00ednima de 18 anos. <\/strong><\/p>\n","protected":false},"excerpt":{"rendered":"<p>Objetivo: Capacitar o produtor e\/ou trabalhador rural com t\u00e9cnicas adequadas no manejo da cultura da mandioca. Justificativa: A cultura da mandioca apresenta grande import\u00e2ncia s\u00f3cio-econ\u00f4mica para o estado de Alagoas por constituir um neg\u00f3cio agr\u00edcola muito promissor e de grande utilidade na alimenta\u00e7\u00e3o humana, sendo de fundamental import\u00e2ncia o manejo adequado para aumentar a produtividade [&hellip;]<\/p>\n","protected":false},"author":1,"featured_media":0,"parent":220,"menu_order":0,"comment_status":"closed","ping_status":"closed","template":"","meta":{"footnotes":""},"class_list":["post-444","page","type-page","status-publish","hentry"],"_links":{"self":[{"href":"https:\/\/www.sistemafaeal.org.br\/senar\/wp-json\/wp\/v2\/pages\/444","targetHints":{"allow":["GET"]}}],"collection":[{"href":"https:\/\/www.sistemafaeal.org.br\/senar\/wp-json\/wp\/v2\/pages"}],"about":[{"href":"https:\/\/www.sistemafaeal.org.br\/senar\/wp-json\/wp\/v2\/types\/page"}],"author":[{"embeddable":true,"href":"https:\/\/www.sistemafaeal.org.br\/senar\/wp-json\/wp\/v2\/users\/1"}],"replies":[{"embeddable":true,"href":"https:\/\/www.sistemafaeal.org.br\/senar\/wp-json\/wp\/v2\/comments?post=444"}],"version-history":[{"count":0,"href":"https:\/\/www.sistemafaeal.org.br\/senar\/wp-json\/wp\/v2\/pages\/444\/revisions"}],"up":[{"embeddable":true,"href":"https:\/\/www.sistemafaeal.org.br\/senar\/wp-json\/wp\/v2\/pages\/220"}],"wp:attachment":[{"href":"https:\/\/www.sistemafaeal.org.br\/senar\/wp-json\/wp\/v2\/media?parent=444"}],"curies":[{"name":"wp","href":"https:\/\/api.w.org\/{rel}","templated":true}]}}