{"id":446,"date":"2016-11-28T15:57:10","date_gmt":"2016-11-28T17:57:10","guid":{"rendered":"http:\/\/senar.agropecuaria.ws\/?page_id=446"},"modified":"2016-11-28T15:57:10","modified_gmt":"2016-11-28T17:57:10","slug":"cultura-do-milho","status":"publish","type":"page","link":"https:\/\/www.sistemafaeal.org.br\/senar\/atuacao\/formacao-profissional-rural\/cursos\/cultura-do-milho\/","title":{"rendered":"Cultura do Milho"},"content":{"rendered":"<p style=\"text-align: justify;\"><strong>Objetivo: <\/strong>Capacitar o produtor rural e\/ou trabalhador rural no uso de t\u00e9cnicas adequadas no cultivo do milho.<\/p>\n<p style=\"text-align: justify;\"><strong>Justificativa:<\/strong><\/p>\n<p style=\"text-align: justify;\"><strong>Conte\u00fado Program\u00e1tico:<\/strong><\/p>\n<p style=\"text-align: justify;\">&#8211; Acordo de Conviv\u00eancia;<\/p>\n<p style=\"text-align: justify;\">&#8211; Apresenta\u00e7\u00e3o do SENAR;<\/p>\n<p style=\"text-align: justify;\">&#8211; Higiene pessoal, ambiente, equipamentos;<\/p>\n<p style=\"text-align: justify;\">&#8211; Educa\u00e7\u00e3o Ambiental (Lei n.\u00ba 9.795 de 27\/04\/1999);<\/p>\n<p style=\"text-align: justify;\">&#8211; Preparo do solo;<\/p>\n<p style=\"text-align: justify;\">&#8211; Plantio &#8211; Espa\u00e7amento e semeadura;<\/p>\n<p style=\"text-align: justify;\">&#8211; Novas variedades;<\/p>\n<p style=\"text-align: justify;\">&#8211; Aduba\u00e7\u00e3o &#8211; manual, qu\u00edmico ou mec\u00e2nico;<\/p>\n<p style=\"text-align: justify;\">&#8211; Manejo fitossanit\u00e1rio;<\/p>\n<p style=\"text-align: justify;\">&#8211; Cuidados na colheita;<\/p>\n<p style=\"text-align: justify;\">&#8211; Cuidados na colheita;<\/p>\n<p style=\"text-align: justify;\">&#8211; Cuidados no armazenamento;<\/p>\n<p style=\"text-align: justify;\">&#8211; Estudo de mercado;<\/p>\n<p style=\"text-align: justify;\">&#8211; Avalia\u00e7\u00e3o e encerramento.<\/p>\n<p style=\"text-align: justify;\"><strong>Carga hor\u00e1ria:<\/strong> 24 horas<\/p>\n<p style=\"text-align: justify;\"><strong>Participantes:<\/strong> m\u00ednimo 15, m\u00e1ximo 18.<\/p>\n<p style=\"text-align: justify;\"><strong>Pr\u00e9-Requisitos: Ser alfabetizado; N\u00e3o ser totalmente incapaz e ter idade m\u00ednima de 18 anos. <\/strong><\/p>\n","protected":false},"excerpt":{"rendered":"<p>Objetivo: Capacitar o produtor rural e\/ou trabalhador rural no uso de t\u00e9cnicas adequadas no cultivo do milho. Justificativa: Conte\u00fado Program\u00e1tico: &#8211; Acordo de Conviv\u00eancia; &#8211; Apresenta\u00e7\u00e3o do SENAR; &#8211; Higiene pessoal, ambiente, equipamentos; &#8211; Educa\u00e7\u00e3o Ambiental (Lei n.\u00ba 9.795 de 27\/04\/1999); &#8211; Preparo do solo; &#8211; Plantio &#8211; Espa\u00e7amento e semeadura; &#8211; Novas variedades; &#8211; [&hellip;]<\/p>\n","protected":false},"author":1,"featured_media":0,"parent":220,"menu_order":0,"comment_status":"closed","ping_status":"closed","template":"","meta":{"footnotes":""},"class_list":["post-446","page","type-page","status-publish","hentry"],"_links":{"self":[{"href":"https:\/\/www.sistemafaeal.org.br\/senar\/wp-json\/wp\/v2\/pages\/446","targetHints":{"allow":["GET"]}}],"collection":[{"href":"https:\/\/www.sistemafaeal.org.br\/senar\/wp-json\/wp\/v2\/pages"}],"about":[{"href":"https:\/\/www.sistemafaeal.org.br\/senar\/wp-json\/wp\/v2\/types\/page"}],"author":[{"embeddable":true,"href":"https:\/\/www.sistemafaeal.org.br\/senar\/wp-json\/wp\/v2\/users\/1"}],"replies":[{"embeddable":true,"href":"https:\/\/www.sistemafaeal.org.br\/senar\/wp-json\/wp\/v2\/comments?post=446"}],"version-history":[{"count":0,"href":"https:\/\/www.sistemafaeal.org.br\/senar\/wp-json\/wp\/v2\/pages\/446\/revisions"}],"up":[{"embeddable":true,"href":"https:\/\/www.sistemafaeal.org.br\/senar\/wp-json\/wp\/v2\/pages\/220"}],"wp:attachment":[{"href":"https:\/\/www.sistemafaeal.org.br\/senar\/wp-json\/wp\/v2\/media?parent=446"}],"curies":[{"name":"wp","href":"https:\/\/api.w.org\/{rel}","templated":true}]}}