{"id":448,"date":"2016-11-28T15:57:41","date_gmt":"2016-11-28T17:57:41","guid":{"rendered":"http:\/\/senar.agropecuaria.ws\/?page_id=448"},"modified":"2016-11-28T15:57:41","modified_gmt":"2016-11-28T17:57:41","slug":"cerca-eletrica","status":"publish","type":"page","link":"https:\/\/www.sistemafaeal.org.br\/senar\/atuacao\/formacao-profissional-rural\/cursos\/cerca-eletrica\/","title":{"rendered":"Cerca El\u00e9trica"},"content":{"rendered":"<p style=\"text-align: justify;\"><strong>Objetivos: <\/strong>Capacitar o produtor para a constru\u00e7\u00e3o de cercas el\u00e9tricas, seguindo as recomenda\u00e7\u00f5es de seguran\u00e7a.<\/p>\n<p style=\"text-align: justify;\"><strong>Justificativa: <\/strong>Esse curso proporciona ao produtor o conhecimento sobre as vantagens de implementar as cercas el\u00e9tricas em sua propriedade.<\/p>\n<p style=\"text-align: justify;\"><strong>Conte\u00fado Program\u00e1tico:<\/strong><\/p>\n<p style=\"text-align: justify;\">&#8211; Acordo de conviv\u00eancia<\/p>\n<p style=\"text-align: justify;\">&#8211; Apresenta\u00e7\u00e3o SENAR<\/p>\n<p style=\"text-align: justify;\">&#8211; Higiene pessoal, ambiente, equipamentos<\/p>\n<p style=\"text-align: justify;\">&#8211; Educa\u00e7\u00e3o Ambiental<\/p>\n<p style=\"text-align: justify;\">&#8211; Medidas de seguran\u00e7a no trabalho, novas exig\u00eancias profissionais e mercado de trabalho<\/p>\n<p style=\"text-align: justify;\">&#8211; Import\u00e2ncia das cercas el\u00e9tricas<\/p>\n<p style=\"text-align: justify;\">&#8211; Tipos de cercas el\u00e9tricas<\/p>\n<p style=\"text-align: justify;\">&#8211; Caracter\u00edsticas b\u00e1sicas dos equipamentos para cercas el\u00e9tricas<\/p>\n<p style=\"text-align: justify;\">&#8211; Caracter\u00edsticas b\u00e1sicas dos materiais e acess\u00f3rios para cercas el\u00e9tricas<\/p>\n<p style=\"text-align: justify;\">&#8211; Interpreta\u00e7\u00e3o do projeto<\/p>\n<p style=\"text-align: justify;\">&#8211; Sele\u00e7\u00e3o dos materiais e ferramentas necess\u00e1rias para constru\u00e7\u00e3o das cercas el\u00e9tricas<\/p>\n<p style=\"text-align: justify;\">&#8211; Execu\u00e7\u00e3o do projeto<\/p>\n<p style=\"text-align: justify;\">&#8211; Localiza\u00e7\u00e3o e instala\u00e7\u00e3o do eletrificado<\/p>\n<p style=\"text-align: justify;\"><strong>Carga hor\u00e1ria:<\/strong> 24 horas<\/p>\n<p style=\"text-align: justify;\"><strong>Participantes:<\/strong> m\u00ednimo 10, m\u00e1ximo 20.<\/p>\n<p style=\"text-align: justify;\"><strong>Pr\u00e9-Requisitos: Ser alfabetizado; N\u00e3o ser totalmente incapaz e ter idade m\u00ednima de 18 anos. <\/strong><\/p>\n","protected":false},"excerpt":{"rendered":"<p>Objetivos: Capacitar o produtor para a constru\u00e7\u00e3o de cercas el\u00e9tricas, seguindo as recomenda\u00e7\u00f5es de seguran\u00e7a. Justificativa: Esse curso proporciona ao produtor o conhecimento sobre as vantagens de implementar as cercas el\u00e9tricas em sua propriedade. Conte\u00fado Program\u00e1tico: &#8211; Acordo de conviv\u00eancia &#8211; Apresenta\u00e7\u00e3o SENAR &#8211; Higiene pessoal, ambiente, equipamentos &#8211; Educa\u00e7\u00e3o Ambiental &#8211; Medidas de seguran\u00e7a [&hellip;]<\/p>\n","protected":false},"author":1,"featured_media":0,"parent":220,"menu_order":0,"comment_status":"closed","ping_status":"closed","template":"","meta":{"footnotes":""},"class_list":["post-448","page","type-page","status-publish","hentry"],"_links":{"self":[{"href":"https:\/\/www.sistemafaeal.org.br\/senar\/wp-json\/wp\/v2\/pages\/448","targetHints":{"allow":["GET"]}}],"collection":[{"href":"https:\/\/www.sistemafaeal.org.br\/senar\/wp-json\/wp\/v2\/pages"}],"about":[{"href":"https:\/\/www.sistemafaeal.org.br\/senar\/wp-json\/wp\/v2\/types\/page"}],"author":[{"embeddable":true,"href":"https:\/\/www.sistemafaeal.org.br\/senar\/wp-json\/wp\/v2\/users\/1"}],"replies":[{"embeddable":true,"href":"https:\/\/www.sistemafaeal.org.br\/senar\/wp-json\/wp\/v2\/comments?post=448"}],"version-history":[{"count":0,"href":"https:\/\/www.sistemafaeal.org.br\/senar\/wp-json\/wp\/v2\/pages\/448\/revisions"}],"up":[{"embeddable":true,"href":"https:\/\/www.sistemafaeal.org.br\/senar\/wp-json\/wp\/v2\/pages\/220"}],"wp:attachment":[{"href":"https:\/\/www.sistemafaeal.org.br\/senar\/wp-json\/wp\/v2\/media?parent=448"}],"curies":[{"name":"wp","href":"https:\/\/api.w.org\/{rel}","templated":true}]}}