{"id":450,"date":"2016-11-28T15:58:04","date_gmt":"2016-11-28T17:58:04","guid":{"rendered":"http:\/\/senar.agropecuaria.ws\/?page_id=450"},"modified":"2016-11-28T15:58:04","modified_gmt":"2016-11-28T17:58:04","slug":"conservacao-do-solo","status":"publish","type":"page","link":"https:\/\/www.sistemafaeal.org.br\/senar\/atuacao\/formacao-profissional-rural\/cursos\/conservacao-do-solo\/","title":{"rendered":"Conserva\u00e7\u00e3o do Solo"},"content":{"rendered":"<p style=\"text-align: justify;\"><strong>Objetivo:<\/strong> Capacitar o produtor rural e\/ou trabalhador rural com t\u00e9cnicas atuais de conserva\u00e7\u00e3o do solo, de maneira correta e eficiente tornando-o competitivo na produ\u00e7\u00e3o de alimentos e visando um melhor equil\u00edbrio ecol\u00f3gico.<\/p>\n<p style=\"text-align: justify;\"><strong>Justificativa:<\/strong> Este treinamento proporcionar\u00e1 ao produtor rural conhecimentos atuais na pr\u00e1tica de conserva\u00e7\u00e3o do solo, tornando-o competitivo na produ\u00e7\u00e3o de alimentos e no mercado atual.<\/p>\n<p style=\"text-align: justify;\"><strong>Conte\u00fado Program\u00e1tico do Curso:<\/strong><\/p>\n<p style=\"text-align: justify;\">&#8211; Acordo de conviv\u00eancia<\/p>\n<p style=\"text-align: justify;\">&#8211; Apresenta\u00e7\u00e3o do Senar<\/p>\n<p style=\"text-align: justify;\">&#8211; Higiene pessoal, ambiente e equipamentos<\/p>\n<p style=\"text-align: justify;\">&#8211; Educa\u00e7\u00e3o ambiental<\/p>\n<p style=\"text-align: justify;\">&#8211; Forma\u00e7\u00e3o do solo<\/p>\n<p style=\"text-align: justify;\">&#8211; Perfil e a constitui\u00e7\u00e3o do solo<\/p>\n<p style=\"text-align: justify;\">&#8211; Eros\u00e3o do solo<\/p>\n<p style=\"text-align: justify;\">&#8211; Uso e planejamento da terra<\/p>\n<p style=\"text-align: justify;\">&#8211; Pr\u00e1tica de campo<\/p>\n<p style=\"text-align: justify;\">&#8211; Classifica\u00e7\u00e3o do solo<\/p>\n<p style=\"text-align: justify;\">&#8211; Avalia\u00e7\u00e3o<\/p>\n<p style=\"text-align: justify;\"><strong>Carga Hor\u00e1ria:<\/strong> 24 horas<\/p>\n<p style=\"text-align: justify;\"><strong>Participantes:<\/strong> m\u00ednimo 15, m\u00e1ximo 18.<\/p>\n<p style=\"text-align: justify;\"><strong>Pr\u00e9-Requisitos: Ser alfabetizado; N\u00e3o ser totalmente incapaz e ter idade m\u00ednima de 18 anos. <\/strong><\/p>\n","protected":false},"excerpt":{"rendered":"<p>Objetivo: Capacitar o produtor rural e\/ou trabalhador rural com t\u00e9cnicas atuais de conserva\u00e7\u00e3o do solo, de maneira correta e eficiente tornando-o competitivo na produ\u00e7\u00e3o de alimentos e visando um melhor equil\u00edbrio ecol\u00f3gico. Justificativa: Este treinamento proporcionar\u00e1 ao produtor rural conhecimentos atuais na pr\u00e1tica de conserva\u00e7\u00e3o do solo, tornando-o competitivo na produ\u00e7\u00e3o de alimentos e no [&hellip;]<\/p>\n","protected":false},"author":1,"featured_media":0,"parent":220,"menu_order":0,"comment_status":"closed","ping_status":"closed","template":"","meta":{"footnotes":""},"class_list":["post-450","page","type-page","status-publish","hentry"],"_links":{"self":[{"href":"https:\/\/www.sistemafaeal.org.br\/senar\/wp-json\/wp\/v2\/pages\/450","targetHints":{"allow":["GET"]}}],"collection":[{"href":"https:\/\/www.sistemafaeal.org.br\/senar\/wp-json\/wp\/v2\/pages"}],"about":[{"href":"https:\/\/www.sistemafaeal.org.br\/senar\/wp-json\/wp\/v2\/types\/page"}],"author":[{"embeddable":true,"href":"https:\/\/www.sistemafaeal.org.br\/senar\/wp-json\/wp\/v2\/users\/1"}],"replies":[{"embeddable":true,"href":"https:\/\/www.sistemafaeal.org.br\/senar\/wp-json\/wp\/v2\/comments?post=450"}],"version-history":[{"count":0,"href":"https:\/\/www.sistemafaeal.org.br\/senar\/wp-json\/wp\/v2\/pages\/450\/revisions"}],"up":[{"embeddable":true,"href":"https:\/\/www.sistemafaeal.org.br\/senar\/wp-json\/wp\/v2\/pages\/220"}],"wp:attachment":[{"href":"https:\/\/www.sistemafaeal.org.br\/senar\/wp-json\/wp\/v2\/media?parent=450"}],"curies":[{"name":"wp","href":"https:\/\/api.w.org\/{rel}","templated":true}]}}