{"id":452,"date":"2016-11-28T15:59:30","date_gmt":"2016-11-28T17:59:30","guid":{"rendered":"http:\/\/senar.agropecuaria.ws\/?page_id=452"},"modified":"2016-11-28T15:59:30","modified_gmt":"2016-11-28T17:59:30","slug":"cultura-da-cana-de-acucar","status":"publish","type":"page","link":"https:\/\/www.sistemafaeal.org.br\/senar\/atuacao\/formacao-profissional-rural\/cursos\/cultura-da-cana-de-acucar\/","title":{"rendered":"Cultura da Cana-de-A\u00e7ucar"},"content":{"rendered":"<p style=\"text-align: justify;\"><strong>Objetivos: <\/strong>Capacitar o produtor e\/ou o trabalhador rural com t\u00e9cnicas adequadas no manejo da cana-de-a\u00e7\u00facar.<\/p>\n<p style=\"text-align: justify;\"><strong>Justificativa: <\/strong>Capacitar o produtor rural e\/ou trabalhador rural na cultura da cana de a\u00e7\u00facar, de maneira correta e eficiente.<\/p>\n<p style=\"text-align: justify;\"><strong>Conte\u00fado Program\u00e1tico:<\/strong><\/p>\n<p style=\"text-align: justify;\">&#8211; Acordo de conviv\u00eancia<\/p>\n<p style=\"text-align: justify;\">&#8211; Apresenta\u00e7\u00e3o do SENAR<\/p>\n<p style=\"text-align: justify;\">&#8211; Higiene pessoal, ambiente, equipamentos<\/p>\n<p style=\"text-align: justify;\">&#8211; Educa\u00e7\u00e3o Ambiental (Lei n\u00ba. 9.795 de 27\/04\/1999).<\/p>\n<p style=\"text-align: justify;\">&#8211; Coleta de solo, interpreta\u00e7\u00e3o e an\u00e1lise<\/p>\n<p style=\"text-align: justify;\">&#8211; Calagem e preparo do solo<\/p>\n<p style=\"text-align: justify;\">&#8211; Escolha de variedade<\/p>\n<p style=\"text-align: justify;\">&#8211; Sele\u00e7\u00e3o e tratamento de sementes<\/p>\n<p style=\"text-align: justify;\">&#8211; Plantio, sulcamento e semeadura<\/p>\n<p style=\"text-align: justify;\">&#8211; Aduba\u00e7\u00e3o: Qu\u00edmica e org\u00e2nica<\/p>\n<p style=\"text-align: justify;\">&#8211; Tratos culturais: Manual, qu\u00edmica e mec\u00e2nica<\/p>\n<p style=\"text-align: justify;\">&#8211; Controle fitossanit\u00e1rio: Pragas e doen\u00e7as<\/p>\n<p style=\"text-align: justify;\">&#8211; Colheita: corte, carregamento e transporte<\/p>\n<p style=\"text-align: justify;\">&#8211; Avalia\u00e7\u00e3o<\/p>\n<p style=\"text-align: justify;\"><strong>Carga Hor\u00e1ria:<\/strong> 24 horas<\/p>\n<p style=\"text-align: justify;\"><strong>Participantes:<\/strong> m\u00ednimo 15, m\u00e1ximo 18.<\/p>\n<p style=\"text-align: justify;\"><strong>Pr\u00e9-Requisitos: Ser alfabetizado; N\u00e3o ser totalmente incapaz e ter idade m\u00ednima de 18 anos. <\/strong><\/p>\n","protected":false},"excerpt":{"rendered":"<p>Objetivos: Capacitar o produtor e\/ou o trabalhador rural com t\u00e9cnicas adequadas no manejo da cana-de-a\u00e7\u00facar. Justificativa: Capacitar o produtor rural e\/ou trabalhador rural na cultura da cana de a\u00e7\u00facar, de maneira correta e eficiente. Conte\u00fado Program\u00e1tico: &#8211; Acordo de conviv\u00eancia &#8211; Apresenta\u00e7\u00e3o do SENAR &#8211; Higiene pessoal, ambiente, equipamentos &#8211; Educa\u00e7\u00e3o Ambiental (Lei n\u00ba. 9.795 [&hellip;]<\/p>\n","protected":false},"author":1,"featured_media":0,"parent":220,"menu_order":0,"comment_status":"closed","ping_status":"closed","template":"","meta":{"footnotes":""},"class_list":["post-452","page","type-page","status-publish","hentry"],"_links":{"self":[{"href":"https:\/\/www.sistemafaeal.org.br\/senar\/wp-json\/wp\/v2\/pages\/452","targetHints":{"allow":["GET"]}}],"collection":[{"href":"https:\/\/www.sistemafaeal.org.br\/senar\/wp-json\/wp\/v2\/pages"}],"about":[{"href":"https:\/\/www.sistemafaeal.org.br\/senar\/wp-json\/wp\/v2\/types\/page"}],"author":[{"embeddable":true,"href":"https:\/\/www.sistemafaeal.org.br\/senar\/wp-json\/wp\/v2\/users\/1"}],"replies":[{"embeddable":true,"href":"https:\/\/www.sistemafaeal.org.br\/senar\/wp-json\/wp\/v2\/comments?post=452"}],"version-history":[{"count":0,"href":"https:\/\/www.sistemafaeal.org.br\/senar\/wp-json\/wp\/v2\/pages\/452\/revisions"}],"up":[{"embeddable":true,"href":"https:\/\/www.sistemafaeal.org.br\/senar\/wp-json\/wp\/v2\/pages\/220"}],"wp:attachment":[{"href":"https:\/\/www.sistemafaeal.org.br\/senar\/wp-json\/wp\/v2\/media?parent=452"}],"curies":[{"name":"wp","href":"https:\/\/api.w.org\/{rel}","templated":true}]}}