{"id":454,"date":"2016-11-28T16:00:01","date_gmt":"2016-11-28T18:00:01","guid":{"rendered":"http:\/\/senar.agropecuaria.ws\/?page_id=454"},"modified":"2016-11-28T16:00:01","modified_gmt":"2016-11-28T18:00:01","slug":"defensivos-agricolas","status":"publish","type":"page","link":"https:\/\/www.sistemafaeal.org.br\/senar\/atuacao\/formacao-profissional-rural\/cursos\/defensivos-agricolas\/","title":{"rendered":"Defensivos Agr\u00edcolas"},"content":{"rendered":"<p style=\"text-align: justify;\"><strong>Objetivos:<\/strong> Capacitar o produtor e\/ou trabalhador rural de defensivos agr\u00edcolas de maneira correta e eficiente, conforme determina\u00e7\u00e3o da NR 31.<\/p>\n<p style=\"text-align: justify;\"><strong>Justificativa:<\/strong> Esse treinamento proporciona ao produtor e\/ou trabalhador rural conhecimentos atuais na aplica\u00e7\u00e3o de defensivos agr\u00edcolas conforme determina a norma regulamentadora NR 31.<\/p>\n<p style=\"text-align: justify;\"><strong>Conte\u00fado program\u00e1tico do curso:<\/strong><\/p>\n<p style=\"text-align: justify;\">&#8211; Acordo de conviv\u00eancia<\/p>\n<p style=\"text-align: justify;\">&#8211; Apresenta\u00e7\u00e3o SENAR<\/p>\n<p style=\"text-align: justify;\">&#8211; Higiene pessoal, ambiente, equipamentos<\/p>\n<p style=\"text-align: justify;\">&#8211; Educa\u00e7\u00e3o ambiental<\/p>\n<p style=\"text-align: justify;\">&#8211; Aquisi\u00e7\u00e3o de produtos fitossanit\u00e1rios<\/p>\n<p style=\"text-align: justify;\">&#8211; Transporte e armazenamento<\/p>\n<p style=\"text-align: justify;\">&#8211; Apresenta\u00e7\u00e3o, revis\u00e3o e conserva\u00e7\u00e3o dos equipamentos de prote\u00e7\u00e3o E.P.I<\/p>\n<p style=\"text-align: justify;\">&#8211; Apresenta\u00e7\u00e3o e manuseio do equipamento<\/p>\n<p style=\"text-align: justify;\">&#8211; Cuidados gerais na pulveriza\u00e7\u00e3o<\/p>\n<p style=\"text-align: justify;\">&#8211; Revis\u00e3o e lavagem do pulverizador<\/p>\n<p style=\"text-align: justify;\">&#8211; Produtos usados<\/p>\n<p style=\"text-align: justify;\">&#8211; Calibragem do pulverizador e preparo da calda<\/p>\n<p style=\"text-align: justify;\">&#8211; Aplica\u00e7\u00e3o do produto fitossanit\u00e1rio com pulverizador<\/p>\n<p style=\"text-align: justify;\">&#8211; Tr\u00edplice lavagem e destina\u00e7\u00e3o final de embalagem de agrot\u00f3xicos e educa\u00e7\u00e3o ambiental<\/p>\n<p style=\"text-align: justify;\">&#8211; Discuss\u00e3o sobre a norma regulamentadora NR 31<\/p>\n<p style=\"text-align: justify;\">&#8211; Avalia\u00e7\u00e3o individual<\/p>\n<p style=\"text-align: justify;\"><strong>Carga hor\u00e1ria:<\/strong> 20 horas<\/p>\n<p style=\"text-align: justify;\"><strong>Participantes:<\/strong> m\u00ednimo 15, m\u00e1ximo 18.<\/p>\n<p style=\"text-align: justify;\"><strong>Pr\u00e9-Requisitos: Ser alfabetizado; N\u00e3o ser totalmente incapaz e ter idade m\u00ednima de 18 anos. <\/strong><\/p>\n<p>&nbsp;<\/p>\n","protected":false},"excerpt":{"rendered":"<p>Objetivos: Capacitar o produtor e\/ou trabalhador rural de defensivos agr\u00edcolas de maneira correta e eficiente, conforme determina\u00e7\u00e3o da NR 31. Justificativa: Esse treinamento proporciona ao produtor e\/ou trabalhador rural conhecimentos atuais na aplica\u00e7\u00e3o de defensivos agr\u00edcolas conforme determina a norma regulamentadora NR 31. Conte\u00fado program\u00e1tico do curso: &#8211; Acordo de conviv\u00eancia &#8211; Apresenta\u00e7\u00e3o SENAR &#8211; [&hellip;]<\/p>\n","protected":false},"author":1,"featured_media":0,"parent":220,"menu_order":0,"comment_status":"closed","ping_status":"closed","template":"","meta":{"footnotes":""},"class_list":["post-454","page","type-page","status-publish","hentry"],"_links":{"self":[{"href":"https:\/\/www.sistemafaeal.org.br\/senar\/wp-json\/wp\/v2\/pages\/454","targetHints":{"allow":["GET"]}}],"collection":[{"href":"https:\/\/www.sistemafaeal.org.br\/senar\/wp-json\/wp\/v2\/pages"}],"about":[{"href":"https:\/\/www.sistemafaeal.org.br\/senar\/wp-json\/wp\/v2\/types\/page"}],"author":[{"embeddable":true,"href":"https:\/\/www.sistemafaeal.org.br\/senar\/wp-json\/wp\/v2\/users\/1"}],"replies":[{"embeddable":true,"href":"https:\/\/www.sistemafaeal.org.br\/senar\/wp-json\/wp\/v2\/comments?post=454"}],"version-history":[{"count":0,"href":"https:\/\/www.sistemafaeal.org.br\/senar\/wp-json\/wp\/v2\/pages\/454\/revisions"}],"up":[{"embeddable":true,"href":"https:\/\/www.sistemafaeal.org.br\/senar\/wp-json\/wp\/v2\/pages\/220"}],"wp:attachment":[{"href":"https:\/\/www.sistemafaeal.org.br\/senar\/wp-json\/wp\/v2\/media?parent=454"}],"curies":[{"name":"wp","href":"https:\/\/api.w.org\/{rel}","templated":true}]}}