{"id":456,"date":"2016-11-28T16:00:40","date_gmt":"2016-11-28T18:00:40","guid":{"rendered":"http:\/\/senar.agropecuaria.ws\/?page_id=456"},"modified":"2016-11-28T16:00:40","modified_gmt":"2016-11-28T18:00:40","slug":"educacao-ambiental","status":"publish","type":"page","link":"https:\/\/www.sistemafaeal.org.br\/senar\/atuacao\/formacao-profissional-rural\/cursos\/educacao-ambiental\/","title":{"rendered":"Educa\u00e7\u00e3o Ambiental"},"content":{"rendered":"<p style=\"text-align: justify;\"><strong>Objetivos: <\/strong>Capacitar trabalhadores rurais e fam\u00edlia na preserva\u00e7\u00e3o do meio ambiente.<\/p>\n<p style=\"text-align: justify;\"><strong>Justificativa:<\/strong> A defesa do meio ambiente exige esfor\u00e7o de uma corrida com barreiras: a primeira \u00e9 superar o desconhecimento sobre o tema, por isso, esse curso oferece no\u00e7\u00f5es b\u00e1sicas sobre \u00e1gua, solo, energia, lixo e biodiversidade.<\/p>\n<p style=\"text-align: justify;\">Conte\u00fado Program\u00e1tico:<\/p>\n<p style=\"text-align: justify;\">&#8211; Acordo de conviv\u00eancia<\/p>\n<p style=\"text-align: justify;\">&#8211; Apresenta\u00e7\u00e3o do Senar<\/p>\n<p style=\"text-align: justify;\">&#8211; Higiene pessoal, ambiente e equipamentos<\/p>\n<p style=\"text-align: justify;\">&#8211; Conceito de Educa\u00e7\u00e3o Ambiental (Lei n\u00ba 9.795 de 27\/04\/1999)<\/p>\n<p style=\"text-align: justify;\">&#8211; Materiais a serem utilizados<\/p>\n<p style=\"text-align: justify;\">&#8211; Coleta, destina\u00e7\u00e3o e reciclagem do lixo<\/p>\n<p style=\"text-align: justify;\">&#8211; Uso adequado das \u00e1guas: destino de dejetos<\/p>\n<p style=\"text-align: justify;\">&#8211; Preserva\u00e7\u00e3o da fauna e flora<\/p>\n<p style=\"text-align: justify;\">&#8211; Meio ambiente: conceito, ecossistema, biodiversidade e ecologia<\/p>\n<p style=\"text-align: justify;\">&#8211; Componentes do meio ambiente: meio f\u00edsico, qu\u00edmico e biol\u00f3gico<\/p>\n<p style=\"text-align: justify;\">&#8211; Uso e Manejo dos recursos naturais: explora\u00e7\u00e3o, conserva\u00e7\u00e3o, preserva\u00e7\u00e3o, pr\u00e1ticas conservacionistas e uso correto de produtos.<\/p>\n<p style=\"text-align: justify;\">&#8211; Percep\u00e7\u00e3o ambiental: diagn\u00f3stico, forma de identifica\u00e7\u00e3o, condi\u00e7\u00f5es, elabora\u00e7\u00e3o de a\u00e7\u00f5es e monitoramento<\/p>\n<p style=\"text-align: justify;\"><strong>Carga Hor\u00e1ria:<\/strong> 20 horas<\/p>\n<p style=\"text-align: justify;\"><strong>Participantes:<\/strong> m\u00ednimo 15, m\u00e1ximo 18.<\/p>\n<p style=\"text-align: justify;\"><strong>Pr\u00e9-Requisitos: Ser alfabetizado; N\u00e3o ser totalmente incapaz e ter idade m\u00ednima de 18 anos. <\/strong><\/p>\n","protected":false},"excerpt":{"rendered":"<p>Objetivos: Capacitar trabalhadores rurais e fam\u00edlia na preserva\u00e7\u00e3o do meio ambiente. Justificativa: A defesa do meio ambiente exige esfor\u00e7o de uma corrida com barreiras: a primeira \u00e9 superar o desconhecimento sobre o tema, por isso, esse curso oferece no\u00e7\u00f5es b\u00e1sicas sobre \u00e1gua, solo, energia, lixo e biodiversidade. Conte\u00fado Program\u00e1tico: &#8211; Acordo de conviv\u00eancia &#8211; Apresenta\u00e7\u00e3o [&hellip;]<\/p>\n","protected":false},"author":1,"featured_media":0,"parent":220,"menu_order":0,"comment_status":"closed","ping_status":"closed","template":"","meta":{"footnotes":""},"class_list":["post-456","page","type-page","status-publish","hentry"],"_links":{"self":[{"href":"https:\/\/www.sistemafaeal.org.br\/senar\/wp-json\/wp\/v2\/pages\/456","targetHints":{"allow":["GET"]}}],"collection":[{"href":"https:\/\/www.sistemafaeal.org.br\/senar\/wp-json\/wp\/v2\/pages"}],"about":[{"href":"https:\/\/www.sistemafaeal.org.br\/senar\/wp-json\/wp\/v2\/types\/page"}],"author":[{"embeddable":true,"href":"https:\/\/www.sistemafaeal.org.br\/senar\/wp-json\/wp\/v2\/users\/1"}],"replies":[{"embeddable":true,"href":"https:\/\/www.sistemafaeal.org.br\/senar\/wp-json\/wp\/v2\/comments?post=456"}],"version-history":[{"count":0,"href":"https:\/\/www.sistemafaeal.org.br\/senar\/wp-json\/wp\/v2\/pages\/456\/revisions"}],"up":[{"embeddable":true,"href":"https:\/\/www.sistemafaeal.org.br\/senar\/wp-json\/wp\/v2\/pages\/220"}],"wp:attachment":[{"href":"https:\/\/www.sistemafaeal.org.br\/senar\/wp-json\/wp\/v2\/media?parent=456"}],"curies":[{"name":"wp","href":"https:\/\/api.w.org\/{rel}","templated":true}]}}