{"id":458,"date":"2016-11-28T16:02:59","date_gmt":"2016-11-28T18:02:59","guid":{"rendered":"http:\/\/senar.agropecuaria.ws\/?page_id=458"},"modified":"2016-11-28T16:02:59","modified_gmt":"2016-11-28T18:02:59","slug":"fruticultura-basica","status":"publish","type":"page","link":"https:\/\/www.sistemafaeal.org.br\/senar\/atuacao\/formacao-profissional-rural\/cursos\/fruticultura-basica\/","title":{"rendered":"Fruticultura B\u00e1sica"},"content":{"rendered":"<p style=\"text-align: justify;\"><strong>Objetivo:<\/strong> Capacitar o produtor e\/ou trabalhador rural com t\u00e9cnicas adequadas na produ\u00e7\u00e3o, classifica\u00e7\u00e3o e padroniza\u00e7\u00e3o de frutas.<\/p>\n<p style=\"text-align: justify;\"><strong>Justificativa:<\/strong> A fruticultura apresenta grande import\u00e2ncia socioecon\u00f4mica para o estado de Alagoas, no entanto, para que haja retorno econ\u00f4mico da atividade, faz-se necess\u00e1rio promover a melhoria dos sistemas de produ\u00e7\u00e3o, da qualidade do produto e pre\u00e7os competidores, fatores que est\u00e3o associados aos conhecimentos t\u00e9cnicos para a condu\u00e7\u00e3o adequada da cultura, visando com isso a melhoria da renda do produtor rural.<\/p>\n<p style=\"text-align: justify;\"><strong>\u00a0Conte\u00fado program\u00e1tico do curso:<\/strong><\/p>\n<p style=\"text-align: justify;\">&#8211; Acordo de conviv\u00eancia<\/p>\n<p style=\"text-align: justify;\">&#8211; Apresenta\u00e7\u00e3o SENAR<\/p>\n<p style=\"text-align: justify;\">&#8211; Higiene pessoal, ambiente, equipamentos<\/p>\n<p style=\"text-align: justify;\">&#8211; Educa\u00e7\u00e3o ambiental<\/p>\n<p style=\"text-align: justify;\">&#8211; No\u00e7\u00f5es e manejo na conserva\u00e7\u00e3o de solo<\/p>\n<p style=\"text-align: justify;\">&#8211; Coleta de amostra do solo para an\u00e1lise<\/p>\n<p style=\"text-align: justify;\">&#8211; Calagem e preparo do solo<\/p>\n<p style=\"text-align: justify;\">&#8211; Aduba\u00e7\u00e3o qu\u00edmica<\/p>\n<p style=\"text-align: justify;\">&#8211; Aduba\u00e7\u00e3o org\u00e2nica<\/p>\n<p style=\"text-align: justify;\">&#8211; Sele\u00e7\u00e3o de mudas<\/p>\n<p style=\"text-align: justify;\">&#8211; Identifica\u00e7\u00e3o de pragas e doen\u00e7as<\/p>\n<p style=\"text-align: justify;\">&#8211; Meios de controle: cultural, biol\u00f3gico e qu\u00edmico.<\/p>\n<p style=\"text-align: justify;\">&#8211; Manejo integrado de pragas e doen\u00e7as<\/p>\n<p style=\"text-align: justify;\">&#8211; Avalia\u00e7\u00e3o individual<\/p>\n<p style=\"text-align: justify;\"><strong>Carga hor\u00e1ria:<\/strong> 24 horas<\/p>\n<p style=\"text-align: justify;\"><strong>Participantes:<\/strong> m\u00ednimo 15, m\u00e1ximo 18.<\/p>\n<p style=\"text-align: justify;\"><strong>Pr\u00e9-Requisitos: Ser alfabetizado; N\u00e3o ser totalmente incapaz e ter idade m\u00ednima de 18 anos. <\/strong><\/p>\n","protected":false},"excerpt":{"rendered":"<p>Objetivo: Capacitar o produtor e\/ou trabalhador rural com t\u00e9cnicas adequadas na produ\u00e7\u00e3o, classifica\u00e7\u00e3o e padroniza\u00e7\u00e3o de frutas. Justificativa: A fruticultura apresenta grande import\u00e2ncia socioecon\u00f4mica para o estado de Alagoas, no entanto, para que haja retorno econ\u00f4mico da atividade, faz-se necess\u00e1rio promover a melhoria dos sistemas de produ\u00e7\u00e3o, da qualidade do produto e pre\u00e7os competidores, fatores [&hellip;]<\/p>\n","protected":false},"author":1,"featured_media":0,"parent":220,"menu_order":0,"comment_status":"closed","ping_status":"closed","template":"","meta":{"footnotes":""},"class_list":["post-458","page","type-page","status-publish","hentry"],"_links":{"self":[{"href":"https:\/\/www.sistemafaeal.org.br\/senar\/wp-json\/wp\/v2\/pages\/458","targetHints":{"allow":["GET"]}}],"collection":[{"href":"https:\/\/www.sistemafaeal.org.br\/senar\/wp-json\/wp\/v2\/pages"}],"about":[{"href":"https:\/\/www.sistemafaeal.org.br\/senar\/wp-json\/wp\/v2\/types\/page"}],"author":[{"embeddable":true,"href":"https:\/\/www.sistemafaeal.org.br\/senar\/wp-json\/wp\/v2\/users\/1"}],"replies":[{"embeddable":true,"href":"https:\/\/www.sistemafaeal.org.br\/senar\/wp-json\/wp\/v2\/comments?post=458"}],"version-history":[{"count":0,"href":"https:\/\/www.sistemafaeal.org.br\/senar\/wp-json\/wp\/v2\/pages\/458\/revisions"}],"up":[{"embeddable":true,"href":"https:\/\/www.sistemafaeal.org.br\/senar\/wp-json\/wp\/v2\/pages\/220"}],"wp:attachment":[{"href":"https:\/\/www.sistemafaeal.org.br\/senar\/wp-json\/wp\/v2\/media?parent=458"}],"curies":[{"name":"wp","href":"https:\/\/api.w.org\/{rel}","templated":true}]}}