{"id":466,"date":"2016-11-28T16:07:13","date_gmt":"2016-11-28T18:07:13","guid":{"rendered":"http:\/\/senar.agropecuaria.ws\/?page_id=466"},"modified":"2016-11-28T16:07:13","modified_gmt":"2016-11-28T18:07:13","slug":"irrigacao-agricola","status":"publish","type":"page","link":"https:\/\/www.sistemafaeal.org.br\/senar\/atuacao\/formacao-profissional-rural\/cursos\/irrigacao-agricola\/","title":{"rendered":"Irriga\u00e7\u00e3o Agr\u00edcola"},"content":{"rendered":"<p style=\"text-align: justify;\"><strong>Objetivo:<\/strong> Capacitar o produtor rural e\/ou trabalhador rural na manuten\u00e7\u00e3o do sistema de irriga\u00e7\u00e3o agr\u00edcola, de maneira correta e eficiente.<\/p>\n<p style=\"text-align: justify;\"><strong>Justificativa:<\/strong> A irriga\u00e7\u00e3o agr\u00edcola exerce um papel importante, pois al\u00e9m de multiplicar a capacidade produtiva, permite obter maior efici\u00eancia, agregando valores ao sistema.<\/p>\n<p style=\"text-align: justify;\"><strong>Conte\u00fado Program\u00e1tico do Curso:<\/strong><\/p>\n<p style=\"text-align: justify;\">&#8211; Acordo de conviv\u00eancia<\/p>\n<p style=\"text-align: justify;\">&#8211; Apresenta\u00e7\u00e3o do Senar<\/p>\n<p style=\"text-align: justify;\">&#8211; Higiene pessoal, ambiente e equipamentos<\/p>\n<p style=\"text-align: justify;\">&#8211; Educa\u00e7\u00e3o ambiental<\/p>\n<p style=\"text-align: justify;\">&#8211; Manejo do solo e da \u00e1gua<\/p>\n<p style=\"text-align: justify;\">&#8211; Informa\u00e7\u00f5es b\u00e1sicas sobre irriga\u00e7\u00e3o<\/p>\n<p style=\"text-align: justify;\">&#8211; Identifica\u00e7\u00e3o dos componentes do sistema de aspers\u00e3o<\/p>\n<p style=\"text-align: justify;\">&#8211; Identifica\u00e7\u00e3o e corre\u00e7\u00e3o de falta de press\u00e3o e cavita\u00e7\u00e3o da bomba<\/p>\n<p style=\"text-align: justify;\">&#8211; Alinhamento do conjunto moto-bomba<\/p>\n<p style=\"text-align: justify;\">&#8211; Medi\u00e7\u00e3o do volume de \u00e1gua para irriga\u00e7\u00e3o<\/p>\n<p style=\"text-align: justify;\">&#8211; Planejamento do sistema de irriga\u00e7\u00e3o<\/p>\n<p style=\"text-align: justify;\">&#8211; Distribui\u00e7\u00e3o das tubula\u00e7\u00f5es e espa\u00e7amentos dos aspersores<\/p>\n<p style=\"text-align: justify;\">&#8211; Partida do conjunto moto-bomba<\/p>\n<p style=\"text-align: justify;\">&#8211; Opera\u00e7\u00e3o do sistema de irriga\u00e7\u00e3o<\/p>\n<p style=\"text-align: justify;\">&#8211; Manuten\u00e7\u00e3o do equipamento<\/p>\n<p style=\"text-align: justify;\">&#8211; Avalia\u00e7\u00e3o<\/p>\n<p style=\"text-align: justify;\"><strong>Carga Hor\u00e1ria:<\/strong> 24 horas<\/p>\n<p style=\"text-align: justify;\"><strong>Participantes:<\/strong> m\u00ednimo 15, m\u00e1ximo 18.<\/p>\n<p style=\"text-align: justify;\"><strong>Pr\u00e9-Requisitos: Ser alfabetizado; N\u00e3o ser totalmente incapaz e ter idade m\u00ednima de 18 anos. <\/strong><\/p>\n<p>&nbsp;<\/p>\n","protected":false},"excerpt":{"rendered":"<p>Objetivo: Capacitar o produtor rural e\/ou trabalhador rural na manuten\u00e7\u00e3o do sistema de irriga\u00e7\u00e3o agr\u00edcola, de maneira correta e eficiente. Justificativa: A irriga\u00e7\u00e3o agr\u00edcola exerce um papel importante, pois al\u00e9m de multiplicar a capacidade produtiva, permite obter maior efici\u00eancia, agregando valores ao sistema. Conte\u00fado Program\u00e1tico do Curso: &#8211; Acordo de conviv\u00eancia &#8211; Apresenta\u00e7\u00e3o do Senar [&hellip;]<\/p>\n","protected":false},"author":1,"featured_media":0,"parent":220,"menu_order":0,"comment_status":"closed","ping_status":"closed","template":"","meta":{"footnotes":""},"class_list":["post-466","page","type-page","status-publish","hentry"],"_links":{"self":[{"href":"https:\/\/www.sistemafaeal.org.br\/senar\/wp-json\/wp\/v2\/pages\/466","targetHints":{"allow":["GET"]}}],"collection":[{"href":"https:\/\/www.sistemafaeal.org.br\/senar\/wp-json\/wp\/v2\/pages"}],"about":[{"href":"https:\/\/www.sistemafaeal.org.br\/senar\/wp-json\/wp\/v2\/types\/page"}],"author":[{"embeddable":true,"href":"https:\/\/www.sistemafaeal.org.br\/senar\/wp-json\/wp\/v2\/users\/1"}],"replies":[{"embeddable":true,"href":"https:\/\/www.sistemafaeal.org.br\/senar\/wp-json\/wp\/v2\/comments?post=466"}],"version-history":[{"count":0,"href":"https:\/\/www.sistemafaeal.org.br\/senar\/wp-json\/wp\/v2\/pages\/466\/revisions"}],"up":[{"embeddable":true,"href":"https:\/\/www.sistemafaeal.org.br\/senar\/wp-json\/wp\/v2\/pages\/220"}],"wp:attachment":[{"href":"https:\/\/www.sistemafaeal.org.br\/senar\/wp-json\/wp\/v2\/media?parent=466"}],"curies":[{"name":"wp","href":"https:\/\/api.w.org\/{rel}","templated":true}]}}