{"id":474,"date":"2016-11-28T16:10:26","date_gmt":"2016-11-28T18:10:26","guid":{"rendered":"http:\/\/senar.agropecuaria.ws\/?page_id=474"},"modified":"2016-11-28T16:10:26","modified_gmt":"2016-11-28T18:10:26","slug":"olericultura-basica-hortalicas","status":"publish","type":"page","link":"https:\/\/www.sistemafaeal.org.br\/senar\/atuacao\/formacao-profissional-rural\/cursos\/olericultura-basica-hortalicas\/","title":{"rendered":"Olericultura B\u00e1sica &#8211; Hortali\u00e7as"},"content":{"rendered":"<p style=\"text-align: justify;\"><strong>Objetivo:<\/strong> Capacitar o produtor e\/ou trabalhador rural com t\u00e9cnicas adequadas no manejo de hortali\u00e7as, visando o aumento da produ\u00e7\u00e3o, da produtividade e da qualidade.<\/p>\n<p style=\"text-align: justify;\"><strong>Justificativa:<\/strong> Muitos produtores e trabalhadores rurais gastam uma parte de sua renda na compra de alimentos para sua fam\u00edlias, por isso justifica-se a implementa\u00e7\u00e3o de hortas para produ\u00e7\u00e3o de alimentos frescos e ricos em nutrientes. A produ\u00e7\u00e3o destina-se ao consumo pr\u00f3prio e tamb\u00e9m a gera\u00e7\u00e3o de excedente para comercializa\u00e7\u00e3o possibilitando a redu\u00e7\u00e3o da desnutri\u00e7\u00e3o, aumento da gera\u00e7\u00e3o de trabalho, a amplia\u00e7\u00e3o de renda e a inclus\u00e3o social.<\/p>\n<p style=\"text-align: justify;\"><strong>Conte\u00fado program\u00e1tico do curso:<\/strong><\/p>\n<p style=\"text-align: justify;\">&#8211; Acordo de conviv\u00eancia<\/p>\n<p style=\"text-align: justify;\">&#8211; Apresenta\u00e7\u00e3o SENAR<\/p>\n<p style=\"text-align: justify;\">&#8211; Higiene pessoal, ambiente, equipamentos<\/p>\n<p style=\"text-align: justify;\">&#8211; Educa\u00e7\u00e3o ambiental<\/p>\n<p style=\"text-align: justify;\">&#8211; Import\u00e2ncia das hortali\u00e7as<\/p>\n<p style=\"text-align: justify;\">&#8211; Planejamento da horta<\/p>\n<p style=\"text-align: justify;\">&#8211; Preparo do local e Preparo do solo<\/p>\n<p style=\"text-align: justify;\">&#8211; Aduba\u00e7\u00e3o org\u00e2nica<\/p>\n<p style=\"text-align: justify;\">&#8211; Produ\u00e7\u00e3o de mudas e Transplante<\/p>\n<p style=\"text-align: justify;\">&#8211; Tratos culturais<\/p>\n<p style=\"text-align: justify;\">&#8211; Controle de pragas e doen\u00e7as<\/p>\n<p style=\"text-align: justify;\">&#8211; Irriga\u00e7\u00e3o<\/p>\n<p style=\"text-align: justify;\">&#8211; Colheita e classifica\u00e7\u00e3o<\/p>\n<p style=\"text-align: justify;\">&#8211; Transporte, comercializa\u00e7\u00e3o<\/p>\n<p style=\"text-align: justify;\">&#8211; Avalia\u00e7\u00e3o individual<\/p>\n<p style=\"text-align: justify;\"><strong>Carga hor\u00e1ria:<\/strong> 32 horas<\/p>\n<p style=\"text-align: justify;\"><strong>Participantes:<\/strong> m\u00ednimo 15, m\u00e1ximo 18.<\/p>\n<p style=\"text-align: justify;\"><strong>Pr\u00e9-Requisitos: Ser alfabetizado; N\u00e3o ser totalmente incapaz e ter idade m\u00ednima de 18 anos. <\/strong><\/p>\n","protected":false},"excerpt":{"rendered":"<p>Objetivo: Capacitar o produtor e\/ou trabalhador rural com t\u00e9cnicas adequadas no manejo de hortali\u00e7as, visando o aumento da produ\u00e7\u00e3o, da produtividade e da qualidade. Justificativa: Muitos produtores e trabalhadores rurais gastam uma parte de sua renda na compra de alimentos para sua fam\u00edlias, por isso justifica-se a implementa\u00e7\u00e3o de hortas para produ\u00e7\u00e3o de alimentos frescos [&hellip;]<\/p>\n","protected":false},"author":1,"featured_media":0,"parent":220,"menu_order":0,"comment_status":"closed","ping_status":"closed","template":"","meta":{"footnotes":""},"class_list":["post-474","page","type-page","status-publish","hentry"],"_links":{"self":[{"href":"https:\/\/www.sistemafaeal.org.br\/senar\/wp-json\/wp\/v2\/pages\/474","targetHints":{"allow":["GET"]}}],"collection":[{"href":"https:\/\/www.sistemafaeal.org.br\/senar\/wp-json\/wp\/v2\/pages"}],"about":[{"href":"https:\/\/www.sistemafaeal.org.br\/senar\/wp-json\/wp\/v2\/types\/page"}],"author":[{"embeddable":true,"href":"https:\/\/www.sistemafaeal.org.br\/senar\/wp-json\/wp\/v2\/users\/1"}],"replies":[{"embeddable":true,"href":"https:\/\/www.sistemafaeal.org.br\/senar\/wp-json\/wp\/v2\/comments?post=474"}],"version-history":[{"count":0,"href":"https:\/\/www.sistemafaeal.org.br\/senar\/wp-json\/wp\/v2\/pages\/474\/revisions"}],"up":[{"embeddable":true,"href":"https:\/\/www.sistemafaeal.org.br\/senar\/wp-json\/wp\/v2\/pages\/220"}],"wp:attachment":[{"href":"https:\/\/www.sistemafaeal.org.br\/senar\/wp-json\/wp\/v2\/media?parent=474"}],"curies":[{"name":"wp","href":"https:\/\/api.w.org\/{rel}","templated":true}]}}