{"id":476,"date":"2016-11-28T16:11:04","date_gmt":"2016-11-28T18:11:04","guid":{"rendered":"http:\/\/senar.agropecuaria.ws\/?page_id=476"},"modified":"2016-11-28T16:11:04","modified_gmt":"2016-11-28T18:11:04","slug":"olericultura-organica","status":"publish","type":"page","link":"https:\/\/www.sistemafaeal.org.br\/senar\/atuacao\/formacao-profissional-rural\/cursos\/olericultura-organica\/","title":{"rendered":"Olericultura Org\u00e2nica"},"content":{"rendered":"<p style=\"text-align: justify;\"><strong>Objetivo: <\/strong>Capacitar o trabalhador e\/ou produtor rural com t\u00e9cnicas adequadas no manejo da olericultura org\u00e2nica<strong>.<\/strong><\/p>\n<p style=\"text-align: justify;\"><strong>Justificativa: <\/strong>Proporcionar ao participante o conhecimento no cultivo org\u00e2nico, tornando-o competitivo no mercado atual.<\/p>\n<p style=\"text-align: justify;\"><strong>Conte\u00fado Program\u00e1tico:<\/strong><\/p>\n<p style=\"text-align: justify;\">&#8211; Acordo de conviv\u00eancia<\/p>\n<p style=\"text-align: justify;\">&#8211; Apresenta\u00e7\u00e3o do SENAR<\/p>\n<p style=\"text-align: justify;\">&#8211; Higiene pessoal, ambiente, equipamentos<\/p>\n<p style=\"text-align: justify;\">&#8211; Educa\u00e7\u00e3o Ambiental (Lei n\u00ba. 9.795 de 27\/04\/1999).<\/p>\n<p style=\"text-align: justify;\">&#8211; Hortali\u00e7a sem agrot\u00f3xicos<\/p>\n<p style=\"text-align: justify;\">&#8211; Melhorar e regenerar o solo<\/p>\n<p style=\"text-align: justify;\">&#8211; Uso de fosfato de rocha<\/p>\n<p style=\"text-align: justify;\">&#8211; Aduba\u00e7\u00e3o verde<\/p>\n<p style=\"text-align: justify;\">&#8211; Compostagem<\/p>\n<p style=\"text-align: justify;\">&#8211; Controle de pragas e doen\u00e7as<\/p>\n<p style=\"text-align: justify;\">&#8211; Controle de ervas daninha<\/p>\n<p style=\"text-align: justify;\">&#8211; Colheita e classifica\u00e7\u00e3o<\/p>\n<p style=\"text-align: justify;\">&#8211; Transporte e comercializa\u00e7\u00e3o<\/p>\n<p style=\"text-align: justify;\">&#8211; Avalia\u00e7\u00e3o<\/p>\n<p style=\"text-align: justify;\"><strong>Carga hor\u00e1ria:<\/strong> 32 horas<\/p>\n<p style=\"text-align: justify;\"><strong>Participantes:<\/strong> m\u00ednimo 15, m\u00e1ximo 18.<\/p>\n<p style=\"text-align: justify;\"><strong>Pr\u00e9-Requisitos: Ser alfabetizado; N\u00e3o ser totalmente incapaz e ter idade m\u00ednima de 18 anos. <\/strong><\/p>\n","protected":false},"excerpt":{"rendered":"<p>Objetivo: Capacitar o trabalhador e\/ou produtor rural com t\u00e9cnicas adequadas no manejo da olericultura org\u00e2nica. Justificativa: Proporcionar ao participante o conhecimento no cultivo org\u00e2nico, tornando-o competitivo no mercado atual. Conte\u00fado Program\u00e1tico: &#8211; Acordo de conviv\u00eancia &#8211; Apresenta\u00e7\u00e3o do SENAR &#8211; Higiene pessoal, ambiente, equipamentos &#8211; Educa\u00e7\u00e3o Ambiental (Lei n\u00ba. 9.795 de 27\/04\/1999). &#8211; Hortali\u00e7a sem [&hellip;]<\/p>\n","protected":false},"author":1,"featured_media":0,"parent":220,"menu_order":0,"comment_status":"closed","ping_status":"closed","template":"","meta":{"footnotes":""},"class_list":["post-476","page","type-page","status-publish","hentry"],"_links":{"self":[{"href":"https:\/\/www.sistemafaeal.org.br\/senar\/wp-json\/wp\/v2\/pages\/476","targetHints":{"allow":["GET"]}}],"collection":[{"href":"https:\/\/www.sistemafaeal.org.br\/senar\/wp-json\/wp\/v2\/pages"}],"about":[{"href":"https:\/\/www.sistemafaeal.org.br\/senar\/wp-json\/wp\/v2\/types\/page"}],"author":[{"embeddable":true,"href":"https:\/\/www.sistemafaeal.org.br\/senar\/wp-json\/wp\/v2\/users\/1"}],"replies":[{"embeddable":true,"href":"https:\/\/www.sistemafaeal.org.br\/senar\/wp-json\/wp\/v2\/comments?post=476"}],"version-history":[{"count":0,"href":"https:\/\/www.sistemafaeal.org.br\/senar\/wp-json\/wp\/v2\/pages\/476\/revisions"}],"up":[{"embeddable":true,"href":"https:\/\/www.sistemafaeal.org.br\/senar\/wp-json\/wp\/v2\/pages\/220"}],"wp:attachment":[{"href":"https:\/\/www.sistemafaeal.org.br\/senar\/wp-json\/wp\/v2\/media?parent=476"}],"curies":[{"name":"wp","href":"https:\/\/api.w.org\/{rel}","templated":true}]}}