{"id":478,"date":"2016-11-28T16:11:35","date_gmt":"2016-11-28T18:11:35","guid":{"rendered":"http:\/\/senar.agropecuaria.ws\/?page_id=478"},"modified":"2016-11-28T16:11:35","modified_gmt":"2016-11-28T18:11:35","slug":"olericultura-controle-de-pragas-e-doencas","status":"publish","type":"page","link":"https:\/\/www.sistemafaeal.org.br\/senar\/atuacao\/formacao-profissional-rural\/cursos\/olericultura-controle-de-pragas-e-doencas\/","title":{"rendered":"Olericultura &#8211; Controle de Pragas e Doen\u00e7as"},"content":{"rendered":"<p style=\"text-align: justify;\"><strong>Objetivo: <\/strong>Capacitar o trabalhador e\/ou produtor rural com t\u00e9cnicas adequadas no manejo de pragas e doen\u00e7as na olericultura<strong>.<\/strong><\/p>\n<p style=\"text-align: justify;\"><strong>Justificativa: <\/strong>Esse curso oferece ao participante a oportunidade de conhecer como evitar pragas e doen\u00e7as nas oler\u00edcolas, evitando perdas na sua produ\u00e7\u00e3o.<\/p>\n<p style=\"text-align: justify;\"><strong>Conte\u00fado Program\u00e1tico:<\/strong><\/p>\n<p style=\"text-align: justify;\">&#8211; Acordo de conviv\u00eancia;<\/p>\n<p style=\"text-align: justify;\">&#8211; Apresenta\u00e7\u00e3o SENAR;<\/p>\n<p style=\"text-align: justify;\">&#8211; Higiene pessoal, ambiente e equipamentos;<\/p>\n<p style=\"text-align: justify;\">&#8211; Educa\u00e7\u00e3o ambiental (Lei n\u00ba 9.795 de 27\/04\/1999);<\/p>\n<p style=\"text-align: justify;\">&#8211; Conhecendo a olericultura;<\/p>\n<p style=\"text-align: justify;\">&#8211; Pragas de plantas;<\/p>\n<p style=\"text-align: justify;\">&#8211; Doen\u00e7as de plantas;<\/p>\n<p style=\"text-align: justify;\">&#8211; Estado nutricional da planta x susceptibilidade a pragas e doen\u00e7as;<\/p>\n<p style=\"text-align: justify;\">&#8211; Monitoramento e avalia\u00e7\u00e3o de danos e perdas;<\/p>\n<p style=\"text-align: justify;\">&#8211; Manejo ecol\u00f3gico de pragas e doen\u00e7as;<\/p>\n<p style=\"text-align: justify;\">&#8211; Medidas de controle;<\/p>\n<p style=\"text-align: justify;\">&#8211; Elabora\u00e7\u00e3o de preparos para o controle alternativo;<\/p>\n<p style=\"text-align: justify;\">&#8211; Avalia\u00e7\u00e3o<\/p>\n<p style=\"text-align: justify;\"><strong>Carga hor\u00e1ria:<\/strong> 24 horas<\/p>\n<p style=\"text-align: justify;\"><strong>Participantes:<\/strong> m\u00ednimo 15, m\u00e1ximo 18.<\/p>\n<p style=\"text-align: justify;\"><strong>Pr\u00e9-Requisitos: Ser alfabetizado; N\u00e3o ser totalmente incapaz e ter idade m\u00ednima de 18 anos. <\/strong><\/p>\n","protected":false},"excerpt":{"rendered":"<p>Objetivo: Capacitar o trabalhador e\/ou produtor rural com t\u00e9cnicas adequadas no manejo de pragas e doen\u00e7as na olericultura. Justificativa: Esse curso oferece ao participante a oportunidade de conhecer como evitar pragas e doen\u00e7as nas oler\u00edcolas, evitando perdas na sua produ\u00e7\u00e3o. Conte\u00fado Program\u00e1tico: &#8211; Acordo de conviv\u00eancia; &#8211; Apresenta\u00e7\u00e3o SENAR; &#8211; Higiene pessoal, ambiente e equipamentos; [&hellip;]<\/p>\n","protected":false},"author":1,"featured_media":0,"parent":220,"menu_order":0,"comment_status":"closed","ping_status":"closed","template":"","meta":{"footnotes":""},"class_list":["post-478","page","type-page","status-publish","hentry"],"_links":{"self":[{"href":"https:\/\/www.sistemafaeal.org.br\/senar\/wp-json\/wp\/v2\/pages\/478","targetHints":{"allow":["GET"]}}],"collection":[{"href":"https:\/\/www.sistemafaeal.org.br\/senar\/wp-json\/wp\/v2\/pages"}],"about":[{"href":"https:\/\/www.sistemafaeal.org.br\/senar\/wp-json\/wp\/v2\/types\/page"}],"author":[{"embeddable":true,"href":"https:\/\/www.sistemafaeal.org.br\/senar\/wp-json\/wp\/v2\/users\/1"}],"replies":[{"embeddable":true,"href":"https:\/\/www.sistemafaeal.org.br\/senar\/wp-json\/wp\/v2\/comments?post=478"}],"version-history":[{"count":0,"href":"https:\/\/www.sistemafaeal.org.br\/senar\/wp-json\/wp\/v2\/pages\/478\/revisions"}],"up":[{"embeddable":true,"href":"https:\/\/www.sistemafaeal.org.br\/senar\/wp-json\/wp\/v2\/pages\/220"}],"wp:attachment":[{"href":"https:\/\/www.sistemafaeal.org.br\/senar\/wp-json\/wp\/v2\/media?parent=478"}],"curies":[{"name":"wp","href":"https:\/\/api.w.org\/{rel}","templated":true}]}}