{"id":480,"date":"2016-11-28T16:12:06","date_gmt":"2016-11-28T18:12:06","guid":{"rendered":"http:\/\/senar.agropecuaria.ws\/?page_id=480"},"modified":"2016-11-28T16:12:06","modified_gmt":"2016-11-28T18:12:06","slug":"olericultura-colheita-e-pos-colheita","status":"publish","type":"page","link":"https:\/\/www.sistemafaeal.org.br\/senar\/atuacao\/formacao-profissional-rural\/cursos\/olericultura-colheita-e-pos-colheita\/","title":{"rendered":"Olericultura &#8211; Colheita e P\u00f3s-Colheita"},"content":{"rendered":"<p style=\"text-align: justify;\"><strong>Objetivo: <\/strong>Capacitar o produtor e\/ou trabalhador rural nas t\u00e9cnicas de colheita e p\u00f3s-colheita na produ\u00e7\u00e3o de plantas oler\u00edcolas.<\/p>\n<p style=\"text-align: justify;\"><strong>Justificativa:<\/strong> Esse curso oferece ao participante a oportunidade de conhecer como fazer o manejo adequado na hora da colheita e os cuidados na p\u00f3s-colheita, evitando perdas na sua produ\u00e7\u00e3o.<\/p>\n<p style=\"text-align: justify;\"><strong>Conte\u00fado Program\u00e1tico:<\/strong><\/p>\n<p style=\"text-align: justify;\">&#8211; Acordo de conviv\u00eancia<\/p>\n<p style=\"text-align: justify;\">&#8211; Apresenta\u00e7\u00e3o do SENAR<\/p>\n<p style=\"text-align: justify;\">&#8211; Higiene pessoal, ambiente e equipamentos<\/p>\n<p style=\"text-align: justify;\">&#8211; Educa\u00e7\u00e3o Ambiental (Lei n\u00ba 9.795 de 27\/04\/1999)<\/p>\n<p style=\"text-align: justify;\">&#8211; Conhecendo a olericultura<\/p>\n<p style=\"text-align: justify;\">&#8211; Tend\u00eancias de mercado<\/p>\n<p style=\"text-align: justify;\">&#8211; Pr\u00e9-colheita<\/p>\n<p style=\"text-align: justify;\">&#8211; Colheita<\/p>\n<p style=\"text-align: justify;\">&#8211; Limpeza e desinfec\u00e7\u00e3o<\/p>\n<p style=\"text-align: justify;\">&#8211; Sele\u00e7\u00e3o e classifica\u00e7\u00e3o<\/p>\n<p style=\"text-align: justify;\">&#8211; Procedimento de sanitiza\u00e7\u00e3o das oler\u00edcolas<\/p>\n<p style=\"text-align: justify;\">&#8211; P\u00f3s-colheita<\/p>\n<p style=\"text-align: justify;\">&#8211; Resfriamento<\/p>\n<p style=\"text-align: justify;\">&#8211; M\u00e9todos de conserva\u00e7\u00e3o<\/p>\n<p style=\"text-align: justify;\">&#8211; Embalagem<\/p>\n<p style=\"text-align: justify;\">&#8211; Avalia\u00e7\u00e3o<\/p>\n<p style=\"text-align: justify;\"><strong>Carga hor\u00e1ria:<\/strong> 24 horas<\/p>\n<p style=\"text-align: justify;\"><strong>Participantes:<\/strong> m\u00ednimo 15, m\u00e1ximo 18.<\/p>\n<p style=\"text-align: justify;\"><strong>Pr\u00e9-Requisitos: Ser alfabetizado; N\u00e3o ser totalmente incapaz e ter idade m\u00ednima de 18 anos. <\/strong><\/p>\n","protected":false},"excerpt":{"rendered":"<p>Objetivo: Capacitar o produtor e\/ou trabalhador rural nas t\u00e9cnicas de colheita e p\u00f3s-colheita na produ\u00e7\u00e3o de plantas oler\u00edcolas. Justificativa: Esse curso oferece ao participante a oportunidade de conhecer como fazer o manejo adequado na hora da colheita e os cuidados na p\u00f3s-colheita, evitando perdas na sua produ\u00e7\u00e3o. Conte\u00fado Program\u00e1tico: &#8211; Acordo de conviv\u00eancia &#8211; Apresenta\u00e7\u00e3o [&hellip;]<\/p>\n","protected":false},"author":1,"featured_media":0,"parent":220,"menu_order":0,"comment_status":"closed","ping_status":"closed","template":"","meta":{"footnotes":""},"class_list":["post-480","page","type-page","status-publish","hentry"],"_links":{"self":[{"href":"https:\/\/www.sistemafaeal.org.br\/senar\/wp-json\/wp\/v2\/pages\/480","targetHints":{"allow":["GET"]}}],"collection":[{"href":"https:\/\/www.sistemafaeal.org.br\/senar\/wp-json\/wp\/v2\/pages"}],"about":[{"href":"https:\/\/www.sistemafaeal.org.br\/senar\/wp-json\/wp\/v2\/types\/page"}],"author":[{"embeddable":true,"href":"https:\/\/www.sistemafaeal.org.br\/senar\/wp-json\/wp\/v2\/users\/1"}],"replies":[{"embeddable":true,"href":"https:\/\/www.sistemafaeal.org.br\/senar\/wp-json\/wp\/v2\/comments?post=480"}],"version-history":[{"count":0,"href":"https:\/\/www.sistemafaeal.org.br\/senar\/wp-json\/wp\/v2\/pages\/480\/revisions"}],"up":[{"embeddable":true,"href":"https:\/\/www.sistemafaeal.org.br\/senar\/wp-json\/wp\/v2\/pages\/220"}],"wp:attachment":[{"href":"https:\/\/www.sistemafaeal.org.br\/senar\/wp-json\/wp\/v2\/media?parent=480"}],"curies":[{"name":"wp","href":"https:\/\/api.w.org\/{rel}","templated":true}]}}