{"id":484,"date":"2016-11-28T16:13:03","date_gmt":"2016-11-28T18:13:03","guid":{"rendered":"http:\/\/senar.agropecuaria.ws\/?page_id=484"},"modified":"2016-11-28T16:13:03","modified_gmt":"2016-11-28T18:13:03","slug":"ovinocultura-alimentacao","status":"publish","type":"page","link":"https:\/\/www.sistemafaeal.org.br\/senar\/atuacao\/formacao-profissional-rural\/cursos\/ovinocultura-alimentacao\/","title":{"rendered":"Ovinocultura &#8211; Alimenta\u00e7\u00e3o"},"content":{"rendered":"<p style=\"text-align: justify;\"><strong>Objetivo:<\/strong> Capacitar o produtor e\/ou trabalhador rural com t\u00e9cnicas adequadas nas principais pr\u00e1ticas de manejo na produ\u00e7\u00e3o de alimentos para ovinos.<\/p>\n<p style=\"text-align: justify;\"><strong>Justificativa:<\/strong> A ovinocultura \u00e9 uma atividade rural em expans\u00e3o, considerando-se os aspectos favor\u00e1veis do ambiente no estado de Alagoas, bem como gera um produto de f\u00e1cil comercializa\u00e7\u00e3o. Tecnicamente, salienta-se: adequa\u00e7\u00e3o de ra\u00e7as ou tipos gen\u00e9ticos a realidade ambiental da regi\u00e3o, melhora da alimenta\u00e7\u00e3o, do manejo sanit\u00e1rio, do manejo reprodutivo e programa de melhoramento gen\u00e9tico.<\/p>\n<p style=\"text-align: justify;\"><strong>Conte\u00fado program\u00e1tico do curso:<\/strong><\/p>\n<p style=\"text-align: justify;\">&#8211; Acordo de conviv\u00eancia<\/p>\n<p style=\"text-align: justify;\">&#8211; Apresenta\u00e7\u00e3o SENAR<\/p>\n<p style=\"text-align: justify;\">&#8211; Higiene pessoal, ambiente, equipamentos<\/p>\n<p style=\"text-align: justify;\">&#8211; Educa\u00e7\u00e3o ambiental<\/p>\n<p style=\"text-align: justify;\">&#8211; Produ\u00e7\u00e3o de forragem<\/p>\n<p style=\"text-align: justify;\">&#8211; Conserva\u00e7\u00e3o de forragem<\/p>\n<p style=\"text-align: justify;\">&#8211; Silagem<\/p>\n<p style=\"text-align: justify;\">&#8211; Feno<\/p>\n<p style=\"text-align: justify;\">&#8211; Alternativas de alimenta\u00e7\u00e3o<\/p>\n<p style=\"text-align: justify;\">&#8211; Mineraliza\u00e7\u00e3o<\/p>\n<p style=\"text-align: justify;\">&#8211; Avalia\u00e7\u00e3o individual<\/p>\n<p style=\"text-align: justify;\"><strong>Carga hor\u00e1ria:<\/strong> 24 horas<\/p>\n<p style=\"text-align: justify;\"><strong>Participantes:<\/strong> m\u00ednimo 15, m\u00e1ximo 18.<\/p>\n<p style=\"text-align: justify;\"><strong>Pr\u00e9-Requisitos: Ser alfabetizado; N\u00e3o ser totalmente incapaz e ter idade m\u00ednima de 18 anos. <\/strong><\/p>\n","protected":false},"excerpt":{"rendered":"<p>Objetivo: Capacitar o produtor e\/ou trabalhador rural com t\u00e9cnicas adequadas nas principais pr\u00e1ticas de manejo na produ\u00e7\u00e3o de alimentos para ovinos. Justificativa: A ovinocultura \u00e9 uma atividade rural em expans\u00e3o, considerando-se os aspectos favor\u00e1veis do ambiente no estado de Alagoas, bem como gera um produto de f\u00e1cil comercializa\u00e7\u00e3o. Tecnicamente, salienta-se: adequa\u00e7\u00e3o de ra\u00e7as ou tipos [&hellip;]<\/p>\n","protected":false},"author":1,"featured_media":0,"parent":220,"menu_order":0,"comment_status":"closed","ping_status":"closed","template":"","meta":{"footnotes":""},"class_list":["post-484","page","type-page","status-publish","hentry"],"_links":{"self":[{"href":"https:\/\/www.sistemafaeal.org.br\/senar\/wp-json\/wp\/v2\/pages\/484","targetHints":{"allow":["GET"]}}],"collection":[{"href":"https:\/\/www.sistemafaeal.org.br\/senar\/wp-json\/wp\/v2\/pages"}],"about":[{"href":"https:\/\/www.sistemafaeal.org.br\/senar\/wp-json\/wp\/v2\/types\/page"}],"author":[{"embeddable":true,"href":"https:\/\/www.sistemafaeal.org.br\/senar\/wp-json\/wp\/v2\/users\/1"}],"replies":[{"embeddable":true,"href":"https:\/\/www.sistemafaeal.org.br\/senar\/wp-json\/wp\/v2\/comments?post=484"}],"version-history":[{"count":0,"href":"https:\/\/www.sistemafaeal.org.br\/senar\/wp-json\/wp\/v2\/pages\/484\/revisions"}],"up":[{"embeddable":true,"href":"https:\/\/www.sistemafaeal.org.br\/senar\/wp-json\/wp\/v2\/pages\/220"}],"wp:attachment":[{"href":"https:\/\/www.sistemafaeal.org.br\/senar\/wp-json\/wp\/v2\/media?parent=484"}],"curies":[{"name":"wp","href":"https:\/\/api.w.org\/{rel}","templated":true}]}}