{"id":488,"date":"2016-11-28T16:14:02","date_gmt":"2016-11-28T18:14:02","guid":{"rendered":"http:\/\/senar.agropecuaria.ws\/?page_id=488"},"modified":"2016-11-28T16:14:02","modified_gmt":"2016-11-28T18:14:02","slug":"piscicultura-basica","status":"publish","type":"page","link":"https:\/\/www.sistemafaeal.org.br\/senar\/atuacao\/formacao-profissional-rural\/cursos\/piscicultura-basica\/","title":{"rendered":"Piscicultura B\u00e1sica"},"content":{"rendered":"<p style=\"text-align: justify;\"><strong>Objetivo:<\/strong> Capacitar o produtor e\/ou trabalhador rural no manejo e na produ\u00e7\u00e3o de peixes de maneira correta e eficiente.<\/p>\n<p style=\"text-align: justify;\"><strong>Justificativa:<\/strong> No estado de Alagoas a piscicultura se mostra altamente atraente como atividade geradora de divisas e de alimento barato para a popula\u00e7\u00e3o, para o turismo tradicional e o lazer.<\/p>\n<p style=\"text-align: justify;\"><strong>Conte\u00fado program\u00e1tico do curso:<\/strong><\/p>\n<p style=\"text-align: justify;\">&#8211; Acordo de conviv\u00eancia<\/p>\n<p style=\"text-align: justify;\">&#8211; Apresenta\u00e7\u00e3o SENAR<\/p>\n<p style=\"text-align: justify;\">&#8211; Higiene pessoal, ambiente, equipamentos<\/p>\n<p style=\"text-align: justify;\">&#8211; Educa\u00e7\u00e3o ambiental<\/p>\n<p style=\"text-align: justify;\">&#8211; Caracter\u00edsticas biol\u00f3gicas de algumas esp\u00e9cies de peixe no Brasil<\/p>\n<p style=\"text-align: justify;\">&#8211; Constru\u00e7\u00e3o e prepara\u00e7\u00e3o de viveiro<\/p>\n<p style=\"text-align: justify;\">&#8211; Tipos e controle de macr\u00f3fitas<\/p>\n<p style=\"text-align: justify;\">&#8211; Sistema de produ\u00e7\u00e3o<\/p>\n<p style=\"text-align: justify;\">&#8211; Segunda alevinagem e engorda<\/p>\n<p style=\"text-align: justify;\">&#8211; Povoamento do viveiro, cuidados e densidades recomendadas<\/p>\n<p style=\"text-align: justify;\">&#8211; Import\u00e2ncia do alimento natural na nutri\u00e7\u00e3o do peixe<\/p>\n<p style=\"text-align: justify;\">&#8211; Manejo da alimenta\u00e7\u00e3o<\/p>\n<p style=\"text-align: justify;\">&#8211; Fatores que interferem na convers\u00e3o alimentar dos peixes<\/p>\n<p style=\"text-align: justify;\">&#8211; Controle de qualidade da \u00e1gua<\/p>\n<p style=\"text-align: justify;\">&#8211; Controle zoot\u00e9cnico<\/p>\n<p style=\"text-align: justify;\">&#8211; Avalia\u00e7\u00e3o individual<\/p>\n<p style=\"text-align: justify;\"><strong>Carga hor\u00e1ria:<\/strong> 24 horas<\/p>\n<p style=\"text-align: justify;\"><strong>Participantes:<\/strong> m\u00ednimo 15, m\u00e1ximo 18.<\/p>\n<p style=\"text-align: justify;\"><strong>Pr\u00e9-Requisitos: Ser alfabetizado; N\u00e3o ser totalmente incapaz e ter idade m\u00ednima de 18 anos. <\/strong><\/p>\n","protected":false},"excerpt":{"rendered":"<p>Objetivo: Capacitar o produtor e\/ou trabalhador rural no manejo e na produ\u00e7\u00e3o de peixes de maneira correta e eficiente. Justificativa: No estado de Alagoas a piscicultura se mostra altamente atraente como atividade geradora de divisas e de alimento barato para a popula\u00e7\u00e3o, para o turismo tradicional e o lazer. Conte\u00fado program\u00e1tico do curso: &#8211; Acordo [&hellip;]<\/p>\n","protected":false},"author":1,"featured_media":0,"parent":220,"menu_order":0,"comment_status":"closed","ping_status":"closed","template":"","meta":{"footnotes":""},"class_list":["post-488","page","type-page","status-publish","hentry"],"_links":{"self":[{"href":"https:\/\/www.sistemafaeal.org.br\/senar\/wp-json\/wp\/v2\/pages\/488","targetHints":{"allow":["GET"]}}],"collection":[{"href":"https:\/\/www.sistemafaeal.org.br\/senar\/wp-json\/wp\/v2\/pages"}],"about":[{"href":"https:\/\/www.sistemafaeal.org.br\/senar\/wp-json\/wp\/v2\/types\/page"}],"author":[{"embeddable":true,"href":"https:\/\/www.sistemafaeal.org.br\/senar\/wp-json\/wp\/v2\/users\/1"}],"replies":[{"embeddable":true,"href":"https:\/\/www.sistemafaeal.org.br\/senar\/wp-json\/wp\/v2\/comments?post=488"}],"version-history":[{"count":0,"href":"https:\/\/www.sistemafaeal.org.br\/senar\/wp-json\/wp\/v2\/pages\/488\/revisions"}],"up":[{"embeddable":true,"href":"https:\/\/www.sistemafaeal.org.br\/senar\/wp-json\/wp\/v2\/pages\/220"}],"wp:attachment":[{"href":"https:\/\/www.sistemafaeal.org.br\/senar\/wp-json\/wp\/v2\/media?parent=488"}],"curies":[{"name":"wp","href":"https:\/\/api.w.org\/{rel}","templated":true}]}}