{"id":490,"date":"2016-11-28T16:14:43","date_gmt":"2016-11-28T18:14:43","guid":{"rendered":"http:\/\/senar.agropecuaria.ws\/?page_id=490"},"modified":"2016-11-28T16:14:43","modified_gmt":"2016-11-28T18:14:43","slug":"suinocultura","status":"publish","type":"page","link":"https:\/\/www.sistemafaeal.org.br\/senar\/atuacao\/formacao-profissional-rural\/cursos\/suinocultura\/","title":{"rendered":"Suinocultura"},"content":{"rendered":"<p style=\"text-align: justify;\"><strong>Objetivo: <\/strong>Capacitar o produtor rural com t\u00e9cnicas adequadas no manejo de su\u00ednos.<\/p>\n<p style=\"text-align: justify;\"><strong>Justificativa: <\/strong>Fornece conhecimentos sobre manejo adequado de su\u00ednos, para aperfei\u00e7oar a produ\u00e7\u00e3o.<\/p>\n<p style=\"text-align: justify;\"><strong>Conte\u00fado Program\u00e1tico:<\/strong><\/p>\n<p style=\"text-align: justify;\">&#8211; Acordo de conviv\u00eancia<\/p>\n<p style=\"text-align: justify;\">&#8211; Apresenta\u00e7\u00e3o do SENAR<\/p>\n<p style=\"text-align: justify;\">&#8211; Higiene pessoal, ambiente, equipamentos<\/p>\n<p style=\"text-align: justify;\">&#8211; Educa\u00e7\u00e3o Ambiental (Lei n\u00ba. 9.795 de 27\/04\/1999).<\/p>\n<p style=\"text-align: justify;\">&#8211; Reprodu\u00e7\u00e3o<\/p>\n<p style=\"text-align: justify;\">&#8211; Alimenta\u00e7\u00e3o dos reprodutores<\/p>\n<p style=\"text-align: justify;\">&#8211; Manejo dos leit\u00f5es<\/p>\n<p style=\"text-align: justify;\">&#8211; Cuidados no parto<\/p>\n<p style=\"text-align: justify;\">&#8211; Identifica\u00e7\u00e3o<\/p>\n<p style=\"text-align: justify;\">&#8211; Manejo na creche<\/p>\n<p style=\"text-align: justify;\">&#8211; Termina\u00e7\u00e3o e abate<\/p>\n<p style=\"text-align: justify;\">&#8211; Crit\u00e9rios para sele\u00e7\u00e3o das f\u00eameas e de reprodutores<\/p>\n<p style=\"text-align: justify;\">-Instala\u00e7\u00f5es<\/p>\n<p style=\"text-align: justify;\">&#8211; Controle sanit\u00e1rio<\/p>\n<p style=\"text-align: justify;\">&#8211; Aplica\u00e7\u00e3o de vacinas e medicamentos<\/p>\n<p style=\"text-align: justify;\">&#8211; Comercializa\u00e7\u00e3o<\/p>\n<p style=\"text-align: justify;\">&#8211; Avalia\u00e7\u00f5es<\/p>\n<p style=\"text-align: justify;\"><strong>Carga hor\u00e1ria:<\/strong> 24 horas<\/p>\n<p style=\"text-align: justify;\"><strong>Participantes:<\/strong> m\u00ednimo 15, m\u00e1ximo 18.<\/p>\n<p style=\"text-align: justify;\"><strong>Pr\u00e9-Requisitos: Ser alfabetizado; N\u00e3o ser totalmente incapaz e ter idade m\u00ednima de 18 anos. <\/strong><\/p>\n","protected":false},"excerpt":{"rendered":"<p>Objetivo: Capacitar o produtor rural com t\u00e9cnicas adequadas no manejo de su\u00ednos. Justificativa: Fornece conhecimentos sobre manejo adequado de su\u00ednos, para aperfei\u00e7oar a produ\u00e7\u00e3o. Conte\u00fado Program\u00e1tico: &#8211; Acordo de conviv\u00eancia &#8211; Apresenta\u00e7\u00e3o do SENAR &#8211; Higiene pessoal, ambiente, equipamentos &#8211; Educa\u00e7\u00e3o Ambiental (Lei n\u00ba. 9.795 de 27\/04\/1999). &#8211; Reprodu\u00e7\u00e3o &#8211; Alimenta\u00e7\u00e3o dos reprodutores &#8211; Manejo [&hellip;]<\/p>\n","protected":false},"author":1,"featured_media":0,"parent":220,"menu_order":0,"comment_status":"closed","ping_status":"closed","template":"","meta":{"footnotes":""},"class_list":["post-490","page","type-page","status-publish","hentry"],"_links":{"self":[{"href":"https:\/\/www.sistemafaeal.org.br\/senar\/wp-json\/wp\/v2\/pages\/490","targetHints":{"allow":["GET"]}}],"collection":[{"href":"https:\/\/www.sistemafaeal.org.br\/senar\/wp-json\/wp\/v2\/pages"}],"about":[{"href":"https:\/\/www.sistemafaeal.org.br\/senar\/wp-json\/wp\/v2\/types\/page"}],"author":[{"embeddable":true,"href":"https:\/\/www.sistemafaeal.org.br\/senar\/wp-json\/wp\/v2\/users\/1"}],"replies":[{"embeddable":true,"href":"https:\/\/www.sistemafaeal.org.br\/senar\/wp-json\/wp\/v2\/comments?post=490"}],"version-history":[{"count":0,"href":"https:\/\/www.sistemafaeal.org.br\/senar\/wp-json\/wp\/v2\/pages\/490\/revisions"}],"up":[{"embeddable":true,"href":"https:\/\/www.sistemafaeal.org.br\/senar\/wp-json\/wp\/v2\/pages\/220"}],"wp:attachment":[{"href":"https:\/\/www.sistemafaeal.org.br\/senar\/wp-json\/wp\/v2\/media?parent=490"}],"curies":[{"name":"wp","href":"https:\/\/api.w.org\/{rel}","templated":true}]}}