{"id":540,"date":"2016-11-28T17:02:19","date_gmt":"2016-11-28T19:02:19","guid":{"rendered":"http:\/\/senar.agropecuaria.ws\/?page_id=540"},"modified":"2016-11-28T17:02:19","modified_gmt":"2016-11-28T19:02:19","slug":"artesanato-fibra-de-bananeira","status":"publish","type":"page","link":"https:\/\/www.sistemafaeal.org.br\/senar\/atuacao\/promocao-social\/programas\/artesanato-fibra-de-bananeira\/","title":{"rendered":"Artesanato Fibra de Bananeira"},"content":{"rendered":"<p><strong>Objetivo:<\/strong> Capacitar fam\u00edlias rurais na confec\u00e7\u00e3o de Produtos Artesanais com Fibra de Bananeira, buscando elevar a auto-estima e a valoriza\u00e7\u00e3o pessoal.<\/p>\n<p><strong>Requisitos: <\/strong><\/p>\n<ul>\n<li>Ter condi\u00e7\u00f5es f\u00edsicas e mentais para o exerc\u00edcio de ocupa\u00e7\u00e3o<\/li>\n<li>Ter interesse na atividade como fonte de renda<\/li>\n<li>Ter idade m\u00ednima de 18 anos<\/li>\n<li>Ser Alfabetizado<\/li>\n<\/ul>\n<p><strong>Carga Hor\u00e1ria:<\/strong> 32 horas<\/p>\n","protected":false},"excerpt":{"rendered":"<p>Objetivo: Capacitar fam\u00edlias rurais na confec\u00e7\u00e3o de Produtos Artesanais com Fibra de Bananeira, buscando elevar a auto-estima e a valoriza\u00e7\u00e3o pessoal. Requisitos: Ter condi\u00e7\u00f5es f\u00edsicas e mentais para o exerc\u00edcio de ocupa\u00e7\u00e3o Ter interesse na atividade como fonte de renda Ter idade m\u00ednima de 18 anos Ser Alfabetizado Carga Hor\u00e1ria: 32 horas<\/p>\n","protected":false},"author":1,"featured_media":0,"parent":232,"menu_order":0,"comment_status":"closed","ping_status":"closed","template":"","meta":{"footnotes":""},"class_list":["post-540","page","type-page","status-publish","hentry"],"_links":{"self":[{"href":"https:\/\/www.sistemafaeal.org.br\/senar\/wp-json\/wp\/v2\/pages\/540","targetHints":{"allow":["GET"]}}],"collection":[{"href":"https:\/\/www.sistemafaeal.org.br\/senar\/wp-json\/wp\/v2\/pages"}],"about":[{"href":"https:\/\/www.sistemafaeal.org.br\/senar\/wp-json\/wp\/v2\/types\/page"}],"author":[{"embeddable":true,"href":"https:\/\/www.sistemafaeal.org.br\/senar\/wp-json\/wp\/v2\/users\/1"}],"replies":[{"embeddable":true,"href":"https:\/\/www.sistemafaeal.org.br\/senar\/wp-json\/wp\/v2\/comments?post=540"}],"version-history":[{"count":0,"href":"https:\/\/www.sistemafaeal.org.br\/senar\/wp-json\/wp\/v2\/pages\/540\/revisions"}],"up":[{"embeddable":true,"href":"https:\/\/www.sistemafaeal.org.br\/senar\/wp-json\/wp\/v2\/pages\/232"}],"wp:attachment":[{"href":"https:\/\/www.sistemafaeal.org.br\/senar\/wp-json\/wp\/v2\/media?parent=540"}],"curies":[{"name":"wp","href":"https:\/\/api.w.org\/{rel}","templated":true}]}}