{"id":545,"date":"2016-11-28T17:04:36","date_gmt":"2016-11-28T19:04:36","guid":{"rendered":"http:\/\/senar.agropecuaria.ws\/?page_id=545"},"modified":"2016-11-28T17:04:36","modified_gmt":"2016-11-28T19:04:36","slug":"artesanato-bijuteria","status":"publish","type":"page","link":"https:\/\/www.sistemafaeal.org.br\/senar\/atuacao\/promocao-social\/programas\/artesanato-bijuteria\/","title":{"rendered":"Artesanato Bijuteria"},"content":{"rendered":"<p><strong>Objetivo:<\/strong> Capacitar fam\u00edlias rurais na fabrica\u00e7\u00e3o de bijuteria, proporcionando-lhes melhoria de renda<\/p>\n<p><strong>Requisitos: <\/strong><\/p>\n<ul>\n<li>Ter condi\u00e7\u00f5es f\u00edsicas e mentais para o exerc\u00edcio de ocupa\u00e7\u00e3o<\/li>\n<li>Ter interesse na atividade como fonte de renda<\/li>\n<li>Ter idade m\u00ednima de 18 anos<\/li>\n<li>Ser Alfabetizado<\/li>\n<\/ul>\n<p><strong>Carga Hor\u00e1ria:<\/strong> 24 horas<\/p>\n","protected":false},"excerpt":{"rendered":"<p>Objetivo: Capacitar fam\u00edlias rurais na fabrica\u00e7\u00e3o de bijuteria, proporcionando-lhes melhoria de renda Requisitos: Ter condi\u00e7\u00f5es f\u00edsicas e mentais para o exerc\u00edcio de ocupa\u00e7\u00e3o Ter interesse na atividade como fonte de renda Ter idade m\u00ednima de 18 anos Ser Alfabetizado Carga Hor\u00e1ria: 24 horas<\/p>\n","protected":false},"author":1,"featured_media":0,"parent":232,"menu_order":0,"comment_status":"closed","ping_status":"closed","template":"","meta":{"footnotes":""},"class_list":["post-545","page","type-page","status-publish","hentry"],"_links":{"self":[{"href":"https:\/\/www.sistemafaeal.org.br\/senar\/wp-json\/wp\/v2\/pages\/545","targetHints":{"allow":["GET"]}}],"collection":[{"href":"https:\/\/www.sistemafaeal.org.br\/senar\/wp-json\/wp\/v2\/pages"}],"about":[{"href":"https:\/\/www.sistemafaeal.org.br\/senar\/wp-json\/wp\/v2\/types\/page"}],"author":[{"embeddable":true,"href":"https:\/\/www.sistemafaeal.org.br\/senar\/wp-json\/wp\/v2\/users\/1"}],"replies":[{"embeddable":true,"href":"https:\/\/www.sistemafaeal.org.br\/senar\/wp-json\/wp\/v2\/comments?post=545"}],"version-history":[{"count":0,"href":"https:\/\/www.sistemafaeal.org.br\/senar\/wp-json\/wp\/v2\/pages\/545\/revisions"}],"up":[{"embeddable":true,"href":"https:\/\/www.sistemafaeal.org.br\/senar\/wp-json\/wp\/v2\/pages\/232"}],"wp:attachment":[{"href":"https:\/\/www.sistemafaeal.org.br\/senar\/wp-json\/wp\/v2\/media?parent=545"}],"curies":[{"name":"wp","href":"https:\/\/api.w.org\/{rel}","templated":true}]}}