{"id":547,"date":"2016-11-28T17:05:07","date_gmt":"2016-11-28T19:05:07","guid":{"rendered":"http:\/\/senar.agropecuaria.ws\/?page_id=547"},"modified":"2016-11-28T17:05:07","modified_gmt":"2016-11-28T19:05:07","slug":"artesanato-biscuit","status":"publish","type":"page","link":"https:\/\/www.sistemafaeal.org.br\/senar\/atuacao\/promocao-social\/programas\/artesanato-biscuit\/","title":{"rendered":"Artesanato Biscuit"},"content":{"rendered":"<p style=\"text-align: justify;\"><strong>Objetivo:<\/strong> Capacitar fam\u00edlias rurais nas t\u00e9cnicas do Artesanato Biscuit, a fim de que possam adquirir habilidade na confec\u00e7\u00e3o do produto artesanal como complemento da atividade b\u00e1sica, alcan\u00e7ando melhores condi\u00e7\u00f5es de vida para si e sua fam\u00edlia.<\/p>\n<p style=\"text-align: justify;\"><strong>Requisitos: <\/strong><\/p>\n<ul style=\"text-align: justify;\">\n<li>Ter condi\u00e7\u00f5es f\u00edsicas e mentais para o exerc\u00edcio de ocupa\u00e7\u00e3o<\/li>\n<li>Ter interesse na atividade como fonte de renda<\/li>\n<li>Ter idade m\u00ednima de 18 anos<\/li>\n<li>Ser Alfabetizado<\/li>\n<\/ul>\n<p style=\"text-align: justify;\"><strong>Carga Hor\u00e1ria:<\/strong> 24 horas<\/p>\n","protected":false},"excerpt":{"rendered":"<p>Objetivo: Capacitar fam\u00edlias rurais nas t\u00e9cnicas do Artesanato Biscuit, a fim de que possam adquirir habilidade na confec\u00e7\u00e3o do produto artesanal como complemento da atividade b\u00e1sica, alcan\u00e7ando melhores condi\u00e7\u00f5es de vida para si e sua fam\u00edlia. Requisitos: Ter condi\u00e7\u00f5es f\u00edsicas e mentais para o exerc\u00edcio de ocupa\u00e7\u00e3o Ter interesse na atividade como fonte de renda [&hellip;]<\/p>\n","protected":false},"author":1,"featured_media":0,"parent":232,"menu_order":0,"comment_status":"closed","ping_status":"closed","template":"","meta":{"footnotes":""},"class_list":["post-547","page","type-page","status-publish","hentry"],"_links":{"self":[{"href":"https:\/\/www.sistemafaeal.org.br\/senar\/wp-json\/wp\/v2\/pages\/547","targetHints":{"allow":["GET"]}}],"collection":[{"href":"https:\/\/www.sistemafaeal.org.br\/senar\/wp-json\/wp\/v2\/pages"}],"about":[{"href":"https:\/\/www.sistemafaeal.org.br\/senar\/wp-json\/wp\/v2\/types\/page"}],"author":[{"embeddable":true,"href":"https:\/\/www.sistemafaeal.org.br\/senar\/wp-json\/wp\/v2\/users\/1"}],"replies":[{"embeddable":true,"href":"https:\/\/www.sistemafaeal.org.br\/senar\/wp-json\/wp\/v2\/comments?post=547"}],"version-history":[{"count":0,"href":"https:\/\/www.sistemafaeal.org.br\/senar\/wp-json\/wp\/v2\/pages\/547\/revisions"}],"up":[{"embeddable":true,"href":"https:\/\/www.sistemafaeal.org.br\/senar\/wp-json\/wp\/v2\/pages\/232"}],"wp:attachment":[{"href":"https:\/\/www.sistemafaeal.org.br\/senar\/wp-json\/wp\/v2\/media?parent=547"}],"curies":[{"name":"wp","href":"https:\/\/api.w.org\/{rel}","templated":true}]}}