{"id":577,"date":"2016-11-28T17:13:07","date_gmt":"2016-11-28T19:13:07","guid":{"rendered":"http:\/\/senar.agropecuaria.ws\/?page_id=577"},"modified":"2016-11-28T17:13:07","modified_gmt":"2016-11-28T19:13:07","slug":"associativismo","status":"publish","type":"page","link":"https:\/\/www.sistemafaeal.org.br\/senar\/atuacao\/promocao-social\/programas\/associativismo\/","title":{"rendered":"Associativismo"},"content":{"rendered":"<p><strong>Objetivo:<\/strong> Capacitar fam\u00edlias rurais em organiza\u00e7\u00e3o comunitaria, visando forma\u00e7\u00e3o de associa\u00e7\u00f5es de produ\u00e7\u00e3o de bens e\/ou servi\u00e7os.<\/p>\n<p><strong>Requisitos: <\/strong><\/p>\n<ul>\n<li>Ter condi\u00e7\u00f5es f\u00edsicas e mentais para o exerc\u00edcio de ocupa\u00e7\u00e3o<\/li>\n<li>Ser produtor (a) ou trabalhador (a) rural<\/li>\n<li>Ter idade m\u00ednima de 18 anos<\/li>\n<li>Ser Alfabetizado<\/li>\n<\/ul>\n<p><strong>Carga Hor\u00e1ria:<\/strong> 24 horas<\/p>\n","protected":false},"excerpt":{"rendered":"<p>Objetivo: Capacitar fam\u00edlias rurais em organiza\u00e7\u00e3o comunitaria, visando forma\u00e7\u00e3o de associa\u00e7\u00f5es de produ\u00e7\u00e3o de bens e\/ou servi\u00e7os. Requisitos: Ter condi\u00e7\u00f5es f\u00edsicas e mentais para o exerc\u00edcio de ocupa\u00e7\u00e3o Ser produtor (a) ou trabalhador (a) rural Ter idade m\u00ednima de 18 anos Ser Alfabetizado Carga Hor\u00e1ria: 24 horas<\/p>\n","protected":false},"author":1,"featured_media":0,"parent":232,"menu_order":0,"comment_status":"closed","ping_status":"closed","template":"","meta":{"footnotes":""},"class_list":["post-577","page","type-page","status-publish","hentry"],"_links":{"self":[{"href":"https:\/\/www.sistemafaeal.org.br\/senar\/wp-json\/wp\/v2\/pages\/577","targetHints":{"allow":["GET"]}}],"collection":[{"href":"https:\/\/www.sistemafaeal.org.br\/senar\/wp-json\/wp\/v2\/pages"}],"about":[{"href":"https:\/\/www.sistemafaeal.org.br\/senar\/wp-json\/wp\/v2\/types\/page"}],"author":[{"embeddable":true,"href":"https:\/\/www.sistemafaeal.org.br\/senar\/wp-json\/wp\/v2\/users\/1"}],"replies":[{"embeddable":true,"href":"https:\/\/www.sistemafaeal.org.br\/senar\/wp-json\/wp\/v2\/comments?post=577"}],"version-history":[{"count":0,"href":"https:\/\/www.sistemafaeal.org.br\/senar\/wp-json\/wp\/v2\/pages\/577\/revisions"}],"up":[{"embeddable":true,"href":"https:\/\/www.sistemafaeal.org.br\/senar\/wp-json\/wp\/v2\/pages\/232"}],"wp:attachment":[{"href":"https:\/\/www.sistemafaeal.org.br\/senar\/wp-json\/wp\/v2\/media?parent=577"}],"curies":[{"name":"wp","href":"https:\/\/api.w.org\/{rel}","templated":true}]}}